{"id":11742,"date":"2025-10-31T18:14:20","date_gmt":"2025-10-31T18:14:20","guid":{"rendered":"https:\/\/camp-zdovica.com\/impressum\/"},"modified":"2025-11-01T11:09:10","modified_gmt":"2025-11-01T11:09:10","slug":"impressum","status":"publish","type":"page","link":"https:\/\/camp-zdovica.com\/sl\/impressum\/","title":{"rendered":"Impressum"},"content":{"rendered":"<p>[et_pb_section fb_built=&#8221;1&#8243; _builder_version=&#8221;4.27.4&#8243; _module_preset=&#8221;default&#8221; background_color=&#8221;gcid-4abf9d1a-e699-4c6f-83f2-4facf985ad72&#8243; global_colors_info=&#8221;{%22gcid-4abf9d1a-e699-4c6f-83f2-4facf985ad72%22:%91%22background_color%22%93}&#8221;][et_pb_row column_structure=&#8221;1_2,1_2&#8243; _builder_version=&#8221;4.27.4&#8243; _module_preset=&#8221;default&#8221; global_colors_info=&#8221;{}&#8221;][et_pb_column type=&#8221;1_2&#8243; _builder_version=&#8221;4.27.4&#8243; _module_preset=&#8221;default&#8221; global_colors_info=&#8221;{}&#8221;][et_pb_text _builder_version=&#8221;4.27.4&#8243; _module_preset=&#8221;default&#8221; hover_enabled=&#8221;0&#8243; global_colors_info=&#8221;{}&#8221; sticky_enabled=&#8221;0&#8243;]<\/p>\n<h2>Impressum<\/h2>\n<\/p>\n<h4>Avtorji fotografij:<\/h4>\n<p>\u00a9 Avtor Petar K\u00fcrschner, na Hrva\u0161kem 2019 \u2013 2025<br \/>\n\u00a9 Avtor Walter Rekirsch, v Avstriji 2025.<br \/>\n\u00a9 Avtor Style Production, na Hrva\u0161kem 2019., 2022.<br \/>\n\u00a9 Avtor Robi Sabli\u0107, na Hrva\u0161kem 2024.<br \/>\n\u00a9 Avtor Avtokampi.si, v Sloveniji 2021.<br \/>\n\u00a9 Avtor Karmela Ma\u0161i\u010d, na Hrva\u0161kem 2020.<br \/>\n\u00a9 Avtor Nenad Marti\u0107, na Hrva\u0161kem 2018.<br \/>\n\u00a9 Avtor Aerocam, na Hrva\u0161kem 2015.<br \/>\n\u00a9 Avtor Cresanka d.d.<\/p>\n<h4>Avtorji videa<\/h4>\n<p>\u00a9 Avtor Style Production, na Hrva\u0161kem 2019., 2022.<\/p>\n<h4>Avtorji objav:<\/h4>\n<p>\u00a9 Avtor Cresanka d.d.<\/p>\n<h4>Oblikovanje in razvoj spletnih strani:<\/h4>\n<p>\u00a9 Avtor <a href=\"https:moonsafari.design\" target=\"_blank\" rel=\"noopener\" title=\"Moon Safari Design\">Moon Safari<\/a>[\/et_pb_text][\/et_pb_column][et_pb_column type=&#8221;1_2&#8243; _builder_version=&#8221;4.27.4&#8243; _module_preset=&#8221;default&#8221; global_colors_info=&#8221;{}&#8221;][et_pb_text _builder_version=&#8221;4.27.4&#8243; _module_preset=&#8221;default&#8221; hover_enabled=&#8221;0&#8243; global_colors_info=&#8221;{}&#8221; sticky_enabled=&#8221;0&#8243;]<\/p>\n<h2>Podtki o dru\u017ebi<\/h2>\n<\/p>\n<h4>Ime podjetja<\/h4>\n<p>Cresanka d.d. \u2013 Cresanka dioni\u010dko dru\u0161tvo za ugostiteljstvo, turizam i trgovinu<\/p>\n<p><strong>Mati\u010dna \u0161tevilka: <\/strong>3044122<br \/>\n<strong>OIB (osebna identifikacijska \u0161tevilka):<\/strong> 47639427219<br \/>\n<strong>Registrsko sodi\u0161\u010de:<\/strong> Trgova\u010dki sud u Rijeci<br \/>\n<strong>Sede\u017e:<\/strong> Cres (Grad Cres), Varozina 25<br \/>\n<strong>Pravnoorganizacijska oblika:<\/strong> Dioni\u010dko dru\u0161tvo<br \/>\n<strong>Osnovni kapital:<\/strong> Osnovni kapital zna\u0161a 10.316.168,00 evrov in je v celoti vpla\u010dan; izdanih je 28.978 navadnih delnic, vsaka z nominalno vrednostjo 356,00 evrov.<br \/>\n<strong>\u017diro-ra\u010dun \u2013 IBAN:<\/strong> HR0824020061100386896 Erste Steierm\u00e4rkische bank d.d.<br \/>\n<strong>Predsednik nadzornega odbora:<\/strong> Lino Sin\u010di\u0107<br \/>\n<strong>\u010clani nadzornega odbora: <\/strong>Andretta Mario, Andretta Marco, Marchesan Francesco, Andretta Massimiliano<br \/>\n<strong>Oseba, poobla\u0161\u010dena za zastopanje: <\/strong>Stevo Filini\u0107[\/et_pb_text][\/et_pb_column][\/et_pb_row][\/et_pb_section]<\/p>\n","protected":false},"excerpt":{"rendered":"<p>Impressum Avtorji fotografij: \u00a9 Avtor Petar K\u00fcrschner, na Hrva\u0161kem 2019 \u2013 2025 \u00a9 Avtor Walter Rekirsch, v Avstriji 2025. \u00a9 Avtor Style Production, na Hrva\u0161kem 2019., 2022. \u00a9 Avtor Robi Sabli\u0107, na Hrva\u0161kem 2024. \u00a9 Avtor Avtokampi.si, v Sloveniji 2021. \u00a9 Avtor Karmela Ma\u0161i\u010d, na Hrva\u0161kem 2020. \u00a9 Avtor Nenad Marti\u0107, na Hrva\u0161kem 2018. \u00a9 Avtor Aerocam, na Hrva\u0161kem 2015. \u00a9 Avtor Cresanka d.d. Avtorji videa \u00a9 Avtor Style Production, na Hrva\u0161kem 2019., 2022. Avtorji objav: \u00a9 Avtor Cresanka d.d. Oblikovanje in razvoj spletnih strani: \u00a9 Avtor Moon SafariPodtki o dru\u017ebi Ime podjetja Cresanka d.d. \u2013 Cresanka dioni\u010dko dru\u0161tvo za ugostiteljstvo, turizam i trgovinu Mati\u010dna \u0161tevilka: 3044122 OIB (osebna identifikacijska \u0161tevilka): 47639427219 Registrsko sodi\u0161\u010de: Trgova\u010dki sud u Rijeci Sede\u017e: Cres (Grad Cres), Varozina 25 Pravnoorganizacijska oblika: Dioni\u010dko dru\u0161tvo Osnovni kapital: Osnovni kapital zna\u0161a 10.316.168,00 evrov in je v celoti vpla\u010dan; izdanih je 28.978 navadnih delnic, vsaka z nominalno vrednostjo 356,00 evrov. \u017diro-ra\u010dun \u2013 IBAN: HR0824020061100386896 Erste Steierm\u00e4rkische bank d.d. Predsednik nadzornega odbora: Lino Sin\u010di\u0107 \u010clani nadzornega odbora: Andretta Mario, Andretta Marco, Marchesan Francesco, Andretta Massimiliano Oseba, poobla\u0161\u010dena za zastopanje: Stevo Filini\u0107<\/p>\n","protected":false},"author":1,"featured_media":0,"parent":0,"menu_order":0,"comment_status":"closed","ping_status":"closed","template":"","meta":{"_et_pb_use_builder":"on","_et_pb_old_content":"","_et_gb_content_width":"","footnotes":""},"class_list":["post-11742","page","type-page","status-publish","hentry"],"_links":{"self":[{"href":"https:\/\/camp-zdovica.com\/sl\/wp-json\/wp\/v2\/pages\/11742","targetHints":{"allow":["GET"]}}],"collection":[{"href":"https:\/\/camp-zdovica.com\/sl\/wp-json\/wp\/v2\/pages"}],"about":[{"href":"https:\/\/camp-zdovica.com\/sl\/wp-json\/wp\/v2\/types\/page"}],"author":[{"embeddable":true,"href":"https:\/\/camp-zdovica.com\/sl\/wp-json\/wp\/v2\/users\/1"}],"replies":[{"embeddable":true,"href":"https:\/\/camp-zdovica.com\/sl\/wp-json\/wp\/v2\/comments?post=11742"}],"version-history":[{"count":0,"href":"https:\/\/camp-zdovica.com\/sl\/wp-json\/wp\/v2\/pages\/11742\/revisions"}],"wp:attachment":[{"href":"https:\/\/camp-zdovica.com\/sl\/wp-json\/wp\/v2\/media?parent=11742"}],"curies":[{"name":"wp","href":"https:\/\/api.w.org\/{rel}","templated":true}]}}