{"id":10670,"date":"2022-03-10T14:07:11","date_gmt":"2022-03-10T14:07:11","guid":{"rendered":"https:\/\/camp-zdovica.com\/posebne-ponudbe\/"},"modified":"2022-04-15T11:00:13","modified_gmt":"2022-04-15T11:00:13","slug":"posebne-ponudbe","status":"publish","type":"page","link":"https:\/\/camp-zdovica.com\/sl\/posebne-ponudbe\/","title":{"rendered":"Posebne ponudbe"},"content":{"rendered":"<p>[et_pb_section fb_built=&#8221;1&#8243; custom_padding_last_edited=&#8221;on|phone&#8221; admin_label=&#8221;Section: Ostanite jo\u0161 jedan dan&#8221; _builder_version=&#8221;4.15&#8243; _module_preset=&#8221;default&#8221; background_color=&#8221;RGBA(255,255,255,0)&#8221; background_image=&#8221;https:\/\/camp-zdovica.com\/wp-content\/uploads\/2022\/03\/poklanjamo-sedmu-noc-kamp-zdovica-valun-cres-1.webp&#8221; background_position=&#8221;bottom_center&#8221; height=&#8221;800px&#8221; height_tablet=&#8221;800px&#8221; height_phone=&#8221;&#8221; height_last_edited=&#8221;on|phone&#8221; custom_margin_tablet=&#8221;&#8221; custom_margin_phone=&#8221;||0px||false|false&#8221; custom_margin_last_edited=&#8221;on|phone&#8221; custom_padding=&#8221;0px||||false|false&#8221; custom_padding_tablet=&#8221;0px||||false|false&#8221; custom_padding_phone=&#8221;||0px||false|false&#8221; background_last_edited=&#8221;on|phone&#8221; background_enable_image_phone=&#8221;off&#8221; border_color_right=&#8221;gcid-ea88d038-4ddb-4dbc-b07b-4bf60cb61781&#8243; border_width_bottom=&#8221;50px&#8221; border_color_bottom=&#8221;gcid-ea88d038-4ddb-4dbc-b07b-4bf60cb61781&#8243; border_width_left=&#8221;50px&#8221; border_color_left=&#8221;gcid-ea88d038-4ddb-4dbc-b07b-4bf60cb61781&#8243; border_width_left_tablet=&#8221;50px&#8221; border_width_left_phone=&#8221;0px&#8221; border_width_left_last_edited=&#8221;on|phone&#8221; collapsed=&#8221;on&#8221; global_colors_info=&#8221;{%22gcid-ea88d038-4ddb-4dbc-b07b-4bf60cb61781%22:%91%22border_color_right%22,%22border_color_bottom%22,%22border_color_left%22%93}&#8221;][et_pb_row custom_padding_last_edited=&#8221;on|phone&#8221; admin_label=&#8221;Row: Naslov&#8221; _builder_version=&#8221;4.15.1&#8243; _module_preset=&#8221;default&#8221; background_enable_color=&#8221;off&#8221; width=&#8221;33%&#8221; width_tablet=&#8221;100%&#8221; width_phone=&#8221;80%&#8221; width_last_edited=&#8221;on|phone&#8221; module_alignment=&#8221;left&#8221; custom_padding=&#8221;50px|50px|50px|50px|true|true&#8221; custom_padding_tablet=&#8221;50px|50px||50px|false|true&#8221; custom_padding_phone=&#8221;25px|0px||0px|false|true&#8221; module_alignment_tablet=&#8221;left&#8221; module_alignment_phone=&#8221;center&#8221; module_alignment_last_edited=&#8221;on|phone&#8221; global_colors_info=&#8221;{%22gcid-ea88d038-4ddb-4dbc-b07b-4bf60cb61781%22:%91%22background_color%22%93}&#8221;][et_pb_column type=&#8221;4_4&#8243; admin_label=&#8221;Column: Naslov&#8221; _builder_version=&#8221;4.15&#8243; _module_preset=&#8221;default&#8221; global_colors_info=&#8221;{}&#8221;][et_pb_text _builder_version=&#8221;4.15&#8243; _module_preset=&#8221;default&#8221; global_colors_info=&#8221;{}&#8221;]<mark>Posebne ponudbe<\/mark>[\/et_pb_text][et_pb_text admin_label=&#8221;Text: Naslov&#8221; _builder_version=&#8221;4.15&#8243; _module_preset=&#8221;default&#8221; header_2_font=&#8221;|300|||||||&#8221; header_2_text_color=&#8221;gcid-ea88d038-4ddb-4dbc-b07b-4bf60cb61781&#8243; header_2_line_height=&#8221;1.2em&#8221; header_2_text_color_tablet=&#8221;gcid-ea88d038-4ddb-4dbc-b07b-4bf60cb61781&#8243; header_2_text_color_phone=&#8221;gcid-07104418-952e-40b4-8ff3-d433966dcd17&#8243; header_2_text_color_last_edited=&#8221;on|phone&#8221; header_2_font_size_tablet=&#8221;&#8221; header_2_font_size_phone=&#8221;2.5em&#8221; header_2_font_size_last_edited=&#8221;on|phone&#8221; global_colors_info=&#8221;{%22gcid-ea88d038-4ddb-4dbc-b07b-4bf60cb61781%22:%91%22header_2_text_color%22%93,%22gcid-07104418-952e-40b4-8ff3-d433966dcd17%22:%91%22header_2_text_color_phone%22%93}&#8221;]<\/p>\n<h2>Ostanite \u0161e en dan! Podarimo vam vsako 7. no\u010ditev v kampu.<\/h2>\n<p>[\/et_pb_text][\/et_pb_column][\/et_pb_row][et_pb_row disabled_on=&#8221;off|on|on&#8221; _builder_version=&#8221;4.15&#8243; _module_preset=&#8221;default&#8221; width=&#8221;100%&#8221; custom_padding=&#8221;0px||0px||true|false&#8221; global_colors_info=&#8221;{}&#8221;][et_pb_column type=&#8221;4_4&#8243; _builder_version=&#8221;4.15&#8243; _module_preset=&#8221;default&#8221; global_colors_info=&#8221;{}&#8221;][et_pb_image src=&#8221;https:\/\/camp-zdovica.com\/wp-content\/uploads\/2022\/03\/poklanjamo-sedmu-noc-kamp-zdovica-valun-cres-m.webp&#8221; alt=&#8221;Podarimo vam vsako 7. no\u010ditev v kampu Zdovica, Valun, Cres -m&#8221; title_text=&#8221;Podarimo vam vsako 7. no\u010ditev v kampu Zdovica, Valun, Cres -m&#8221; _builder_version=&#8221;4.15&#8243; _module_preset=&#8221;default&#8221; global_colors_info=&#8221;{}&#8221;][\/et_pb_image][\/et_pb_column][\/et_pb_row][et_pb_row admin_label=&#8221;Row: Opis&#8221; _builder_version=&#8221;4.15.1&#8243; _module_preset=&#8221;default&#8221; background_enable_color=&#8221;off&#8221; use_background_color_gradient=&#8221;on&#8221; background_color_gradient_start=&#8221;gcid-ea88d038-4ddb-4dbc-b07b-4bf60cb61781&#8243; background_color_gradient_end=&#8221;gcid-ebae894c-28c5-44dd-ae59-b923dfb58089&#8243; background_color_gradient_direction=&#8221;90deg&#8221; vertical_offset=&#8221;-50px&#8221; z_index=&#8221;10&#8243; width=&#8221;33%&#8221; width_tablet=&#8221;80%&#8221; width_phone=&#8221;90%&#8221; width_last_edited=&#8221;on|phone&#8221; module_alignment=&#8221;left&#8221; custom_margin=&#8221;||||false|false&#8221; custom_padding=&#8221;50px|50px|50px|50px|true|true&#8221; module_alignment_tablet=&#8221;left&#8221; module_alignment_phone=&#8221;center&#8221; module_alignment_last_edited=&#8221;on|phone&#8221; box_shadow_style=&#8221;preset2&#8243; box_shadow_horizontal=&#8221;20px&#8221; box_shadow_horizontal_tablet=&#8221;20px&#8221; box_shadow_horizontal_phone=&#8221;0px&#8221; box_shadow_horizontal_last_edited=&#8221;on|phone&#8221; box_shadow_vertical_tablet=&#8221;&#8221; box_shadow_vertical_phone=&#8221;-20px&#8221; box_shadow_vertical_last_edited=&#8221;on|phone&#8221; global_colors_info=&#8221;{%22gcid-ea88d038-4ddb-4dbc-b07b-4bf60cb61781%22:%91%22background_color%22,%22colorStart%22%93,%22gcid-ebae894c-28c5-44dd-ae59-b923dfb58089%22:%91%22colorEnd%22%93}&#8221;][et_pb_column type=&#8221;4_4&#8243; admin_label=&#8221;Column: Opis&#8221; _builder_version=&#8221;4.15&#8243; _module_preset=&#8221;default&#8221; global_colors_info=&#8221;{}&#8221;][et_pb_text admin_label=&#8221;Text: Opis&#8221; _builder_version=&#8221;4.15.1&#8243; _module_preset=&#8221;default&#8221; global_colors_info=&#8221;{}&#8221;]o enkrat obi\u0161\u010de\u0161 otok, ga je te\u017eko zapustiti, vemo. Prav zato vam v obdobju do 2.7. 2022 in od 3.9. do 18.9. 2022 podarimo vsako sedmo no\u010ditev. \u010ce boste bivali 7 no\u010di, jih boste pla\u010dali samo 6, \u010de pa boste v kampu Zdovica pre\u017eiveli 14 no\u010di, jih boste pla\u010dali samo 12.<\/p>\n<p><em><strong>Od oddiha za du\u0161o in telo vas lo\u010di samo en klik.<\/strong><\/em>[\/et_pb_text][\/et_pb_column][\/et_pb_row][\/et_pb_section][et_pb_section fb_built=&#8221;1&#8243; admin_label=&#8221;Section: Mnenja&#8221; _builder_version=&#8221;4.15&#8243; _module_preset=&#8221;default&#8221; background_color=&#8221;gcid-41642ab2-c5f2-4464-83fa-3df07ebbaecd&#8221; background_image=&#8221;https:\/\/camp-zdovica.com\/wp-content\/uploads\/2022\/03\/recenzije-kamp-zdovica-valun-cres.webp&#8221; background_blend=&#8221;multiply&#8221; custom_margin=&#8221;|50px||50px|false|true&#8221; custom_margin_tablet=&#8221;|50px||50px|false|true&#8221; custom_margin_phone=&#8221;|0px||0px|false|true&#8221; custom_margin_last_edited=&#8221;on|phone&#8221; locked=&#8221;off&#8221; collapsed=&#8221;on&#8221; global_colors_info=&#8221;{%22gcid-41642ab2-c5f2-4464-83fa-3df07ebbaecd%22:%91%22background_color%22%93}&#8221; theme_builder_area=&#8221;post_content&#8221;][et_pb_row _builder_version=&#8221;4.15&#8243; _module_preset=&#8221;default&#8221; global_colors_info=&#8221;{}&#8221; theme_builder_area=&#8221;post_content&#8221;][et_pb_column type=&#8221;4_4&#8243; _builder_version=&#8221;4.15&#8243; _module_preset=&#8221;default&#8221; global_colors_info=&#8221;{}&#8221; theme_builder_area=&#8221;post_content&#8221;][et_pb_text _builder_version=&#8221;4.15&#8243; _module_preset=&#8221;default&#8221; text_text_color=&#8221;gcid-ea88d038-4ddb-4dbc-b07b-4bf60cb61781&#8243; header_text_color=&#8221;gcid-ea88d038-4ddb-4dbc-b07b-4bf60cb61781&#8243; header_2_text_align=&#8221;center&#8221; header_2_text_color=&#8221;gcid-ea88d038-4ddb-4dbc-b07b-4bf60cb61781&#8243; header_5_text_align=&#8221;center&#8221; header_5_text_color=&#8221;gcid-ea88d038-4ddb-4dbc-b07b-4bf60cb61781&#8243; global_colors_info=&#8221;{%22gcid-ea88d038-4ddb-4dbc-b07b-4bf60cb61781%22:%91%22text_text_color%22,%22header_text_color%22,%22header_2_text_color%22,%22header_5_text_color%22%93}&#8221; theme_builder_area=&#8221;post_content&#8221;]<\/p>\n<h2>Mnenja<\/h2>\n<h5>O nas \u2013 kaj pravijo na\u0161i gostjeu<\/h5>\n<p>[\/et_pb_text][et_pb_slider _builder_version=&#8221;4.15.1&#8243; _module_preset=&#8221;default&#8221; body_font_size=&#8221;20px&#8221; body_line_height=&#8221;1.8em&#8221; background_color=&#8221;RGBA(255,255,255,0)&#8221; global_colors_info=&#8221;{}&#8221; theme_builder_area=&#8221;post_content&#8221;][et_pb_slide _builder_version=&#8221;4.15.1&#8243; _module_preset=&#8221;default&#8221; hover_enabled=&#8221;0&#8243; global_colors_info=&#8221;{}&#8221; sticky_transition=&#8221;on&#8221; theme_builder_area=&#8221;post_content&#8221; sticky_enabled=&#8221;0&#8243;]<img loading=\"lazy\" decoding=\"async\" class=\"wp-image-17738 size-full aligncenter\" src=\"https:\/\/kovacine.moonsafari.design\/wp-content\/uploads\/2021\/07\/Recenzije-O-nama\u2013iz-perspektive-gostiju_stars-Kamp-Kovacine.png\" alt=\"\" width=\"142\" height=\"25\" \/><\/p>\n<p>Miren in varen kamp. Majhno mestece z osnovnimi potreb\u0161\u010dinami.\u200b\u200b<\/p>\n<p><span class=\"author_name\"><em> Urkosan <\/em><\/span><br \/>\n<span class=\"author_position\">Slovenia <\/span>[\/et_pb_slide][et_pb_slide _builder_version=&#8221;4.15.1&#8243; _module_preset=&#8221;default&#8221; global_colors_info=&#8221;{}&#8221; sticky_transition=&#8221;on&#8221; theme_builder_area=&#8221;post_content&#8221;]<img loading=\"lazy\" decoding=\"async\" class=\"wp-image-17738 size-full aligncenter\" src=\"https:\/\/kovacine.moonsafari.design\/wp-content\/uploads\/2021\/07\/Recenzije-O-nama\u2013iz-perspektive-gostiju_stars-Kamp-Kovacine.png\" alt=\"\" width=\"142\" height=\"25\" \/><\/p>\n<p>Za tiste ki radi sli\u0161ijo ti\u0161ino&#8230;no ja,pa \u0161kr\u017eate.\u010dudovit kamp\u200b\u200b<\/p>\n<p><span class=\"author_name\"><em> anonymous <\/em><\/span><br \/>\n<span class=\"author_position\">Slovenia <\/span>[\/et_pb_slide][et_pb_slide _builder_version=&#8221;4.15.1&#8243; _module_preset=&#8221;default&#8221; global_colors_info=&#8221;{}&#8221; sticky_transition=&#8221;on&#8221; theme_builder_area=&#8221;post_content&#8221;]<img loading=\"lazy\" decoding=\"async\" class=\"wp-image-17738 size-full aligncenter\" src=\"https:\/\/kovacine.moonsafari.design\/wp-content\/uploads\/2021\/07\/Recenzije-O-nama\u2013iz-perspektive-gostiju_stars-Kamp-Kovacine.png\" alt=\"\" width=\"142\" height=\"25\" \/><\/p>\n<p>Smo bili v tem kampu ravno ta vikend (sicer smo si ga samo ogledali, kampirali smo druje) in lahko re\u010dem samo fenomenalno !!!!!\u2028\u010ce dobimo prosto parcelo se v ta kamp letos sigurno vrnemo.\u2028Kamp le\u017ei v krasni ribi\u0161ki vasici in ima kar nekaj mo\u017enosti lepih pla\u017e s samotnimi koti\u010dki, samo malo mora\u0161 biti iznajdljiv.<\/p>\n<p><span class=\"author_name\"><em>aleia<\/em><\/span><br \/>\n<span class=\"author_position\">Slovenia<\/span>[\/et_pb_slide][\/et_pb_slider][\/et_pb_column][\/et_pb_row][\/et_pb_section]<\/p>\n","protected":false},"excerpt":{"rendered":"<p>Posebne ponudbeOstanite \u0161e en dan! Podarimo vam vsako 7. no\u010ditev v kampu.o enkrat obi\u0161\u010de\u0161 otok, ga je te\u017eko zapustiti, vemo. Prav zato vam v obdobju do 2.7. 2022 in od 3.9. do 18.9. 2022 podarimo vsako sedmo no\u010ditev. \u010ce boste bivali 7 no\u010di, jih boste pla\u010dali samo 6, \u010de pa boste v kampu Zdovica pre\u017eiveli 14 no\u010di, jih boste pla\u010dali samo 12. Od oddiha za du\u0161o in telo vas lo\u010di samo en klik.Mnenja O nas \u2013 kaj pravijo na\u0161i gostjeu Miren in varen kamp. Majhno mestece z osnovnimi potreb\u0161\u010dinami.\u200b\u200b Urkosan Slovenia Za tiste ki radi sli\u0161ijo ti\u0161ino&#8230;no ja,pa \u0161kr\u017eate.\u010dudovit kamp\u200b\u200b anonymous Slovenia Smo bili v tem kampu ravno ta vikend (sicer smo si ga samo ogledali, kampirali smo druje) in lahko re\u010dem samo fenomenalno !!!!!\u2028\u010ce dobimo prosto parcelo se v ta kamp letos sigurno vrnemo.\u2028Kamp le\u017ei v krasni ribi\u0161ki vasici in ima kar nekaj mo\u017enosti lepih pla\u017e s samotnimi koti\u010dki, samo malo mora\u0161 biti iznajdljiv. aleia Slovenia<\/p>\n","protected":false},"author":1,"featured_media":0,"parent":0,"menu_order":0,"comment_status":"closed","ping_status":"closed","template":"","meta":{"_et_pb_use_builder":"on","_et_pb_old_content":"","_et_gb_content_width":"","footnotes":""},"class_list":["post-10670","page","type-page","status-publish","hentry"],"_links":{"self":[{"href":"https:\/\/camp-zdovica.com\/sl\/wp-json\/wp\/v2\/pages\/10670","targetHints":{"allow":["GET"]}}],"collection":[{"href":"https:\/\/camp-zdovica.com\/sl\/wp-json\/wp\/v2\/pages"}],"about":[{"href":"https:\/\/camp-zdovica.com\/sl\/wp-json\/wp\/v2\/types\/page"}],"author":[{"embeddable":true,"href":"https:\/\/camp-zdovica.com\/sl\/wp-json\/wp\/v2\/users\/1"}],"replies":[{"embeddable":true,"href":"https:\/\/camp-zdovica.com\/sl\/wp-json\/wp\/v2\/comments?post=10670"}],"version-history":[{"count":0,"href":"https:\/\/camp-zdovica.com\/sl\/wp-json\/wp\/v2\/pages\/10670\/revisions"}],"wp:attachment":[{"href":"https:\/\/camp-zdovica.com\/sl\/wp-json\/wp\/v2\/media?parent=10670"}],"curies":[{"name":"wp","href":"https:\/\/api.w.org\/{rel}","templated":true}]}}