{"id":10634,"date":"2022-03-10T14:08:24","date_gmt":"2022-03-10T14:08:24","guid":{"rendered":"https:\/\/camp-zdovica.com\/stik\/"},"modified":"2026-04-17T14:46:07","modified_gmt":"2026-04-17T14:46:07","slug":"stik","status":"publish","type":"page","link":"https:\/\/camp-zdovica.com\/sl\/stik\/","title":{"rendered":"Stik"},"content":{"rendered":"<p>[et_pb_section fb_built=&#8221;1&#8243; admin_label=&#8221;Section: Header&#8221; module_class=&#8221;dh-valign-center-section&#8221; _builder_version=&#8221;4.16&#8243; background_color=&#8221;gcid-41642ab2-c5f2-4464-83fa-3df07ebbaecd&#8221; background_image=&#8221;https:\/\/camp-zdovica.com\/wp-content\/uploads\/2022\/03\/Dobrodosli-u-kamp-zdovica-valun-cres.webp&#8221; background_blend=&#8221;multiply&#8221; height=&#8221;80vh&#8221; height_tablet=&#8221;80vh&#8221; height_phone=&#8221;60vh&#8221; height_last_edited=&#8221;on|phone&#8221; bottom_divider_style=&#8221;waves2&#8243; bottom_divider_color=&#8221;gcid-ea88d038-4ddb-4dbc-b07b-4bf60cb61781&#8243; bottom_divider_style_tablet=&#8221;waves2&#8243; bottom_divider_style_phone=&#8221;wave2&#8243; bottom_divider_style_last_edited=&#8221;on|phone&#8221; collapsed=&#8221;on&#8221; global_colors_info=&#8221;{%22gcid-ea88d038-4ddb-4dbc-b07b-4bf60cb61781%22:%91%22bottom_divider_color%22%93,%22gcid-41642ab2-c5f2-4464-83fa-3df07ebbaecd%22:%91%22background_color%22%93}&#8221;][\/et_pb_section][et_pb_section fb_built=&#8221;1&#8243; admin_label=&#8221;Section: Kontakt forma + Adrese&#8221; _builder_version=&#8221;4.16&#8243; _module_preset=&#8221;default&#8221; background_color=&#8221;RGBA(255,255,255,0)&#8221; z_index=&#8221;1&#8243; custom_margin=&#8221;-350px||||false|false&#8221; custom_padding=&#8221;0px||||false|false&#8221; collapsed=&#8221;off&#8221; global_colors_info=&#8221;{}&#8221;][et_pb_row custom_padding_last_edited=&#8221;on|phone&#8221; _builder_version=&#8221;4.16&#8243; _module_preset=&#8221;default&#8221; width_tablet=&#8221;&#8221; width_phone=&#8221;100%&#8221; width_last_edited=&#8221;on|phone&#8221; custom_padding=&#8221;50px|50px|50px|50px|false|true&#8221; custom_padding_tablet=&#8221;50px|50px|50px|50px|false|true&#8221; custom_padding_phone=&#8221;50px|50px|0px|50px|false|true&#8221; collapsed=&#8221;on&#8221; global_colors_info=&#8221;{}&#8221; width__hover_enabled=&#8221;on|desktop&#8221;][et_pb_column type=&#8221;4_4&#8243; _builder_version=&#8221;4.16&#8243; _module_preset=&#8221;default&#8221; global_colors_info=&#8221;{}&#8221;][et_pb_text _builder_version=&#8221;4.27.4&#8243; _module_preset=&#8221;default&#8221; header_font=&#8221;|300|||||||&#8221; header_text_color=&#8221;gcid-ea88d038-4ddb-4dbc-b07b-4bf60cb61781&#8243; header_line_height=&#8221;1.5em&#8221; header_6_font=&#8221;|600||on|||||&#8221; header_6_text_color=&#8221;gcid-ea88d038-4ddb-4dbc-b07b-4bf60cb61781&#8243; header_6_letter_spacing=&#8221;1px&#8221; header_6_line_height=&#8221;1.5em&#8221; custom_margin_tablet=&#8221;&#8221; custom_margin_phone=&#8221;||||false|false&#8221; custom_margin_last_edited=&#8221;on|phone&#8221; custom_padding_tablet=&#8221;&#8221; custom_padding_phone=&#8221;||||false|false&#8221; custom_padding_last_edited=&#8221;on|phone&#8221; header_line_height_tablet=&#8221;1.5em&#8221; header_line_height_phone=&#8221;1em&#8221; header_line_height_last_edited=&#8221;on|phone&#8221; global_colors_info=&#8221;{%22gcid-ea88d038-4ddb-4dbc-b07b-4bf60cb61781%22:%91%22header_text_color%22,%22header_6_text_color%22%93}&#8221;]<\/p>\n<h1>Stik<\/h1>\n<h6>Izpolnite kontaktni obrazec ali nas kontaktirajte neposredno in odgovorili vam bomo v najkraj\u0161em mo\u017enem \u010dasu.<\/h6>\n<p>[\/et_pb_text][\/et_pb_column][\/et_pb_row][et_pb_row column_structure=&#8221;2_3,1_3&#8243; custom_padding_last_edited=&#8221;on|phone&#8221; _builder_version=&#8221;4.16&#8243; _module_preset=&#8221;default&#8221; background_color=&#8221;gcid-ea88d038-4ddb-4dbc-b07b-4bf60cb61781&#8243; width_tablet=&#8221;&#8221; width_phone=&#8221;90%&#8221; width_last_edited=&#8221;on|phone&#8221; custom_padding=&#8221;50px|50px|50px|50px|true|true&#8221; custom_padding_tablet=&#8221;50px|50px|50px|50px|true|true&#8221; custom_padding_phone=&#8221;25px|25px|25px|25px|true|true&#8221; box_shadow_style=&#8221;preset1&#8243; box_shadow_vertical=&#8221;-30px&#8221; collapsed=&#8221;off&#8221; global_colors_info=&#8221;{%22gcid-ea88d038-4ddb-4dbc-b07b-4bf60cb61781%22:%91%22background_color%22%93}&#8221; admin_label=&#8221;Kontakt obrazac&#8221;][et_pb_column type=&#8221;2_3&#8243; _builder_version=&#8221;4.16&#8243; _module_preset=&#8221;default&#8221; global_colors_info=&#8221;{}&#8221;][dsm_contact_form_7 cf7_library=&#8221;339&#8243; _builder_version=&#8221;4.27.6&#8243; _module_preset=&#8221;default&#8221; input_textarea_select_font=&#8221;|600|||||||&#8221; input_textarea_select_text_color=&#8221;gcid-07104418-952e-40b4-8ff3-d433966dcd17&#8243; input_textarea_select_font_size=&#8221;1em&#8221; input_textarea_select_letter_spacing=&#8221;0.5px&#8221; placeholder_font=&#8221;|600||on|||||&#8221; placeholder_text_color=&#8221;gcid-8a3d0ec0-74d4-4bad-917a-cae86d2adf4f&#8221; placeholder_font_size=&#8221;12px&#8221; placeholder_letter_spacing=&#8221;1px&#8221; custom_button_one=&#8221;on&#8221; button_one_text_color=&#8221;gcid-ea88d038-4ddb-4dbc-b07b-4bf60cb61781&#8243; button_one_icon=&#8221;&#xf1d8;||fa||400&#8243; button_one_icon_color=&#8221;gcid-3131f77a-6e1a-445b-9b43-24689e13d0be&#8221; button_one_icon_placement=&#8221;left&#8221; hover_enabled=&#8221;0&#8243; border_radii_image=&#8221;on|5px|5px|5px|5px&#8221; global_colors_info=&#8221;{%22gcid-07104418-952e-40b4-8ff3-d433966dcd17%22:%91%22input_textarea_select_text_color%22%93,%22gcid-ea88d038-4ddb-4dbc-b07b-4bf60cb61781%22:%91%22button_one_text_color%22%93,%22gcid-3131f77a-6e1a-445b-9b43-24689e13d0be%22:%91%22button_one_icon_color%22,%22button_one_text_color__hover%22%93,%22gcid-8a3d0ec0-74d4-4bad-917a-cae86d2adf4f%22:%91%22placeholder_text_color%22%93}&#8221; button_one_text_color__hover_enabled=&#8221;on|desktop&#8221; button_one_text_color__hover=&#8221;#00a0c6&#8243; button_one_custom_margin=&#8221;||16px||false|false&#8221; sticky_enabled=&#8221;0&#8243;][\/dsm_contact_form_7][\/et_pb_column][et_pb_column type=&#8221;1_3&#8243; _builder_version=&#8221;4.16&#8243; _module_preset=&#8221;default&#8221; global_colors_info=&#8221;{}&#8221;][et_pb_image src=&#8221;https:\/\/camp-zdovica.com\/wp-content\/uploads\/2022\/03\/Kamp-Zdovica-otok-Cres-logo.svg&#8221; alt=&#8221;Kamp Zdovica, otok Cres -logotip&#8221; title_text=&#8221;Kamp Zdovica, otok Cres -logotip&#8221; _builder_version=&#8221;4.16&#8243; _module_preset=&#8221;default&#8221; global_colors_info=&#8221;{}&#8221;][\/et_pb_image][et_pb_text _builder_version=&#8221;4.16&#8243; _module_preset=&#8221;default&#8221; header_6_text_color=&#8221;gcid-5c4ab573-64e5-41ed-8c31-fb384b1e4658&#8243; header_6_font_size=&#8221;1em&#8221; header_6_letter_spacing=&#8221;0.5px&#8221; global_colors_info=&#8221;{%22gcid-5c4ab573-64e5-41ed-8c31-fb384b1e4658%22:%91%22header_6_text_color%22%93}&#8221;]<\/p>\n<h6>ADRESA<\/h6>\n<p>Valun bb<br \/>\nHR-51557 Cres, Hrva\u0161ka<\/p>\n<h6>TELEFON RECEPCIJA<\/h6>\n<p>+385 51 525 050<\/p>\n<h6>TELEFON ODJELA PRODAJE<\/h6>\n<p>+385 51 573 150<\/p>\n<h6>FAX<\/h6>\n<p>+385 51 571 086<\/p>\n<h6>EMAIL<\/h6>\n<p>campzdovica@zdovica.com<\/p>\n<h6>WEB<\/h6>\n<p>www.camp-zdovica.com[\/et_pb_text][\/et_pb_column][\/et_pb_row][et_pb_row column_structure=&#8221;1_4,1_4,1_4,1_4&#8243; use_custom_gutter=&#8221;on&#8221; gutter_width=&#8221;2&#8243; _builder_version=&#8221;4.16&#8243; _module_preset=&#8221;default&#8221; collapsed=&#8221;on&#8221; global_colors_info=&#8221;{}&#8221;][et_pb_column type=&#8221;1_4&#8243; _builder_version=&#8221;4.16&#8243; _module_preset=&#8221;default&#8221; global_colors_info=&#8221;{}&#8221;][et_pb_text _builder_version=&#8221;4.27.4&#8243; _module_preset=&#8221;default&#8221; header_5_font_size=&#8221;1.2em&#8221; header_5_letter_spacing=&#8221;1px&#8221; header_5_line_height=&#8221;3em&#8221; header_6_text_color=&#8221;gcid-5c4ab573-64e5-41ed-8c31-fb384b1e4658&#8243; header_6_font_size=&#8221;1em&#8221; header_6_letter_spacing=&#8221;0.5px&#8221; global_colors_info=&#8221;{%22gcid-5c4ab573-64e5-41ed-8c31-fb384b1e4658%22:%91%22header_6_text_color%22%93}&#8221;]<\/p>\n<h5><strong>CRESANKA<\/strong><\/h5>\n<h6>NASLOV<\/h6>\n<p>Varozina 25<br \/>51557 Cres, Hrva\u0161ka<\/p>\n<h6>TELEFON<\/h6>\n<p>+385 51 750 600<\/p>\n<h6>FAX<\/h6>\n<p>+385 51 571 163<\/p>\n<h6>EMAIL<\/h6>\n<p>cresanka@ri.t-com.hr<\/p>\n<h6>WEB<\/h6>\n<p>www.cresanka.hr<\/p>\n<p>[\/et_pb_text][\/et_pb_column][et_pb_column type=&#8221;1_4&#8243; _builder_version=&#8221;4.16&#8243; _module_preset=&#8221;default&#8221; global_colors_info=&#8221;{}&#8221;][et_pb_text content_tablet=&#8221;<\/p>\n<h5>HOTEL KIMEN<\/h5>\n<h6>NASLOV<\/h6>\n<p>Ulica Mate Solisa 5<br \/>51557 Cres, Hrva\u0161ka<\/p>\n<h6>TELEFON<\/h6>\n<p>+385 51 573 305<\/p>\n<h6>FAX<\/h6>\n<p>+385 51 573 002<\/p>\n<h6>EMAIL<\/h6>\n<p>hotelkimen@hotelkimen.com<\/p>\n<h6>WEB<\/h6>\n<p>www.hotel-kimen.com<\/p>\n<p>&#8221; content_phone=&#8221;<\/p>\n<h5>HOTEL KIMEN<\/h5>\n<h6>NASLOV<\/h6>\n<p>Ulica Mate Solisa 5<br \/>51557 Cres, Hrva\u0161ka<\/p>\n<h6>TELEFON<\/h6>\n<p>+385 51 573 305<\/p>\n<h6>FAX<\/h6>\n<p>+385 51 573 002<\/p>\n<h6>EMAIL<\/h6>\n<p>hotelkimen@hotelkimen.com<\/p>\n<h6>WEB<\/h6>\n<p>www.hotel-kimen.com<\/p>\n<p>&#8221; content_last_edited=&#8221;on|desktop&#8221; _builder_version=&#8221;4.27.4&#8243; _module_preset=&#8221;default&#8221; header_5_font=&#8221;|700|||||||&#8221; header_5_font_size=&#8221;1.2em&#8221; header_5_letter_spacing=&#8221;1px&#8221; header_5_line_height=&#8221;3em&#8221; header_6_text_color=&#8221;gcid-5c4ab573-64e5-41ed-8c31-fb384b1e4658&#8243; header_6_font_size=&#8221;1em&#8221; header_6_letter_spacing=&#8221;0.5px&#8221; global_colors_info=&#8221;{%22gcid-5c4ab573-64e5-41ed-8c31-fb384b1e4658%22:%91%22header_6_text_color%22,%22header_6_text_color%22%93}&#8221;]<\/p>\n<h5>HOTEL KIMEN<\/h5>\n<h6>NASLOV<\/h6>\n<p>Ulica Mate Solisa 5<br \/>51557 Cres, Hrva\u0161ka<\/p>\n<h6>TELEFON<\/h6>\n<p>+385 51 573 305<\/p>\n<h6>FAX<\/h6>\n<p>+385 51 573 002<\/p>\n<h6>EMAIL<\/h6>\n<p>hotelkimen@hotelkimen.com<\/p>\n<h6>WEB<\/h6>\n<p>www.hotel-kimen.com<\/p>\n<p>[\/et_pb_text][\/et_pb_column][et_pb_column type=&#8221;1_4&#8243; _builder_version=&#8221;4.16&#8243; _module_preset=&#8221;default&#8221; global_colors_info=&#8221;{}&#8221;][et_pb_text _builder_version=&#8221;4.27.4&#8243; _module_preset=&#8221;default&#8221; header_5_font=&#8221;|700|||||||&#8221; header_5_font_size=&#8221;1.2em&#8221; header_5_letter_spacing=&#8221;1px&#8221; header_5_line_height=&#8221;3em&#8221; header_6_text_color=&#8221;gcid-5c4ab573-64e5-41ed-8c31-fb384b1e4658&#8243; header_6_font_size=&#8221;1em&#8221; header_6_letter_spacing=&#8221;0.5px&#8221; global_colors_info=&#8221;{%22gcid-5c4ab573-64e5-41ed-8c31-fb384b1e4658%22:%91%22header_6_text_color%22,%22header_6_text_color%22,%22header_6_text_color%22%93}&#8221;]<\/p>\n<h5>APARTMANI CRES<\/h5>\n<h6>NASLOV<\/h6>\n<p>Cons 11<br \/>51557 Cres, Hrva\u0161ka<\/p>\n<h6>TELEFON<\/h6>\n<p>+385 51 571 133<\/p>\n<h6>FAX<\/h6>\n<p>+385 51 571 080<\/p>\n<h6>EMAIL<\/h6>\n<p>bookingcres@tbcres.com<\/p>\n<h6>WEB<\/h6>\n<p>www.tbcres.com<\/p>\n<p>[\/et_pb_text][\/et_pb_column][et_pb_column type=&#8221;1_4&#8243; _builder_version=&#8221;4.16&#8243; _module_preset=&#8221;default&#8221; global_colors_info=&#8221;{}&#8221;][et_pb_text content_tablet=&#8221;<\/p>\n<h5>KAMP KOVA\u010cINE<\/h5>\n<h6>NASLOV<\/h6>\n<p>Ulica Mate Solisa 15<br \/>51557 Cres, Hrva\u0161ka<\/p>\n<h6>TELEFON<\/h6>\n<p>+385 51 573 150 \/prodaja<br \/>+385 51 571 423 \/recepcija<\/p>\n<h6>FAX<\/h6>\n<p>fax: +385 51 571 086<\/p>\n<h6>EMAIL<\/h6>\n<p>campkovacine@kovacine.com<\/p>\n<h6>WEB<\/h6>\n<p>www.camp-kovacine.com<\/p>\n<p>&#8221; content_phone=&#8221;<\/p>\n<h5>KAMP KOVA\u010cINE<\/h5>\n<h6>NASLOV<\/h6>\n<p>Ulica Mate Solisa 15<br \/>51557 Cres, Hrva\u0161ka<\/p>\n<h6>TELEFON<\/h6>\n<p>+385 51 573 150 \/prodaja<br \/>+385 51 571 423 \/recepcija<\/p>\n<h6>FAX<\/h6>\n<p>fax: +385 51 571 086<\/p>\n<h6>EMAIL<\/h6>\n<p>campkovacine@kovacine.com<\/p>\n<h6>WEB<\/h6>\n<p>www.camp-kovacine.com<\/p>\n<p>&#8221; content_last_edited=&#8221;on|desktop&#8221; _builder_version=&#8221;4.27.4&#8243; _module_preset=&#8221;default&#8221; header_5_font=&#8221;|700|||||||&#8221; header_5_font_size=&#8221;1.2em&#8221; header_5_letter_spacing=&#8221;1px&#8221; header_5_line_height=&#8221;3em&#8221; header_6_text_color=&#8221;gcid-5c4ab573-64e5-41ed-8c31-fb384b1e4658&#8243; header_6_font_size=&#8221;1em&#8221; header_6_letter_spacing=&#8221;0.5px&#8221; global_colors_info=&#8221;{%22gcid-5c4ab573-64e5-41ed-8c31-fb384b1e4658%22:%91%22header_6_text_color%22,%22header_6_text_color%22,%22header_6_text_color%22%93}&#8221;]<\/p>\n<h5>KAMP KOVA\u010cINE<\/h5>\n<h6>NASLOV<\/h6>\n<p>Ulica Mate Solisa 15<br \/>51557 Cres, Hrva\u0161ka<\/p>\n<h6>TELEFON<\/h6>\n<p>+385 51 573 150 \/prodaja<br \/>+385 51 571 423 \/recepcija<\/p>\n<h6>FAX<\/h6>\n<p>fax: +385 51 571 086<\/p>\n<h6>EMAIL<\/h6>\n<p>campkovacine@kovacine.com<\/p>\n<h6>WEB<\/h6>\n<p>www.camp-kovacine.com<\/p>\n<p>[\/et_pb_text][\/et_pb_column][\/et_pb_row][\/et_pb_section][et_pb_section fb_built=&#8221;1&#8243; admin_label=&#8221;Section: Recenzije&#8221; _builder_version=&#8221;4.16&#8243; _module_preset=&#8221;default&#8221; background_color=&#8221;gcid-41642ab2-c5f2-4464-83fa-3df07ebbaecd&#8221; background_image=&#8221;https:\/\/camp-zdovica.com\/wp-content\/uploads\/2022\/03\/recenzije-kamp-zdovica-valun-cres.webp&#8221; background_blend=&#8221;multiply&#8221; custom_margin=&#8221;|50px||50px|false|true&#8221; custom_margin_tablet=&#8221;|50px||50px|false|true&#8221; custom_margin_phone=&#8221;|0px||0px|false|true&#8221; custom_margin_last_edited=&#8221;on|phone&#8221; locked=&#8221;off&#8221; collapsed=&#8221;on&#8221; global_colors_info=&#8221;{%22gcid-41642ab2-c5f2-4464-83fa-3df07ebbaecd%22:%91%22background_color%22%93}&#8221;][et_pb_row _builder_version=&#8221;4.16&#8243; _module_preset=&#8221;default&#8221; global_colors_info=&#8221;{}&#8221;][et_pb_column type=&#8221;4_4&#8243; _builder_version=&#8221;4.16&#8243; _module_preset=&#8221;default&#8221; global_colors_info=&#8221;{}&#8221;][et_pb_text _builder_version=&#8221;4.16&#8243; _module_preset=&#8221;default&#8221; text_text_color=&#8221;gcid-ea88d038-4ddb-4dbc-b07b-4bf60cb61781&#8243; header_text_color=&#8221;gcid-ea88d038-4ddb-4dbc-b07b-4bf60cb61781&#8243; header_2_text_align=&#8221;center&#8221; header_2_text_color=&#8221;gcid-ea88d038-4ddb-4dbc-b07b-4bf60cb61781&#8243; header_5_text_align=&#8221;center&#8221; header_5_text_color=&#8221;gcid-ea88d038-4ddb-4dbc-b07b-4bf60cb61781&#8243; global_colors_info=&#8221;{%22gcid-ea88d038-4ddb-4dbc-b07b-4bf60cb61781%22:%91%22text_text_color%22,%22header_text_color%22,%22header_2_text_color%22,%22header_5_text_color%22%93}&#8221;]<\/p>\n<h2>Mnenja<\/h2>\n<h5><span style=\"font-weight: 400;\">O nas \u2013 kaj pravijo na\u0161i gostjeu<\/span><\/h5>\n<p>[\/et_pb_text][et_pb_slider _builder_version=&#8221;4.16&#8243; _module_preset=&#8221;default&#8221; body_font_size=&#8221;20px&#8221; body_line_height=&#8221;1.8em&#8221; background_color=&#8221;RGBA(255,255,255,0)&#8221; global_colors_info=&#8221;{}&#8221;][et_pb_slide _builder_version=&#8221;4.16&#8243; _module_preset=&#8221;default&#8221; global_colors_info=&#8221;{}&#8221; sticky_transition=&#8221;on&#8221;]<img loading=\"lazy\" decoding=\"async\" class=\"wp-image-17738 size-full aligncenter\" src=\"https:\/\/kovacine.moonsafari.design\/wp-content\/uploads\/2021\/07\/Recenzije-O-nama%E2%80%93iz-perspektive-gostiju_stars-Kamp-Kovacine.png\" alt=\"\" width=\"142\" height=\"25\"><\/p>\n<p>Miren in varen kamp. Majhno mestece z osnovnimi potreb\u0161\u010dinami  <\/p>\n<p><span class=\"author_name\"><em>lazic&amp;bann<\/em><\/span><br \/>\n<span class=\"author_position\">Hrvatska <\/span>[\/et_pb_slide][et_pb_slide _builder_version=&#8221;4.16&#8243; _module_preset=&#8221;default&#8221; global_colors_info=&#8221;{}&#8221; sticky_transition=&#8221;on&#8221;]<img loading=\"lazy\" decoding=\"async\" class=\"wp-image-17738 size-full aligncenter\" src=\"https:\/\/kovacine.moonsafari.design\/wp-content\/uploads\/2021\/07\/Recenzije-O-nama%E2%80%93iz-perspektive-gostiju_stars-Kamp-Kovacine.png\" alt=\"\" width=\"142\" height=\"25\"><\/p>\n<p>Predivan kamp, sve jako \u010disto i ure\u0111eno!<\/p>\n<p><span class=\"author_name\"><em>Petar Klancir<\/em><\/span><br \/>\n<span class=\"author_position\">Hrvatska <\/span>[\/et_pb_slide][et_pb_slide _builder_version=&#8221;4.16&#8243; _module_preset=&#8221;default&#8221; global_colors_info=&#8221;{}&#8221; sticky_transition=&#8221;on&#8221;]<img loading=\"lazy\" decoding=\"async\" class=\"wp-image-17738 size-full aligncenter\" src=\"https:\/\/kovacine.moonsafari.design\/wp-content\/uploads\/2021\/07\/Recenzije-O-nama%E2%80%93iz-perspektive-gostiju_stars-Kamp-Kovacine.png\" alt=\"\" width=\"142\" height=\"25\"><\/p>\n<p>Smo bili v tem kampu ravno ta vikend (sicer smo si ga samo ogledali, kampirali smo druje) in lahko re\u010dem samo fenomenalno !!!!!<br \/>\n\u010ce dobimo prosto parcelo se v ta kamp letos sigurno vrnemo.\u2028Kamp le\u017ei v krasni ribi\u0161ki vasici in ima kar nekaj mo\u017enosti lepih pla\u017e s samotnimi koti\u010dki, samo malo mora\u0161 biti iznajdljiv.  <\/p>\n<p><span class=\"author_name\"><em>Helena Strmotic<\/em><\/span><br \/>\n<span class=\"author_position\">Hrvatska <\/span>[\/et_pb_slide][\/et_pb_slider][\/et_pb_column][\/et_pb_row][\/et_pb_section]<\/p>\n","protected":false},"excerpt":{"rendered":"<p>Stik Izpolnite kontaktni obrazec ali nas kontaktirajte neposredno in odgovorili vam bomo v najkraj\u0161em mo\u017enem \u010dasu.<div class=\"et_pb_module dsm_contact_form_7 dsm_contact_form_7_0\">\n\t\t\t\t\n\t\t\t\t\n\t\t\t\t\n\t\t\t\t\n\t\t\t\t\n\t\t\t\t\n\t\t\t\t<div class=\"et_pb_module_inner\">\n\t\t\t\t\t<div class=\"dsm_contact_form_7_btn_icon\" data-dsm-btn-icon=\"&#xf1d8;\">\n\t\t\t\t\n<div class=\"wpcf7 no-js\" id=\"wpcf7-f10848-o1\" lang=\"sl-SI\" dir=\"ltr\" data-wpcf7-id=\"10848\">\n<div class=\"screen-reader-response\"><p role=\"status\" aria-live=\"polite\" aria-atomic=\"true\"><\/p> <ul><\/ul><\/div>\n<form action=\"\/sl\/wp-json\/wp\/v2\/pages\/10634#wpcf7-f10848-o1\" method=\"post\" class=\"wpcf7-form init\" aria-label=\"Kontaktni obrazec\" novalidate=\"novalidate\" data-status=\"init\">\n<fieldset class=\"hidden-fields-container\"><input type=\"hidden\" name=\"_wpcf7\" value=\"10848\" \/><input type=\"hidden\" name=\"_wpcf7_version\" value=\"6.1.5\" \/><input type=\"hidden\" name=\"_wpcf7_locale\" value=\"sl_SI\" \/><input type=\"hidden\" name=\"_wpcf7_unit_tag\" value=\"wpcf7-f10848-o1\" \/><input type=\"hidden\" name=\"_wpcf7_container_post\" value=\"0\" \/><input type=\"hidden\" name=\"_wpcf7_posted_data_hash\" value=\"\" \/>\n<\/fieldset>\n<div class=\"one-half\">\n\t<p><span class=\"wpcf7-form-control-wrap\" data-name=\"ime\"><input size=\"40\" maxlength=\"400\" class=\"wpcf7-form-control wpcf7-text wpcf7-validates-as-required\" aria-required=\"true\" aria-invalid=\"false\" placeholder=\"Ime*\" value=\"\" type=\"text\" name=\"ime\" \/><\/span>\n\t<\/p>\n<\/div>\n<div class=\"one-half last\">\n\t<p><span class=\"wpcf7-form-control-wrap\" data-name=\"prezime\"><input size=\"40\" maxlength=\"400\" class=\"wpcf7-form-control wpcf7-text wpcf7-validates-as-required\" aria-required=\"true\" aria-invalid=\"false\" placeholder=\"Priimek*\" value=\"\" type=\"text\" name=\"prezime\" \/><\/span>\n\t<\/p>\n<\/div>\n<div class=\"one-half\">\n\t<p><span class=\"wpcf7-form-control-wrap\" data-name=\"ulica-i-broj\"><input size=\"40\" maxlength=\"400\" class=\"wpcf7-form-control wpcf7-text wpcf7-validates-as-required\" aria-required=\"true\" aria-invalid=\"false\" placeholder=\"Ulica in hi\u0161na \u0161tevilka*\" value=\"\" type=\"text\" name=\"ulica-i-broj\" \/><\/span>\n\t<\/p>\n<\/div>\n<div class=\"one-half last\">\n\t<p><span class=\"wpcf7-form-control-wrap\" data-name=\"grad\"><input size=\"40\" maxlength=\"400\" class=\"wpcf7-form-control wpcf7-text wpcf7-validates-as-required\" aria-required=\"true\" aria-invalid=\"false\" placeholder=\"Po\u0161tna \u0161tevilka in kraj*\" value=\"\" type=\"text\" name=\"grad\" \/><\/span>\n\t<\/p>\n<\/div>\n<div class=\"one-half\">\n\t<p><span class=\"wpcf7-form-control-wrap\" data-name=\"telefon\"><input size=\"40\" maxlength=\"400\" class=\"wpcf7-form-control wpcf7-text wpcf7-validates-as-required\" aria-required=\"true\" aria-invalid=\"false\" placeholder=\"Telefon*\" value=\"\" type=\"text\" name=\"telefon\" \/><\/span>\n\t<\/p>\n<\/div>\n<div class=\"one-half last\">\n\t<p><span class=\"wpcf7-form-control-wrap\" data-name=\"e-mail\"><input size=\"40\" maxlength=\"400\" class=\"wpcf7-form-control wpcf7-email wpcf7-validates-as-required wpcf7-text wpcf7-validates-as-email\" aria-required=\"true\" aria-invalid=\"false\" placeholder=\"E-mail*\" value=\"\" type=\"email\" name=\"e-mail\" \/><\/span>\n\t<\/p>\n<\/div>\n<div>\n\t<p><span class=\"wpcf7-form-control-wrap\" data-name=\"poruka\"><textarea cols=\"40\" rows=\"10\" maxlength=\"2000\" class=\"wpcf7-form-control wpcf7-textarea wpcf7-validates-as-required\" aria-required=\"true\" aria-invalid=\"false\" placeholder=\"Sporo\u010dilo*\" name=\"poruka\"><\/textarea><\/span>\n\t<\/p>\n<\/div>\n<div style=\"text-transform: uppercase; color:#2ea3f2; font-size: 0.6em; font-weight: 700; letter-spacing: 3px; margin-bottom: 15px;\">\n\t<p>* Obvezna polja\n\t<\/p>\n<\/div>\n<p><span class=\"wpcf7-form-control-wrap\" data-name=\"acceptance-305\"><span class=\"wpcf7-form-control wpcf7-acceptance\"><span class=\"wpcf7-list-item\"><label><input type=\"checkbox\" name=\"acceptance-305\" value=\"1\" aria-invalid=\"false\" \/><span class=\"wpcf7-list-item-label\">Sprejemam <a href=\"\/sl\/varstvo-osebnih-podatkov\/\">politiko zasebnosti<\/a><\/span><\/label><\/span><\/span><\/span>\n<\/p>\n<p><button class=\"wpcf7-form-control wpcf7-submit has-spinner et_pb_button et_pb_bg_layout_light\" type=\"submit\" value=\"Po\u0161lji\">Po\u0161lji<\/button>\n<\/p>\n<div class=\"wpcf7-turnstile cf-turnstile\" data-sitekey=\"0x4AAAAAAC9XY2ao6i6d4N-b\" data-response-field-name=\"_wpcf7_turnstile_response\"><\/div><div class=\"wpcf7-response-output\" aria-hidden=\"true\"><\/div>\n<\/form>\n<\/div>\n\n\t\t\t<\/div>\n\t\t\t\t<\/div>\n\t\t\t<\/div>ADRESA Valun bb HR-51557 Cres, Hrva\u0161ka TELEFON RECEPCIJA +385 51 525 050 TELEFON ODJELA PRODAJE +385 51 573 150 FAX +385 51 571 086 EMAIL campzdovica@zdovica.com WEB www.camp-zdovica.comCRESANKA NASLOV Varozina 2551557 Cres, Hrva\u0161ka TELEFON +385 51 750 600 FAX +385 51 571 163 EMAIL cresanka@ri.t-com.hr WEB www.cresanka.hrHOTEL KIMEN NASLOV Ulica Mate Solisa 551557 Cres, Hrva\u0161ka TELEFON +385 51 573 305 FAX +385 51 573 002 EMAIL hotelkimen@hotelkimen.com WEB www.hotel-kimen.comAPARTMANI CRES NASLOV Cons 1151557 Cres, Hrva\u0161ka TELEFON +385 51 571 133 FAX +385 51 571 080 EMAIL bookingcres@tbcres.com WEB www.tbcres.comKAMP KOVA\u010cINE NASLOV Ulica Mate Solisa 1551557 Cres, Hrva\u0161ka TELEFON +385 51 573 150 \/prodaja+385 51 571 423 \/recepcija FAX fax: +385 51 571 086 EMAIL campkovacine@kovacine.com WEB www.camp-kovacine.comMnenja O nas \u2013 kaj pravijo na\u0161i gostjeu Miren in varen kamp. Majhno mestece z osnovnimi potreb\u0161\u010dinami lazic&amp;bann Hrvatska Predivan kamp, sve jako \u010disto i ure\u0111eno! Petar Klancir Hrvatska Smo bili v tem kampu ravno ta vikend (sicer smo si ga samo ogledali, kampirali smo druje) [&hellip;]<\/p>\n","protected":false},"author":1,"featured_media":0,"parent":0,"menu_order":0,"comment_status":"closed","ping_status":"closed","template":"","meta":{"_et_pb_use_builder":"on","_et_pb_old_content":"","_et_gb_content_width":"","footnotes":""},"class_list":["post-10634","page","type-page","status-publish","hentry"],"_links":{"self":[{"href":"https:\/\/camp-zdovica.com\/sl\/wp-json\/wp\/v2\/pages\/10634","targetHints":{"allow":["GET"]}}],"collection":[{"href":"https:\/\/camp-zdovica.com\/sl\/wp-json\/wp\/v2\/pages"}],"about":[{"href":"https:\/\/camp-zdovica.com\/sl\/wp-json\/wp\/v2\/types\/page"}],"author":[{"embeddable":true,"href":"https:\/\/camp-zdovica.com\/sl\/wp-json\/wp\/v2\/users\/1"}],"replies":[{"embeddable":true,"href":"https:\/\/camp-zdovica.com\/sl\/wp-json\/wp\/v2\/comments?post=10634"}],"version-history":[{"count":3,"href":"https:\/\/camp-zdovica.com\/sl\/wp-json\/wp\/v2\/pages\/10634\/revisions"}],"predecessor-version":[{"id":11969,"href":"https:\/\/camp-zdovica.com\/sl\/wp-json\/wp\/v2\/pages\/10634\/revisions\/11969"}],"wp:attachment":[{"href":"https:\/\/camp-zdovica.com\/sl\/wp-json\/wp\/v2\/media?parent=10634"}],"curies":[{"name":"wp","href":"https:\/\/api.w.org\/{rel}","templated":true}]}}