{"id":10622,"date":"2022-03-10T14:07:43","date_gmt":"2022-03-10T14:07:43","guid":{"rendered":"https:\/\/camp-zdovica.com\/mesta-za-kampiranje\/"},"modified":"2022-04-25T16:24:56","modified_gmt":"2022-04-25T16:24:56","slug":"mesta-za-kampiranje","status":"publish","type":"page","link":"https:\/\/camp-zdovica.com\/sl\/mesta-za-kampiranje\/","title":{"rendered":"Mesta za kampiranje"},"content":{"rendered":"<p>[et_pb_section fb_built=&#8221;1&#8243; admin_label=&#8221;Section: Header&#8221; module_class=&#8221;dh-valign-center-section&#8221; _builder_version=&#8221;4.16&#8243; background_color=&#8221;gcid-41642ab2-c5f2-4464-83fa-3df07ebbaecd&#8221; background_image=&#8221;https:\/\/camp-zdovica.com\/wp-content\/uploads\/2022\/03\/kamp-mjesta-u-kampu-zdovica-valun-cres.webp&#8221; background_blend=&#8221;multiply&#8221; height=&#8221;80vh&#8221; bottom_divider_style=&#8221;waves2&#8243; bottom_divider_color=&#8221;gcid-ea88d038-4ddb-4dbc-b07b-4bf60cb61781&#8243; collapsed=&#8221;on&#8221; global_colors_info=&#8221;{%22gcid-ea88d038-4ddb-4dbc-b07b-4bf60cb61781%22:%91%22bottom_divider_color%22%93,%22gcid-41642ab2-c5f2-4464-83fa-3df07ebbaecd%22:%91%22background_color%22%93}&#8221;][\/et_pb_section][et_pb_section fb_built=&#8221;1&#8243; admin_label=&#8221;Section: Kamp mjesta&#8221; _builder_version=&#8221;4.16&#8243; _module_preset=&#8221;default&#8221; background_color=&#8221;RGBA(255,255,255,0)&#8221; z_index=&#8221;1&#8243; custom_margin=&#8221;-350px||||false|false&#8221; custom_padding=&#8221;0px||||false|false&#8221; collapsed=&#8221;off&#8221; global_colors_info=&#8221;{}&#8221;][et_pb_row _builder_version=&#8221;4.16&#8243; _module_preset=&#8221;default&#8221; custom_padding=&#8221;50px|50px|50px|50px|true|true&#8221; global_colors_info=&#8221;{}&#8221;][et_pb_column type=&#8221;4_4&#8243; _builder_version=&#8221;4.16&#8243; _module_preset=&#8221;default&#8221; global_colors_info=&#8221;{}&#8221;][et_pb_text _builder_version=&#8221;4.17.1&#8243; _module_preset=&#8221;default&#8221; header_font=&#8221;|300|||||||&#8221; header_text_color=&#8221;gcid-ea88d038-4ddb-4dbc-b07b-4bf60cb61781&#8243; header_line_height=&#8221;1.5em&#8221; header_6_font=&#8221;|||on|||||&#8221; header_6_text_color=&#8221;gcid-ea88d038-4ddb-4dbc-b07b-4bf60cb61781&#8243; header_6_letter_spacing=&#8221;3px&#8221; global_colors_info=&#8221;{%22gcid-ea88d038-4ddb-4dbc-b07b-4bf60cb61781%22:%91%22header_text_color%22,%22header_6_text_color%22%93}&#8221;]<\/p>\n<h1>Mesta za kampiranje<\/h1>\n<h6>Bivanje v nedotaknjeni naravi<\/h6>\n<p>[\/et_pb_text][\/et_pb_column][\/et_pb_row][et_pb_row column_structure=&#8221;2_3,1_3&#8243; _builder_version=&#8221;4.16&#8243; _module_preset=&#8221;default&#8221; background_color=&#8221;gcid-ea88d038-4ddb-4dbc-b07b-4bf60cb61781&#8243; custom_padding=&#8221;50px|50px|50px|50px|true|true&#8221; box_shadow_style=&#8221;preset1&#8243; box_shadow_vertical=&#8221;-30px&#8221; global_colors_info=&#8221;{%22gcid-ea88d038-4ddb-4dbc-b07b-4bf60cb61781%22:%91%22background_color%22%93}&#8221;][et_pb_column type=&#8221;2_3&#8243; _builder_version=&#8221;4.16&#8243; _module_preset=&#8221;default&#8221; global_colors_info=&#8221;{}&#8221;][et_pb_text _builder_version=&#8221;4.17.1&#8243; _module_preset=&#8221;default&#8221; dsm_modules_readmore=&#8221;on&#8221; dsm_modules_readmore_more_link_text=&#8221;Ve\u010d&#8221; dsm_modules_readmore_less_link_text=&#8221;Manj&#8221; dsm_modules_readmore_font=&#8221;|700||on|||||&#8221; dsm_modules_readmore_text_align=&#8221;center&#8221; dsm_modules_readmore_font_size=&#8221;11px&#8221; dsm_modules_readmore_link_color=&#8221;gcid-3131f77a-6e1a-445b-9b43-24689e13d0be&#8221; global_colors_info=&#8221;{%22gcid-3131f77a-6e1a-445b-9b43-24689e13d0be%22:%91%22dsm_modules_readmore_link_color%22%93,%22gcid-465303d5-2687-4af5-b72e-44a8243ff2fe%22:%91%22dsm_modules_readmore_link_color__hover%22%93}&#8221; dsm_modules_readmore_link_color__hover_enabled=&#8221;on|hover&#8221; dsm_modules_readmore_link_color__hover=&#8221;#7fc31b&#8221;]Kdaj ste si nazadnje dovolili upo\u010dasniti in za\u010dutiti ritem narave? Pobegnite iz vsakdana in prebudite vse svoje \u010dute. Kamp Zdovica \u2013 majhen, a povsem druga\u010den \u2013 bo va\u0161e zato\u010di\u0161\u010de in navdihujo\u010d ambient.<\/p>\n<p>Kamp Zdovica se nahaja blizu \u017eivopisnega ribi\u0161kega kraja Valun, pribli\u017eno 15 km od mesta Cres. Nahaja se v idili\u010dni uvali na sami pla\u017ei, neposredno ob morju, razpolaga pa z mesti za kampiranje, ki lahko sprejmejo okrog 250 oseb.<br \/>\nZa aktiven dopust so vam na voljo \u0161portne vsebine, kot so igri\u0161\u010de za odbojko na mivki, balinanje in ko\u0161arko, za zabavo najmlaj\u0161ih pa smo uredili tudi otro\u0161ko igri\u0161\u010de.<\/p>\n<p>Vse potreb\u0161\u010dine iz trgovine boste na\u0161li v Valunu, toplo pa vam priporo\u010damo obisk katere od \u0161tevilnih restavracij, v katerih boste spoznali tudi gastronomsko plat otoka Cres.<\/p>\n<p>Za pristno naravno izku\u0161njo je v kampu dovoljeno kampiranje samo v \u0161otoru, vstop z avtomobilom, motorjem ali kamp prikolico pa ni dovoljen. Vozilo morate parkirati na bli\u017enjem parkiri\u0161\u010du (pla\u010dilo glede na poseben cenik koncesionarja parkiri\u0161\u010da), prtljago pa lahko nato z ro\u010dnim vozi\u010dkom prepeljete do kampa.<br \/>\nObi\u0161\u010dite kamp in izberite parcelo, na kateri \u017eelite bivati \u2013 naj vas vodi energija narave.<\/p>\n<p><strong>Mesta za kampiranje\/parcele ni mogo\u010de rezervirati.<\/strong>[\/et_pb_text][\/et_pb_column][et_pb_column type=&#8221;1_3&#8243; _builder_version=&#8221;4.16&#8243; _module_preset=&#8221;default&#8221; global_colors_info=&#8221;{}&#8221;][et_pb_text _builder_version=&#8221;4.17.1&#8243; _module_preset=&#8221;default&#8221; header_6_font=&#8221;|700||on|||||&#8221; header_6_letter_spacing=&#8221;2px&#8221; global_colors_info=&#8221;{}&#8221;]<\/p>\n<h6>Zna\u010dilnosti:<\/h6>\n<p>[\/et_pb_text][et_pb_text _builder_version=&#8221;4.16&#8243; _module_preset=&#8221;default&#8221; global_colors_info=&#8221;{}&#8221;]<\/p>\n<ul>\n<li>ki se nahaja na pla\u017ei<\/li>\n<li>kapaciteta 250 ljudi<\/li>\n<li>odbojka na mivki<\/li>\n<li>keglji\u0161\u010de<\/li>\n<li>ko\u0161arka\u0161ko igri\u0161\u010de<\/li>\n<li>otro\u0161ko igri\u0161\u010de<\/li>\n<\/ul>\n<p>[\/et_pb_text][\/et_pb_column][\/et_pb_row][et_pb_row column_structure=&#8221;2_3,1_3&#8243; admin_label=&#8221;Row: Cjenik&#8221; _builder_version=&#8221;4.16&#8243; _module_preset=&#8221;default&#8221; custom_padding=&#8221;|50px||50px|false|true&#8221; global_colors_info=&#8221;{}&#8221;][et_pb_column type=&#8221;2_3&#8243; _builder_version=&#8221;4.16&#8243; _module_preset=&#8221;default&#8221; global_colors_info=&#8221;{}&#8221;][et_pb_text _builder_version=&#8221;4.16&#8243; _module_preset=&#8221;default&#8221; header_6_font=&#8221;|700||on|||||&#8221; header_6_letter_spacing=&#8221;1px&#8221; global_colors_info=&#8221;{}&#8221;]<\/p>\n<h6>KAMP ZDOVICA &#8211; CENIK 2022<\/h6>\n<p>[\/et_pb_text][dvmd_table_maker tbl_tcell_cell_align_horz=&#8221;center&#8221; tbl_chead_cell_color=&#8221;gcid-5bc512f2-0c65-453f-9cae-faf1fcd21461&#8243; tbl_chead_cell_align_horz=&#8221;center&#8221; tbl_rhead_cell_color=&#8221;gcid-5bc512f2-0c65-453f-9cae-faf1fcd21461&#8243; tbl_rhead_cell_align_horz=&#8221;left&#8221; _builder_version=&#8221;4.17.1&#8243; _module_preset=&#8221;default&#8221; tbl_chead_text_font=&#8221;||||||||&#8221; tbl_chead_text_text_color=&#8221;gcid-145e346e-47b7-442d-830a-bd218e33967c&#8221; tbl_chead_text_font_size=&#8221;16px&#8221; tbl_chead_text_line_height=&#8221;1.2em&#8221; tbl_rhead_text_font=&#8221;|||on|||||&#8221; tbl_rhead_text_text_color=&#8221;gcid-145e346e-47b7-442d-830a-bd218e33967c&#8221; tbl_rhead_text_font_size=&#8221;14px&#8221; tbl_rhead_text_letter_spacing=&#8221;0.4px&#8221; tbl_rhead_text_line_height=&#8221;1.3em&#8221; hover_enabled=&#8221;0&#8243; global_colors_info=&#8221;{%22gcid-5bc512f2-0c65-453f-9cae-faf1fcd21461%22:%91%22tbl_chead_cell_color%22,%22tbl_rhead_cell_color%22%93,%22gcid-145e346e-47b7-442d-830a-bd218e33967c%22:%91%22tbl_chead_text_text_color%22,%22tbl_rhead_text_text_color%22%93}&#8221; sticky_enabled=&#8221;0&#8243;][dvmd_table_maker_item col_content=&#8221;<br \/>\nODRASLA OSEBA<br \/>\nOTROK 5\u201312 (11,99) LET<br \/>\nOTROK DO 5 (4,99) LET<br \/>\nHI\u0160NI LJUBLJEN\u010cEK<br \/>\nHLADILNIK&#8221; _builder_version=&#8221;4.17.1&#8243; _module_preset=&#8221;default&#8221; hover_enabled=&#8221;0&#8243; global_colors_info=&#8221;{}&#8221; sticky_enabled=&#8221;0&#8243;][\/dvmd_table_maker_item][dvmd_table_maker_item col_content=&#8221;XX.-24.06.<br \/>27.08.-18.09.<br \/>\n12,70<br \/>\n5,00<br \/>\ngratis<br \/>\ngratis<br \/>\n2,00&#8243; _builder_version=&#8221;4.16&#8243; _module_preset=&#8221;default&#8221; global_colors_info=&#8221;{}&#8221;][\/dvmd_table_maker_item][dvmd_table_maker_item col_content=&#8221;25.06.-29.07.<br \/>20.08.-26.08.<br \/>\n16,20<br \/>\n6,90<br \/>\ngratis<br \/>\n3,80<br \/>\n3,00&#8243; _builder_version=&#8221;4.16&#8243; _module_preset=&#8221;default&#8221; global_colors_info=&#8221;{}&#8221;][\/dvmd_table_maker_item][dvmd_table_maker_item col_content=&#8221;30.07.-19.08.<br \/>\n18,70<br \/>\n7,70<br \/>\ngratis<br \/>\n4,80<br \/>\n4,00&#8243; _builder_version=&#8221;4.16&#8243; _module_preset=&#8221;default&#8221; global_colors_info=&#8221;{}&#8221;][\/dvmd_table_maker_item][\/dvmd_table_maker][et_pb_text _builder_version=&#8221;4.16&#8243; _module_preset=&#8221;default&#8221; text_font=&#8221;|600||on|||||&#8221; text_text_color=&#8221;gcid-3131f77a-6e1a-445b-9b43-24689e13d0be&#8221; text_font_size=&#8221;10px&#8221; global_colors_info=&#8221;{%22gcid-3131f77a-6e1a-445b-9b43-24689e13d0be%22:%91%22text_text_color%22%93}&#8221;]CENE SO NAVEDENO NA DAN V EVRIH.<br \/>\nCene so informativne in se lahko spremenijo.<br \/>\nLetovanje pla\u010date na recepciji turisti\u010dne agencije Turist v Valunu.[\/et_pb_text][\/et_pb_column][et_pb_column type=&#8221;1_3&#8243; _builder_version=&#8221;4.16&#8243; _module_preset=&#8221;default&#8221; global_colors_info=&#8221;{}&#8221;][et_pb_text _builder_version=&#8221;4.16&#8243; _module_preset=&#8221;default&#8221; text_font=&#8221;||||||||&#8221; text_font_size=&#8221;14px&#8221; text_letter_spacing=&#8221;0.4px&#8221; header_6_font=&#8221;|700||on|||||&#8221; header_6_line_height=&#8221;1.4em&#8221; global_colors_info=&#8221;{}&#8221;]<\/p>\n<h6>V NAVEDENE CENE SO VKLJU\u010cENI:<\/h6>\n<ul>\n<li style=\"list-style-type: none;\">\n<ul>\n<li style=\"list-style-type: none;\">\n<ul>\n<li>Turisti\u010dna taksa,<\/li>\n<li>DDV,<\/li>\n<li>parcela,<\/li>\n<li>elektrika,<\/li>\n<li>\u0161otor,<\/li>\n<li>uporaba sanitarij.<\/li>\n<\/ul>\n<\/li>\n<\/ul>\n<\/li>\n<\/ul>\n<h6>SEZONSKI POPUSTI:<\/h6>\n<p><strong>Od XX do 2. 7. 2022 (dan odhoda) in od 3. 9. do 18. 9. 2022:<\/strong><\/p>\n<ul>\n<li style=\"list-style-type: none;\">\n<ul>\n<li style=\"list-style-type: none;\">\n<ul>\n<li>bivate 7 no\u010di = pla\u010date 6 no\u010di<\/li>\n<li>bivate 14 no\u010di = pla\u010date 12 no\u010di<\/li>\n<\/ul>\n<\/li>\n<\/ul>\n<\/li>\n<\/ul>\n<p>[\/et_pb_text][\/et_pb_column][\/et_pb_row][\/et_pb_section][et_pb_section fb_built=&#8221;1&#8243; admin_label=&#8221;Section: Galerija&#8221; _builder_version=&#8221;4.16&#8243; _module_preset=&#8221;default&#8221; background_color=&#8221;RGBA(255,255,255,0)&#8221; custom_padding=&#8221;50px|50px|50px|50px|true|true&#8221; collapsed=&#8221;on&#8221; global_colors_info=&#8221;{}&#8221;][et_pb_row use_custom_gutter=&#8221;on&#8221; gutter_width=&#8221;1&#8243; _builder_version=&#8221;4.16&#8243; _module_preset=&#8221;default&#8221; width=&#8221;100%&#8221; max_width=&#8221;100%&#8221; module_alignment=&#8221;center&#8221; custom_padding=&#8221;0px||0px||true|false&#8221; global_colors_info=&#8221;{}&#8221;][et_pb_column type=&#8221;4_4&#8243; _builder_version=&#8221;4.16&#8243; _module_preset=&#8221;default&#8221; global_colors_info=&#8221;{}&#8221;][et_pb_gallery gallery_ids=&#8221;10370,10374,10414,10426,10450&#8243; posts_number=&#8221;5&#8243; show_title_and_caption=&#8221;off&#8221; show_pagination=&#8221;off&#8221; zoom_icon_color=&#8221;gcid-465303d5-2687-4af5-b72e-44a8243ff2fe&#8221; hover_overlay_color=&#8221;gcid-5c4ab573-64e5-41ed-8c31-fb384b1e4658&#8243; hover_icon=&#8221;&#x54;||divi||400&#8243; _builder_version=&#8221;4.16&#8243; _module_preset=&#8221;default&#8221; child_mix_blend_mode=&#8221;multiply&#8221; custom_css_gallery_item=&#8221;width: 20% !important;||margin: 0 !important;||clear: none !important;&#8221; custom_css_gallery_item_title=&#8221;width: 20% !important;||margin: 0 !important;||clear: none !important;&#8221; border_width_all_image=&#8221;1px&#8221; border_color_all_image=&#8221;gcid-ea88d038-4ddb-4dbc-b07b-4bf60cb61781&#8243; global_colors_info=&#8221;{%22gcid-ea88d038-4ddb-4dbc-b07b-4bf60cb61781%22:%91%22border_color_all_image%22%93,%22gcid-5c4ab573-64e5-41ed-8c31-fb384b1e4658%22:%91%22hover_overlay_color%22%93,%22gcid-465303d5-2687-4af5-b72e-44a8243ff2fe%22:%91%22zoom_icon_color%22%93}&#8221;][\/et_pb_gallery][\/et_pb_column][\/et_pb_row][\/et_pb_section][et_pb_section fb_built=&#8221;1&#8243; admin_label=&#8221;Section: Recenzije&#8221; _builder_version=&#8221;4.16&#8243; _module_preset=&#8221;default&#8221; background_color=&#8221;gcid-41642ab2-c5f2-4464-83fa-3df07ebbaecd&#8221; background_image=&#8221;https:\/\/camp-zdovica.com\/wp-content\/uploads\/2022\/03\/recenzije-kamp-zdovica-valun-cres.webp&#8221; background_blend=&#8221;multiply&#8221; custom_margin=&#8221;|50px||50px|false|true&#8221; custom_margin_tablet=&#8221;|50px||50px|false|true&#8221; custom_margin_phone=&#8221;|0px||0px|false|true&#8221; custom_margin_last_edited=&#8221;on|phone&#8221; locked=&#8221;off&#8221; collapsed=&#8221;on&#8221; global_colors_info=&#8221;{%22gcid-41642ab2-c5f2-4464-83fa-3df07ebbaecd%22:%91%22background_color%22%93}&#8221;][et_pb_row _builder_version=&#8221;4.16&#8243; _module_preset=&#8221;default&#8221; global_colors_info=&#8221;{}&#8221;][et_pb_column type=&#8221;4_4&#8243; _builder_version=&#8221;4.16&#8243; _module_preset=&#8221;default&#8221; global_colors_info=&#8221;{}&#8221;][et_pb_text _builder_version=&#8221;4.16&#8243; _module_preset=&#8221;default&#8221; text_text_color=&#8221;gcid-ea88d038-4ddb-4dbc-b07b-4bf60cb61781&#8243; header_text_color=&#8221;gcid-ea88d038-4ddb-4dbc-b07b-4bf60cb61781&#8243; header_2_text_align=&#8221;center&#8221; header_2_text_color=&#8221;gcid-ea88d038-4ddb-4dbc-b07b-4bf60cb61781&#8243; header_5_text_align=&#8221;center&#8221; header_5_text_color=&#8221;gcid-ea88d038-4ddb-4dbc-b07b-4bf60cb61781&#8243; global_colors_info=&#8221;{%22gcid-ea88d038-4ddb-4dbc-b07b-4bf60cb61781%22:%91%22text_text_color%22,%22header_text_color%22,%22header_2_text_color%22,%22header_5_text_color%22%93}&#8221;]<\/p>\n<h2>Mnenja<\/h2>\n<h5><span style=\"font-weight: 400;\">O nas \u2013 kaj pravijo na\u0161i gostjeu<\/span><\/h5>\n<p>[\/et_pb_text][et_pb_slider _builder_version=&#8221;4.16&#8243; _module_preset=&#8221;default&#8221; body_font_size=&#8221;20px&#8221; body_line_height=&#8221;1.8em&#8221; background_color=&#8221;RGBA(255,255,255,0)&#8221; global_colors_info=&#8221;{}&#8221;][et_pb_slide _builder_version=&#8221;4.16&#8243; _module_preset=&#8221;default&#8221; global_colors_info=&#8221;{}&#8221; sticky_transition=&#8221;on&#8221;]<img loading=\"lazy\" decoding=\"async\" class=\"wp-image-17738 size-full aligncenter\" src=\"https:\/\/kovacine.moonsafari.design\/wp-content\/uploads\/2021\/07\/Recenzije-O-nama\u2013iz-perspektive-gostiju_stars-Kamp-Kovacine.png\" alt=\"\" width=\"142\" height=\"25\" \/><\/p>\n<p>Uredna \u0161ljun\u010dana pla\u017ea na tihom mjestu. Fantasti\u010dno ure\u0111en sanitarni \u010dvor i park za djecu. Blizina kafi\u0107a i trgovine.<\/p>\n<p><span class=\"author_name\"><em>lazic&amp;bann<\/em><\/span><br \/>\n<span class=\"author_position\">Hrvatska <\/span>[\/et_pb_slide][et_pb_slide _builder_version=&#8221;4.16&#8243; _module_preset=&#8221;default&#8221; global_colors_info=&#8221;{}&#8221; sticky_transition=&#8221;on&#8221;]<img loading=\"lazy\" decoding=\"async\" class=\"wp-image-17738 size-full aligncenter\" src=\"https:\/\/kovacine.moonsafari.design\/wp-content\/uploads\/2021\/07\/Recenzije-O-nama\u2013iz-perspektive-gostiju_stars-Kamp-Kovacine.png\" alt=\"\" width=\"142\" height=\"25\" \/><\/p>\n<p>Predivan kamp, sve jako \u010disto i ure\u0111eno!<\/p>\n<p><span class=\"author_name\"><em>Petar Klancir<\/em><\/span><br \/>\n<span class=\"author_position\">Hrvatska <\/span>[\/et_pb_slide][et_pb_slide _builder_version=&#8221;4.16&#8243; _module_preset=&#8221;default&#8221; global_colors_info=&#8221;{}&#8221; sticky_transition=&#8221;on&#8221;]<img loading=\"lazy\" decoding=\"async\" class=\"wp-image-17738 size-full aligncenter\" src=\"https:\/\/kovacine.moonsafari.design\/wp-content\/uploads\/2021\/07\/Recenzije-O-nama\u2013iz-perspektive-gostiju_stars-Kamp-Kovacine.png\" alt=\"\" width=\"142\" height=\"25\" \/><\/p>\n<p>Kamp u koji \u0107emo se rado vratiti!<br \/>\n\u010cisti sanitarni \u010dvorovi, super organizacija i vrlo ljubazno osoblje. Kamp se nalazi na 10 koraka od mora i odli\u010dno je mjesto za godi\u0161nji odmor. Mir i tisna \ud83d\ude09<\/p>\n<p><span class=\"author_name\"><em>Helena Strmotic<\/em><\/span><br \/>\n<span class=\"author_position\">Hrvatska <\/span>[\/et_pb_slide][\/et_pb_slider][\/et_pb_column][\/et_pb_row][\/et_pb_section]<\/p>\n","protected":false},"excerpt":{"rendered":"<p>Mesta za kampiranje Bivanje v nedotaknjeni naraviKdaj ste si nazadnje dovolili upo\u010dasniti in za\u010dutiti ritem narave? Pobegnite iz vsakdana in prebudite vse svoje \u010dute. Kamp Zdovica \u2013 majhen, a povsem druga\u010den \u2013 bo va\u0161e zato\u010di\u0161\u010de in navdihujo\u010d ambient. Kamp Zdovica se nahaja blizu \u017eivopisnega ribi\u0161kega kraja Valun, pribli\u017eno 15 km od mesta Cres. Nahaja se v idili\u010dni uvali na sami pla\u017ei, neposredno ob morju, razpolaga pa z mesti za kampiranje, ki lahko sprejmejo okrog 250 oseb. Za aktiven dopust so vam na voljo \u0161portne vsebine, kot so igri\u0161\u010de za odbojko na mivki, balinanje in ko\u0161arko, za zabavo najmlaj\u0161ih pa smo uredili tudi otro\u0161ko igri\u0161\u010de. Vse potreb\u0161\u010dine iz trgovine boste na\u0161li v Valunu, toplo pa vam priporo\u010damo obisk katere od \u0161tevilnih restavracij, v katerih boste spoznali tudi gastronomsko plat otoka Cres. Za pristno naravno izku\u0161njo je v kampu dovoljeno kampiranje samo v \u0161otoru, vstop z avtomobilom, motorjem ali kamp prikolico pa ni dovoljen. Vozilo morate parkirati na bli\u017enjem parkiri\u0161\u010du (pla\u010dilo glede na poseben cenik koncesionarja parkiri\u0161\u010da), prtljago pa lahko nato z ro\u010dnim vozi\u010dkom prepeljete do kampa. Obi\u0161\u010dite kamp in izberite parcelo, na kateri \u017eelite bivati \u2013 naj vas vodi energija narave. Mesta za kampiranje\/parcele ni mogo\u010de rezervirati.Zna\u010dilnosti: ki se nahaja na [&hellip;]<\/p>\n","protected":false},"author":1,"featured_media":0,"parent":0,"menu_order":0,"comment_status":"closed","ping_status":"closed","template":"","meta":{"_et_pb_use_builder":"on","_et_pb_old_content":"","_et_gb_content_width":"","footnotes":""},"class_list":["post-10622","page","type-page","status-publish","hentry"],"_links":{"self":[{"href":"https:\/\/camp-zdovica.com\/sl\/wp-json\/wp\/v2\/pages\/10622","targetHints":{"allow":["GET"]}}],"collection":[{"href":"https:\/\/camp-zdovica.com\/sl\/wp-json\/wp\/v2\/pages"}],"about":[{"href":"https:\/\/camp-zdovica.com\/sl\/wp-json\/wp\/v2\/types\/page"}],"author":[{"embeddable":true,"href":"https:\/\/camp-zdovica.com\/sl\/wp-json\/wp\/v2\/users\/1"}],"replies":[{"embeddable":true,"href":"https:\/\/camp-zdovica.com\/sl\/wp-json\/wp\/v2\/comments?post=10622"}],"version-history":[{"count":0,"href":"https:\/\/camp-zdovica.com\/sl\/wp-json\/wp\/v2\/pages\/10622\/revisions"}],"wp:attachment":[{"href":"https:\/\/camp-zdovica.com\/sl\/wp-json\/wp\/v2\/media?parent=10622"}],"curies":[{"name":"wp","href":"https:\/\/api.w.org\/{rel}","templated":true}]}}