{"id":10546,"date":"2022-03-25T11:01:12","date_gmt":"2022-03-25T11:01:12","guid":{"rendered":"https:\/\/camp-zdovica.com\/covid-19\/"},"modified":"2022-03-29T08:41:25","modified_gmt":"2022-03-29T08:41:25","slug":"covid-19","status":"publish","type":"page","link":"https:\/\/camp-zdovica.com\/sl\/covid-19\/","title":{"rendered":"Covid-19"},"content":{"rendered":"<p>[et_pb_section fb_built=&#8221;1&#8243; admin_label=&#8221;Hero image&#8221; _builder_version=&#8221;4.15.1&#8243; _module_preset=&#8221;default&#8221; background_color=&#8221;gcid-41642ab2-c5f2-4464-83fa-3df07ebbaecd&#8221; background_image=&#8221;https:\/\/camp-zdovica.com\/wp-content\/uploads\/2022\/03\/opci-uvjeti-poslovanja-kamp-zdovica-valun-cres.webp&#8221; background_position=&#8221;top_center&#8221; background_blend=&#8221;multiply&#8221; min_height=&#8221;400px&#8221; min_height_tablet=&#8221;400px&#8221; min_height_phone=&#8221;400px&#8221; min_height_last_edited=&#8221;on|phone&#8221; height_tablet=&#8221;&#8221; height_phone=&#8221;600px&#8221; height_last_edited=&#8221;on|phone&#8221; top_divider_color=&#8221;#e02b20&#8243; bottom_divider_style=&#8221;waves2&#8243; bottom_divider_color=&#8221;#f6f6f3&#8243; bottom_divider_style_tablet=&#8221;waves2&#8243; bottom_divider_style_phone=&#8221;wave2&#8243; bottom_divider_style_last_edited=&#8221;on|phone&#8221; bottom_divider_height_tablet=&#8221;&#8221; bottom_divider_height_phone=&#8221;50px&#8221; bottom_divider_height_last_edited=&#8221;on|phone&#8221; locked=&#8221;off&#8221; collapsed=&#8221;on&#8221; global_colors_info=&#8221;{%22gcid-41642ab2-c5f2-4464-83fa-3df07ebbaecd%22:%91%22background_color%22%93}&#8221;][\/et_pb_section][et_pb_section fb_built=&#8221;1&#8243; admin_label=&#8221;Covid-19&#8243; _builder_version=&#8221;4.15&#8243; _module_preset=&#8221;default&#8221; background_color=&#8221;rgba(0,0,0,0)&#8221; custom_margin=&#8221;-200px||50px||false|false&#8221; custom_margin_tablet=&#8221;-200px||50px||false|false&#8221; custom_margin_phone=&#8221;-450px||50px||false|false&#8221; custom_margin_last_edited=&#8221;on|phone&#8221; custom_padding=&#8221;0px||0px||false|false&#8221; locked=&#8221;off&#8221; collapsed=&#8221;on&#8221; global_colors_info=&#8221;{}&#8221;][et_pb_row custom_padding_last_edited=&#8221;on|phone&#8221; admin_label=&#8221;Naslov &#8221; _builder_version=&#8221;4.15&#8243; _module_preset=&#8221;default&#8221; width_tablet=&#8221;&#8221; width_phone=&#8221;90%&#8221; width_last_edited=&#8221;on|phone&#8221; custom_padding=&#8221;0px|4vw||4vw|false|false&#8221; custom_padding_tablet=&#8221;0px|4vw||4vw|false|false&#8221; custom_padding_phone=&#8221;0px|25px||25px|false|true&#8221; module_alignment_tablet=&#8221;&#8221; module_alignment_phone=&#8221;center&#8221; module_alignment_last_edited=&#8221;on|phone&#8221; collapsed=&#8221;off&#8221; global_colors_info=&#8221;{}&#8221;][et_pb_column type=&#8221;4_4&#8243; _builder_version=&#8221;4.15&#8243; _module_preset=&#8221;default&#8221; global_colors_info=&#8221;{}&#8221;][et_pb_text _builder_version=&#8221;4.15.1&#8243; _module_preset=&#8221;default&#8221; text_line_height=&#8221;1.5em&#8221; header_font=&#8221;|300|||||||&#8221; header_text_align=&#8221;left&#8221; header_text_color=&#8221;#f6f6f3&#8243; header_font_size=&#8221;3.5em&#8221; header_6_font=&#8221;|||on|||||&#8221; header_6_line_height=&#8221;2em&#8221; background_layout=&#8221;dark&#8221; custom_margin=&#8221;||||false|false&#8221; locked=&#8221;off&#8221; global_colors_info=&#8221;{}&#8221;]<\/p>\n<h1>Va\u0161a varnost je za nas na prvem mestu.<\/h1>\n<p>[\/et_pb_text][\/et_pb_column][\/et_pb_row][et_pb_row column_structure=&#8221;2_3,1_3&#8243; use_custom_gutter=&#8221;on&#8221; gutter_width=&#8221;2&#8243; make_equal=&#8221;on&#8221; custom_padding_last_edited=&#8221;on|phone&#8221; admin_label=&#8221;Opis&#8221; _builder_version=&#8221;4.15&#8243; _module_preset=&#8221;default&#8221; background_color=&#8221;#f6f6f3&#8243; z_index=&#8221;99&#8243; width=&#8221;90%&#8221; custom_margin=&#8221;||||false|false&#8221; custom_padding=&#8221;50px|50px|50px|50px|true|true&#8221; custom_padding_tablet=&#8221;50px|50px|50px|50px|true|true&#8221; custom_padding_phone=&#8221;25px|25px|25px|25px|true|true&#8221; box_shadow_style=&#8221;preset1&#8243; box_shadow_vertical=&#8221;-25px&#8221; box_shadow_spread=&#8221;-10px&#8221; collapsed=&#8221;off&#8221; global_colors_info=&#8221;{}&#8221;][et_pb_column type=&#8221;2_3&#8243; _builder_version=&#8221;4.15&#8243; _module_preset=&#8221;default&#8221; global_colors_info=&#8221;{}&#8221;][et_pb_text _builder_version=&#8221;4.15.1&#8243; _module_preset=&#8221;default&#8221; text_letter_spacing=&#8221;0.03em&#8221; global_colors_info=&#8221;{}&#8221;]Situacijo s koronavirusom skrbno spremljamo, upo\u0161tevamo vse nasvete in priporo\u010dila pristojnih zdravstvenih organizacij in izvajamo potrebne previdnostne ukrepe, da bi vam zagotovili varno in spro\u0161\u010deno bivanje v kampu Zdovica.<\/p>\n<p>Glede na trenutni razvoj pandemije smo v skladu z najnovej\u0161imi smernicami Svetovne zdravstvene organizacije okrepili sanitarne in higienske ukrepe, vklju\u010dno z razku\u017eevanjem in sanitarno za\u0161\u010dito.<\/p>\n<p>Zaradi svoje varnosti upo\u0161tevajte naslednja priporo\u010dila:<\/p>\n<ul>\n<li>Ohranjajte razdaljo, ve\u010djo od 2 metrov.<\/li>\n<li>\u010cim pogosteje si umivajte roke in si jih razku\u017eujte.<\/li>\n<li>No\u0161enje rokavic priporo\u010damo pri pla\u010devanju na recepciji, uporabi bankomata, pranju perila, odlaganju odpadkov ter uporabi sesalca.<\/li>\n<li>\u010ce imate te\u017eave z dihali, nosite masko.<\/li>\n<li>Nujno se izogibajte telesnim stikom in pre\u017eivljanju \u010dasa v skupinah.<\/li>\n<li>V primeru povi\u0161ane telesne temperature ali slabega po\u010dutja o tem takoj obvestite recepcijo kampa.<\/li>\n<li>Upo\u0161tevajte vse higienske ukrepe (kihanje, ka\u0161ljanje v rokav, brisanje nosu z rob\u010dkom, izogibanje pljuvanju).<\/li>\n<li>Odlagajte odpadke.<\/li>\n<li>Priporo\u010damo vam brezsti\u010dno pla\u010devanje.<\/li>\n<li>Priporo\u010damo vam \u010dim kraj\u0161e zadr\u017eevanje v zaprtih prostorih.<\/li>\n<\/ul>\n<p>Vsi na\u0161i zaposleni in osebje poznajo predpisane postopke v tej situaciji in postopke v primeru suma pojava koronavirusa.<\/p>\n<p>Va\u0161a varnost in dobrobit sta na\u0161a prednostna naloga. \u017delimo vam varen in prijeten oddih.[\/et_pb_text][et_pb_text admin_label=&#8221;Dodatne informacije&#8221; _builder_version=&#8221;4.15.1&#8243; _module_preset=&#8221;default&#8221; custom_margin=&#8221;50px||||false|false&#8221; global_colors_info=&#8221;{}&#8221;]<mark>Dodatne informacije:<\/mark><\/p>\n<p><span class=\"et-pb-icon\" style=\"font-size: 16px;\">\ue090<\/span> <a href=\"tel:+38551573150\">+385 51 573 150<\/a><br \/>\n<span class=\"et-pb-icon\" style=\"font-size: 16px;\">\ue076<\/span> <a href=\"mailto:campzdovica@zdovica.com\" target=\"_blank\" rel=\"noopener\">campzdovica@zdovica.com<\/a>[\/et_pb_text][\/et_pb_column][et_pb_column type=&#8221;1_3&#8243; admin_label=&#8221;Slika&#8221; _builder_version=&#8221;4.15&#8243; _module_preset=&#8221;default&#8221; global_colors_info=&#8221;{}&#8221;][et_pb_image src=&#8221;https:\/\/camp-zdovica.com\/wp-content\/uploads\/2022\/03\/stay-safe-badge-large.svg&#8221; alt=&#8221;Stay safe in Croatia&#8221; title_text=&#8221;stay-safe-badge-large&#8221; _builder_version=&#8221;4.15&#8243; _module_preset=&#8221;default&#8221; global_colors_info=&#8221;{}&#8221;][\/et_pb_image][et_pb_image src=&#8221;https:\/\/camp-zdovica.com\/wp-content\/uploads\/2022\/03\/Safe-Travels-Hotel_Kimen_Cres.svg&#8221; alt=&#8221;Safe Travels Hotel Kimen, Cres&#8221; title_text=&#8221;Safe-Travels-Hotel_Kimen_Cres&#8221; align=&#8221;center&#8221; _builder_version=&#8221;4.15&#8243; _module_preset=&#8221;default&#8221; width=&#8221;85%&#8221; module_alignment=&#8221;left&#8221; global_colors_info=&#8221;{}&#8221;][\/et_pb_image][\/et_pb_column][\/et_pb_row][\/et_pb_section]<\/p>\n","protected":false},"excerpt":{"rendered":"<p>Va\u0161a varnost je za nas na prvem mestu.Situacijo s koronavirusom skrbno spremljamo, upo\u0161tevamo vse nasvete in priporo\u010dila pristojnih zdravstvenih organizacij in izvajamo potrebne previdnostne ukrepe, da bi vam zagotovili varno in spro\u0161\u010deno bivanje v kampu Zdovica. Glede na trenutni razvoj pandemije smo v skladu z najnovej\u0161imi smernicami Svetovne zdravstvene organizacije okrepili sanitarne in higienske ukrepe, vklju\u010dno z razku\u017eevanjem in sanitarno za\u0161\u010dito. Zaradi svoje varnosti upo\u0161tevajte naslednja priporo\u010dila: Ohranjajte razdaljo, ve\u010djo od 2 metrov. \u010cim pogosteje si umivajte roke in si jih razku\u017eujte. No\u0161enje rokavic priporo\u010damo pri pla\u010devanju na recepciji, uporabi bankomata, pranju perila, odlaganju odpadkov ter uporabi sesalca. \u010ce imate te\u017eave z dihali, nosite masko. Nujno se izogibajte telesnim stikom in pre\u017eivljanju \u010dasa v skupinah. V primeru povi\u0161ane telesne temperature ali slabega po\u010dutja o tem takoj obvestite recepcijo kampa. Upo\u0161tevajte vse higienske ukrepe (kihanje, ka\u0161ljanje v rokav, brisanje nosu z rob\u010dkom, izogibanje pljuvanju). Odlagajte odpadke. Priporo\u010damo vam brezsti\u010dno pla\u010devanje. Priporo\u010damo vam \u010dim kraj\u0161e zadr\u017eevanje v zaprtih prostorih. Vsi na\u0161i zaposleni in osebje poznajo predpisane postopke v tej situaciji in postopke v primeru suma pojava koronavirusa. Va\u0161a varnost in dobrobit sta na\u0161a prednostna naloga. \u017delimo vam varen in prijeten oddih.Dodatne informacije: \ue090 +385 51 573 150 \ue076 campzdovica@zdovica.com<\/p>\n","protected":false},"author":1,"featured_media":0,"parent":0,"menu_order":0,"comment_status":"closed","ping_status":"closed","template":"","meta":{"_et_pb_use_builder":"on","_et_pb_old_content":"","_et_gb_content_width":"","footnotes":""},"class_list":["post-10546","page","type-page","status-publish","hentry"],"_links":{"self":[{"href":"https:\/\/camp-zdovica.com\/sl\/wp-json\/wp\/v2\/pages\/10546","targetHints":{"allow":["GET"]}}],"collection":[{"href":"https:\/\/camp-zdovica.com\/sl\/wp-json\/wp\/v2\/pages"}],"about":[{"href":"https:\/\/camp-zdovica.com\/sl\/wp-json\/wp\/v2\/types\/page"}],"author":[{"embeddable":true,"href":"https:\/\/camp-zdovica.com\/sl\/wp-json\/wp\/v2\/users\/1"}],"replies":[{"embeddable":true,"href":"https:\/\/camp-zdovica.com\/sl\/wp-json\/wp\/v2\/comments?post=10546"}],"version-history":[{"count":0,"href":"https:\/\/camp-zdovica.com\/sl\/wp-json\/wp\/v2\/pages\/10546\/revisions"}],"wp:attachment":[{"href":"https:\/\/camp-zdovica.com\/sl\/wp-json\/wp\/v2\/media?parent=10546"}],"curies":[{"name":"wp","href":"https:\/\/api.w.org\/{rel}","templated":true}]}}