{"id":10530,"date":"2022-03-10T14:08:32","date_gmt":"2022-03-10T14:08:32","guid":{"rendered":"https:\/\/camp-zdovica.com\/galerija\/"},"modified":"2022-04-15T11:02:42","modified_gmt":"2022-04-15T11:02:42","slug":"galerija","status":"publish","type":"page","link":"https:\/\/camp-zdovica.com\/sl\/galerija\/","title":{"rendered":"Galerija"},"content":{"rendered":"<p>[et_pb_section fb_built=&#8221;1&#8243; admin_label=&#8221;Section: Galerija&#8221; _builder_version=&#8221;4.15.1&#8243; _module_preset=&#8221;default&#8221; background_color=&#8221;RGBA(255,255,255,0)&#8221; custom_padding=&#8221;0px|50px||50px|false|true&#8221; collapsed=&#8221;on&#8221; global_colors_info=&#8221;{}&#8221;][et_pb_row use_custom_gutter=&#8221;on&#8221; gutter_width=&#8221;1&#8243; admin_label=&#8221;Row: Galerija&#8221; _builder_version=&#8221;4.15&#8243; _module_preset=&#8221;default&#8221; width=&#8221;100%&#8221; max_width=&#8221;100%&#8221; custom_padding=&#8221;0px||0px||true|false&#8221; global_colors_info=&#8221;{}&#8221;][et_pb_column type=&#8221;4_4&#8243; _builder_version=&#8221;4.15&#8243; _module_preset=&#8221;default&#8221; global_colors_info=&#8221;{}&#8221;][et_pb_gallery gallery_ids=&#8221;10302,10306,10310,10314,10318,10326,10330,10334,10346,10354,10374,10414,10426,10450,10458,10462,10474,10478,10482&#8243; posts_number=&#8221;12&#8243; show_title_and_caption=&#8221;off&#8221; zoom_icon_color=&#8221;gcid-3131f77a-6e1a-445b-9b43-24689e13d0be&#8221; hover_overlay_color=&#8221;gcid-5bc512f2-0c65-453f-9cae-faf1fcd21461&#8243; hover_icon=&#8221;&#x54;||divi||400&#8243; _builder_version=&#8221;4.15.1&#8243; _module_preset=&#8221;default&#8221; border_radii=&#8221;on|1px|1px|1px|1px&#8221; border_width_all=&#8221;1px&#8221; border_color_all=&#8221;gcid-ea88d038-4ddb-4dbc-b07b-4bf60cb61781&#8243; locked=&#8221;off&#8221; global_colors_info=&#8221;{%22gcid-5bc512f2-0c65-453f-9cae-faf1fcd21461%22:%91%22hover_overlay_color%22%93,%22gcid-3131f77a-6e1a-445b-9b43-24689e13d0be%22:%91%22zoom_icon_color%22%93,%22gcid-ea88d038-4ddb-4dbc-b07b-4bf60cb61781%22:%91%22border_color_all%22%93}&#8221;][\/et_pb_gallery][\/et_pb_column][\/et_pb_row][\/et_pb_section][et_pb_section fb_built=&#8221;1&#8243; admin_label=&#8221;Section: Mnenja&#8221; _builder_version=&#8221;4.15&#8243; _module_preset=&#8221;default&#8221; background_color=&#8221;gcid-41642ab2-c5f2-4464-83fa-3df07ebbaecd&#8221; background_image=&#8221;https:\/\/camp-zdovica.com\/wp-content\/uploads\/2022\/03\/recenzije-kamp-zdovica-valun-cres.webp&#8221; background_blend=&#8221;multiply&#8221; custom_margin=&#8221;|50px||50px|false|true&#8221; custom_margin_tablet=&#8221;|50px||50px|false|true&#8221; custom_margin_phone=&#8221;|0px||0px|false|true&#8221; custom_margin_last_edited=&#8221;on|phone&#8221; locked=&#8221;off&#8221; collapsed=&#8221;off&#8221; global_colors_info=&#8221;{%22gcid-41642ab2-c5f2-4464-83fa-3df07ebbaecd%22:%91%22background_color%22%93}&#8221; theme_builder_area=&#8221;post_content&#8221;][et_pb_row _builder_version=&#8221;4.15&#8243; _module_preset=&#8221;default&#8221; global_colors_info=&#8221;{}&#8221; theme_builder_area=&#8221;post_content&#8221;][et_pb_column type=&#8221;4_4&#8243; _builder_version=&#8221;4.15&#8243; _module_preset=&#8221;default&#8221; global_colors_info=&#8221;{}&#8221; theme_builder_area=&#8221;post_content&#8221;][et_pb_text _builder_version=&#8221;4.15&#8243; _module_preset=&#8221;default&#8221; text_text_color=&#8221;gcid-ea88d038-4ddb-4dbc-b07b-4bf60cb61781&#8243; header_text_color=&#8221;gcid-ea88d038-4ddb-4dbc-b07b-4bf60cb61781&#8243; header_2_text_align=&#8221;center&#8221; header_2_text_color=&#8221;gcid-ea88d038-4ddb-4dbc-b07b-4bf60cb61781&#8243; header_5_text_align=&#8221;center&#8221; header_5_text_color=&#8221;gcid-ea88d038-4ddb-4dbc-b07b-4bf60cb61781&#8243; global_colors_info=&#8221;{%22gcid-ea88d038-4ddb-4dbc-b07b-4bf60cb61781%22:%91%22text_text_color%22,%22header_text_color%22,%22header_2_text_color%22,%22header_5_text_color%22%93}&#8221; theme_builder_area=&#8221;post_content&#8221;]<\/p>\n<h2>Mnenja<\/h2>\n<h5>O nas \u2013 kaj pravijo na\u0161i gostjeu<\/h5>\n<p>[\/et_pb_text][et_pb_slider _builder_version=&#8221;4.15.1&#8243; _module_preset=&#8221;default&#8221; body_font_size=&#8221;20px&#8221; body_line_height=&#8221;1.8em&#8221; background_color=&#8221;RGBA(255,255,255,0)&#8221; global_colors_info=&#8221;{}&#8221; theme_builder_area=&#8221;post_content&#8221;][et_pb_slide _builder_version=&#8221;4.15.1&#8243; _module_preset=&#8221;default&#8221; global_colors_info=&#8221;{}&#8221; sticky_transition=&#8221;on&#8221; theme_builder_area=&#8221;post_content&#8221;]<img loading=\"lazy\" decoding=\"async\" class=\"wp-image-17738 size-full aligncenter\" src=\"https:\/\/kovacine.moonsafari.design\/wp-content\/uploads\/2021\/07\/Recenzije-O-nama\u2013iz-perspektive-gostiju_stars-Kamp-Kovacine.png\" alt=\"\" width=\"142\" height=\"25\" \/><\/p>\n<p>Miren in varen kamp. Majhno mestece z osnovnimi potreb\u0161\u010dinami.\u200b\u200b<\/p>\n<p><span class=\"author_name\"><em> Urkosan <\/em><\/span><br \/>\n<span class=\"author_position\">Slovenia <\/span>[\/et_pb_slide][et_pb_slide _builder_version=&#8221;4.15.1&#8243; _module_preset=&#8221;default&#8221; global_colors_info=&#8221;{}&#8221; sticky_transition=&#8221;on&#8221; theme_builder_area=&#8221;post_content&#8221;]<img loading=\"lazy\" decoding=\"async\" class=\"wp-image-17738 size-full aligncenter\" src=\"https:\/\/kovacine.moonsafari.design\/wp-content\/uploads\/2021\/07\/Recenzije-O-nama\u2013iz-perspektive-gostiju_stars-Kamp-Kovacine.png\" alt=\"\" width=\"142\" height=\"25\" \/><\/p>\n<p>Za tiste ki radi sli\u0161ijo ti\u0161ino&#8230;no ja,pa \u0161kr\u017eate.\u010dudovit kamp\u200b\u200b<\/p>\n<p><span class=\"author_name\"><em> anonymous <\/em><\/span><br \/>\n<span class=\"author_position\">Slovenia <\/span>[\/et_pb_slide][et_pb_slide _builder_version=&#8221;4.15.1&#8243; _module_preset=&#8221;default&#8221; global_colors_info=&#8221;{}&#8221; sticky_transition=&#8221;on&#8221; theme_builder_area=&#8221;post_content&#8221;]<img loading=\"lazy\" decoding=\"async\" class=\"wp-image-17738 size-full aligncenter\" src=\"https:\/\/kovacine.moonsafari.design\/wp-content\/uploads\/2021\/07\/Recenzije-O-nama\u2013iz-perspektive-gostiju_stars-Kamp-Kovacine.png\" alt=\"\" width=\"142\" height=\"25\" \/><\/p>\n<p>Smo bili v tem kampu ravno ta vikend (sicer smo si ga samo ogledali, kampirali smo druje) in lahko re\u010dem samo fenomenalno !!!!!\u2028\u010ce dobimo prosto parcelo se v ta kamp letos sigurno vrnemo.\u2028Kamp le\u017ei v krasni ribi\u0161ki vasici in ima kar nekaj mo\u017enosti lepih pla\u017e s samotnimi koti\u010dki, samo malo mora\u0161 biti iznajdljiv.<\/p>\n<p><span class=\"author_name\"><em>aleia<\/em><\/span><br \/>\n<span class=\"author_position\">Slovenia<\/span>[\/et_pb_slide][\/et_pb_slider][\/et_pb_column][\/et_pb_row][\/et_pb_section]<\/p>\n","protected":false},"excerpt":{"rendered":"<p>Mnenja O nas \u2013 kaj pravijo na\u0161i gostjeu Miren in varen kamp. Majhno mestece z osnovnimi potreb\u0161\u010dinami.\u200b\u200b Urkosan Slovenia Za tiste ki radi sli\u0161ijo ti\u0161ino&#8230;no ja,pa \u0161kr\u017eate.\u010dudovit kamp\u200b\u200b anonymous Slovenia Smo bili v tem kampu ravno ta vikend (sicer smo si ga samo ogledali, kampirali smo druje) in lahko re\u010dem samo fenomenalno !!!!!\u2028\u010ce dobimo prosto parcelo se v ta kamp letos sigurno vrnemo.\u2028Kamp le\u017ei v krasni ribi\u0161ki vasici in ima kar nekaj mo\u017enosti lepih pla\u017e s samotnimi koti\u010dki, samo malo mora\u0161 biti iznajdljiv. aleia Slovenia<\/p>\n","protected":false},"author":1,"featured_media":0,"parent":0,"menu_order":0,"comment_status":"closed","ping_status":"closed","template":"","meta":{"_et_pb_use_builder":"on","_et_pb_old_content":"","_et_gb_content_width":"","footnotes":""},"class_list":["post-10530","page","type-page","status-publish","hentry"],"_links":{"self":[{"href":"https:\/\/camp-zdovica.com\/sl\/wp-json\/wp\/v2\/pages\/10530","targetHints":{"allow":["GET"]}}],"collection":[{"href":"https:\/\/camp-zdovica.com\/sl\/wp-json\/wp\/v2\/pages"}],"about":[{"href":"https:\/\/camp-zdovica.com\/sl\/wp-json\/wp\/v2\/types\/page"}],"author":[{"embeddable":true,"href":"https:\/\/camp-zdovica.com\/sl\/wp-json\/wp\/v2\/users\/1"}],"replies":[{"embeddable":true,"href":"https:\/\/camp-zdovica.com\/sl\/wp-json\/wp\/v2\/comments?post=10530"}],"version-history":[{"count":0,"href":"https:\/\/camp-zdovica.com\/sl\/wp-json\/wp\/v2\/pages\/10530\/revisions"}],"wp:attachment":[{"href":"https:\/\/camp-zdovica.com\/sl\/wp-json\/wp\/v2\/media?parent=10530"}],"curies":[{"name":"wp","href":"https:\/\/api.w.org\/{rel}","templated":true}]}}