{"id":11745,"date":"2025-10-31T18:14:20","date_gmt":"2025-10-31T18:14:20","guid":{"rendered":"https:\/\/camp-zdovica.com\/impressum\/"},"modified":"2025-11-01T11:09:33","modified_gmt":"2025-11-01T11:09:33","slug":"impressum","status":"publish","type":"page","link":"https:\/\/camp-zdovica.com\/it\/impressum\/","title":{"rendered":"Impressum"},"content":{"rendered":"<p>[et_pb_section fb_built=&#8221;1&#8243; _builder_version=&#8221;4.27.4&#8243; _module_preset=&#8221;default&#8221; background_color=&#8221;gcid-4abf9d1a-e699-4c6f-83f2-4facf985ad72&#8243; global_colors_info=&#8221;{%22gcid-4abf9d1a-e699-4c6f-83f2-4facf985ad72%22:%91%22background_color%22%93}&#8221;][et_pb_row column_structure=&#8221;1_2,1_2&#8243; _builder_version=&#8221;4.27.4&#8243; _module_preset=&#8221;default&#8221; global_colors_info=&#8221;{}&#8221;][et_pb_column type=&#8221;1_2&#8243; _builder_version=&#8221;4.27.4&#8243; _module_preset=&#8221;default&#8221; global_colors_info=&#8221;{}&#8221;][et_pb_text _builder_version=&#8221;4.27.4&#8243; _module_preset=&#8221;default&#8221; hover_enabled=&#8221;0&#8243; global_colors_info=&#8221;{}&#8221; sticky_enabled=&#8221;0&#8243;]<\/p>\n<h2>Impressum<\/h2>\n<\/p>\n<h4>Autori delle foto:<\/h4>\n<p>\u00a9 Autore Petar K\u00fcrschner, in Croazia 2019 \u2013 2025<br \/>\n\u00a9 Autore Walter Rekirsch, in Austria 2025.<br \/>\n\u00a9 Autore Style Production, in Croazia 2019., 2022.<br \/>\n\u00a9 Autore Robi Sabli\u0107, in Croazia 2024.<br \/>\n\u00a9 Autore Avtokampi.si, in Slovenia 2021.<br \/>\n\u00a9 Autore Karmela Ma\u0161i\u010d, in Croazia 2020.<br \/>\n\u00a9 Autore Nenad Marti\u0107, in Croazia 2018.<br \/>\n\u00a9 Autore Aerocam, in Croazia 2015.<br \/>\n\u00a9 Autore Cresanka d.d.<\/p>\n<h4>Autori dei video<\/h4>\n<p>\u00a9 Autore Style Production, in Croazia 2019., 2022.<\/p>\n<h4>Autori dei post:<\/h4>\n<p>\u00a9 Autore Cresanka d.d.<\/p>\n<h4>Progettazione e sviluppo del sito web:<\/h4>\n<p>\u00a9 Autore <a href=\"https:moonsafari.design\" target=\"_blank\" rel=\"noopener\" title=\"Moon Safari Design\">Moon Safari<\/a>[\/et_pb_text][\/et_pb_column][et_pb_column type=&#8221;1_2&#8243; _builder_version=&#8221;4.27.4&#8243; _module_preset=&#8221;default&#8221; global_colors_info=&#8221;{}&#8221;][et_pb_text _builder_version=&#8221;4.27.4&#8243; _module_preset=&#8221;default&#8221; hover_enabled=&#8221;0&#8243; global_colors_info=&#8221;{}&#8221; sticky_enabled=&#8221;0&#8243;]<\/p>\n<h2>Informazioni sull\u2019azienda<\/h2>\n<\/p>\n<h4>Nome dell\u2019azienda<\/h4>\n<p>Cresanka societ\u00e0 per azioni per la ristorazione, il turismo e il commercio<\/p>\n<p><strong>N.I.R.I.:<\/strong> 3044122<br \/>\n<strong>Numero d\u2019identificazione personale croato (OIB):<\/strong> 47639427219<br \/>\n<strong>Tribunale del registro:<\/strong> Trgova\u010dki sud u Rijeci<br \/>\n<strong>Sede legale:<\/strong> Cherso (La citt\u00e0 di Cherso), Varozina 25<br \/>\n<strong>Forma giuridica:<\/strong> Societ\u00e0 per azioni<br \/>\n<strong>Capitale sociale:<\/strong> Il capitale sociale ammonta a 10.316.168,00 euro, interamente versato; sono state emesse 28.978 azioni ordinarie, ciascuna del valore nominale di 356,00 euro.<br \/>\n<strong>Conto giro \u2013 IBAN:<\/strong> HR0824020061100386896 Erste Steierm\u00e4rkische bank d.d.<br \/>\n<strong>Presidente del Consiglio di sorveglianza:<\/strong> Lino Sin\u010di\u0107<br \/>\n<strong>Membri del Consiglio di sorveglianza: <\/strong>Andretta Mario, Andretta Marco, Marchesan Francesco, Andretta Massimiliano<br \/>\n<strong>Persona autorizzata a rappresentare la societ\u00e0: <\/strong>Stevo Filini\u0107[\/et_pb_text][\/et_pb_column][\/et_pb_row][\/et_pb_section]<\/p>\n","protected":false},"excerpt":{"rendered":"<p>Impressum Autori delle foto: \u00a9 Autore Petar K\u00fcrschner, in Croazia 2019 \u2013 2025 \u00a9 Autore Walter Rekirsch, in Austria 2025. \u00a9 Autore Style Production, in Croazia 2019., 2022. \u00a9 Autore Robi Sabli\u0107, in Croazia 2024. \u00a9 Autore Avtokampi.si, in Slovenia 2021. \u00a9 Autore Karmela Ma\u0161i\u010d, in Croazia 2020. \u00a9 Autore Nenad Marti\u0107, in Croazia 2018. \u00a9 Autore Aerocam, in Croazia 2015. \u00a9 Autore Cresanka d.d. Autori dei video \u00a9 Autore Style Production, in Croazia 2019., 2022. Autori dei post: \u00a9 Autore Cresanka d.d. Progettazione e sviluppo del sito web: \u00a9 Autore Moon SafariInformazioni sull\u2019azienda Nome dell\u2019azienda Cresanka societ\u00e0 per azioni per la ristorazione, il turismo e il commercio N.I.R.I.: 3044122 Numero d\u2019identificazione personale croato (OIB): 47639427219 Tribunale del registro: Trgova\u010dki sud u Rijeci Sede legale: Cherso (La citt\u00e0 di Cherso), Varozina 25 Forma giuridica: Societ\u00e0 per azioni Capitale sociale: Il capitale sociale ammonta a 10.316.168,00 euro, interamente versato; sono state emesse 28.978 azioni ordinarie, ciascuna del valore nominale di 356,00 euro. Conto giro \u2013 IBAN: HR0824020061100386896 Erste Steierm\u00e4rkische bank d.d. Presidente del Consiglio di sorveglianza: Lino Sin\u010di\u0107 Membri del Consiglio di sorveglianza: Andretta Mario, Andretta Marco, Marchesan Francesco, Andretta Massimiliano Persona autorizzata a rappresentare la societ\u00e0: Stevo Filini\u0107<\/p>\n","protected":false},"author":1,"featured_media":0,"parent":0,"menu_order":0,"comment_status":"closed","ping_status":"closed","template":"","meta":{"_et_pb_use_builder":"on","_et_pb_old_content":"","_et_gb_content_width":"","footnotes":""},"class_list":["post-11745","page","type-page","status-publish","hentry"],"_links":{"self":[{"href":"https:\/\/camp-zdovica.com\/it\/wp-json\/wp\/v2\/pages\/11745","targetHints":{"allow":["GET"]}}],"collection":[{"href":"https:\/\/camp-zdovica.com\/it\/wp-json\/wp\/v2\/pages"}],"about":[{"href":"https:\/\/camp-zdovica.com\/it\/wp-json\/wp\/v2\/types\/page"}],"author":[{"embeddable":true,"href":"https:\/\/camp-zdovica.com\/it\/wp-json\/wp\/v2\/users\/1"}],"replies":[{"embeddable":true,"href":"https:\/\/camp-zdovica.com\/it\/wp-json\/wp\/v2\/comments?post=11745"}],"version-history":[{"count":0,"href":"https:\/\/camp-zdovica.com\/it\/wp-json\/wp\/v2\/pages\/11745\/revisions"}],"wp:attachment":[{"href":"https:\/\/camp-zdovica.com\/it\/wp-json\/wp\/v2\/media?parent=11745"}],"curies":[{"name":"wp","href":"https:\/\/api.w.org\/{rel}","templated":true}]}}