{"id":10619,"date":"2022-03-10T14:07:43","date_gmt":"2022-03-10T14:07:43","guid":{"rendered":"https:\/\/camp-zdovica.com\/posti-per-campeggiare\/"},"modified":"2022-04-25T16:19:38","modified_gmt":"2022-04-25T16:19:38","slug":"posti-per-campeggiare","status":"publish","type":"page","link":"https:\/\/camp-zdovica.com\/it\/posti-per-campeggiare\/","title":{"rendered":"Posti per campeggiare"},"content":{"rendered":"<p>[et_pb_section fb_built=&#8221;1&#8243; admin_label=&#8221;Section: Header&#8221; module_class=&#8221;dh-valign-center-section&#8221; _builder_version=&#8221;4.16&#8243; background_color=&#8221;gcid-41642ab2-c5f2-4464-83fa-3df07ebbaecd&#8221; background_image=&#8221;https:\/\/camp-zdovica.com\/wp-content\/uploads\/2022\/03\/kamp-mjesta-u-kampu-zdovica-valun-cres.webp&#8221; background_blend=&#8221;multiply&#8221; height=&#8221;80vh&#8221; bottom_divider_style=&#8221;waves2&#8243; bottom_divider_color=&#8221;gcid-ea88d038-4ddb-4dbc-b07b-4bf60cb61781&#8243; collapsed=&#8221;on&#8221; global_colors_info=&#8221;{%22gcid-ea88d038-4ddb-4dbc-b07b-4bf60cb61781%22:%91%22bottom_divider_color%22%93,%22gcid-41642ab2-c5f2-4464-83fa-3df07ebbaecd%22:%91%22background_color%22%93}&#8221;][\/et_pb_section][et_pb_section fb_built=&#8221;1&#8243; admin_label=&#8221;Section: Kamp mjesta&#8221; _builder_version=&#8221;4.16&#8243; _module_preset=&#8221;default&#8221; background_color=&#8221;RGBA(255,255,255,0)&#8221; z_index=&#8221;1&#8243; custom_margin=&#8221;-350px||||false|false&#8221; custom_padding=&#8221;0px||||false|false&#8221; collapsed=&#8221;off&#8221; global_colors_info=&#8221;{}&#8221;][et_pb_row _builder_version=&#8221;4.16&#8243; _module_preset=&#8221;default&#8221; custom_padding=&#8221;50px|50px|50px|50px|true|true&#8221; global_colors_info=&#8221;{}&#8221;][et_pb_column type=&#8221;4_4&#8243; _builder_version=&#8221;4.16&#8243; _module_preset=&#8221;default&#8221; global_colors_info=&#8221;{}&#8221;][et_pb_text _builder_version=&#8221;4.17.1&#8243; _module_preset=&#8221;default&#8221; header_font=&#8221;|300|||||||&#8221; header_text_color=&#8221;gcid-ea88d038-4ddb-4dbc-b07b-4bf60cb61781&#8243; header_line_height=&#8221;1.5em&#8221; header_6_font=&#8221;|700||on|||||&#8221; header_6_text_color=&#8221;gcid-ea88d038-4ddb-4dbc-b07b-4bf60cb61781&#8243; header_6_letter_spacing=&#8221;3px&#8221; hover_enabled=&#8221;0&#8243; global_colors_info=&#8221;{%22gcid-ea88d038-4ddb-4dbc-b07b-4bf60cb61781%22:%91%22header_text_color%22,%22header_6_text_color%22%93}&#8221; sticky_enabled=&#8221;0&#8243;]<\/p>\n<h1>Posti per campeggiare<\/h1>\n<h6>Il vostro soggiorno nella natura incontaminata<\/h6>\n<p>[\/et_pb_text][\/et_pb_column][\/et_pb_row][et_pb_row column_structure=&#8221;2_3,1_3&#8243; _builder_version=&#8221;4.16&#8243; _module_preset=&#8221;default&#8221; background_color=&#8221;gcid-ea88d038-4ddb-4dbc-b07b-4bf60cb61781&#8243; custom_padding=&#8221;50px|50px|50px|50px|true|true&#8221; box_shadow_style=&#8221;preset1&#8243; box_shadow_vertical=&#8221;-30px&#8221; global_colors_info=&#8221;{%22gcid-ea88d038-4ddb-4dbc-b07b-4bf60cb61781%22:%91%22background_color%22%93}&#8221;][et_pb_column type=&#8221;2_3&#8243; _builder_version=&#8221;4.16&#8243; _module_preset=&#8221;default&#8221; global_colors_info=&#8221;{}&#8221;][et_pb_text _builder_version=&#8221;4.17.1&#8243; _module_preset=&#8221;default&#8221; dsm_modules_readmore=&#8221;on&#8221; dsm_modules_readmore_more_link_text=&#8221;DI PI\u00d9&#8221; dsm_modules_readmore_less_link_text=&#8221;MENO&#8221; dsm_modules_readmore_font=&#8221;|700||on|||||&#8221; dsm_modules_readmore_text_align=&#8221;center&#8221; dsm_modules_readmore_font_size=&#8221;11px&#8221; dsm_modules_readmore_link_color=&#8221;gcid-3131f77a-6e1a-445b-9b43-24689e13d0be&#8221; global_colors_info=&#8221;{%22gcid-3131f77a-6e1a-445b-9b43-24689e13d0be%22:%91%22dsm_modules_readmore_link_color%22%93,%22gcid-465303d5-2687-4af5-b72e-44a8243ff2fe%22:%91%22dsm_modules_readmore_link_color__hover%22%93}&#8221; dsm_modules_readmore_link_color__hover_enabled=&#8221;on|hover&#8221; dsm_modules_readmore_link_color__hover=&#8221;#7fc31b&#8221;]Quando \u00e8 stata l\u2019ultima volta che vi siete concessi di rallentare e sentire il ritmo della natura? Tuffatevi in questa fuga lontano dalla quotidianit\u00e0 e cominciate a vivere con tutti i sensi. Il campeggio Zdovica \u2013 piccolo, ma molto speciale \u2013 sar\u00e0 il vostro rifugio e l&#8217;ambiente in cui ritrovare l\u2019ispirazione.<\/p>\n<p>Il campeggio Zdovica \u00e8 situato nei pressi della pittoresca localit\u00e0 di pescatori di Valun, a circa 15 km di distanza dalla citt\u00e0 di Cherso (Cres). Collocato in una baia idilliaca proprio sulla spiaggia, direttamente sul mare, dispone di diversi posti per campeggiare sui quali possono soggiornare circa 250 persone.<\/p>\n<p>Per le vostre vacanze attive avrete a disposizione diversi contenuti sportivi tra cui i campi di beach volley, bocce e pallacanestro, mentre per il divertimento dei nostri ospiti pi\u00f9 piccoli abbiamo allestito un\u2019area giochi per bambini.<\/p>\n<p>Potrete acquistare tutto ci\u00f2 di cui doveste aver bisogno a Valun e, per scoprire l\u2019isola di Cherso anche dal punto di vista gastronomico, vi consigliamo caldamente di scegliere uno dei numerosi ristoranti del luogo.<\/p>\n<p>Per vivere un\u2019esperienza autentica della natura in campeggio \u00e8 concesso campeggiare esclusivamente in tenda. Inoltre, non \u00e8 possibile entrare in campeggio con l\u2019automobile, in moto o con la roulotte. I veicoli vengono lasciati nel vicino parcheggio (secondo il listino del concessionario del parcheggio) e i bagagli trasportati in campeggio con un carrello a mano.<\/p>\n<p>Visitate il campeggio e scegliete da soli la piazzola sulla quale desiderate soggiornare \u2013 lasciatevi guidare dall\u2019energia della natura. Non effettuiamo prenotazioni per le piazzole\/posti per campeggiare.[\/et_pb_text][\/et_pb_column][et_pb_column type=&#8221;1_3&#8243; _builder_version=&#8221;4.16&#8243; _module_preset=&#8221;default&#8221; global_colors_info=&#8221;{}&#8221;][et_pb_text _builder_version=&#8221;4.16&#8243; _module_preset=&#8221;default&#8221; header_6_font=&#8221;||||||||&#8221; header_6_letter_spacing=&#8221;2px&#8221; global_colors_info=&#8221;{}&#8221;]<\/p>\n<h6>Caratteristiche:<\/h6>\n<p>[\/et_pb_text][et_pb_text _builder_version=&#8221;4.16&#8243; _module_preset=&#8221;default&#8221; global_colors_info=&#8221;{}&#8221;]<\/p>\n<ul>\n<li>situato sulla spiaggia<\/li>\n<li>capienza 250 persone<\/li>\n<li>Beach volley<\/li>\n<li>sala da bowling<\/li>\n<li>campo da basket<\/li>\n<li>parco giochi per bambini<\/li>\n<\/ul>\n<p>[\/et_pb_text][\/et_pb_column][\/et_pb_row][et_pb_row column_structure=&#8221;2_3,1_3&#8243; admin_label=&#8221;Row: Cjenik&#8221; _builder_version=&#8221;4.16&#8243; _module_preset=&#8221;default&#8221; custom_padding=&#8221;|50px||50px|false|true&#8221; global_colors_info=&#8221;{}&#8221;][et_pb_column type=&#8221;2_3&#8243; _builder_version=&#8221;4.16&#8243; _module_preset=&#8221;default&#8221; global_colors_info=&#8221;{}&#8221;][et_pb_text _builder_version=&#8221;4.16&#8243; _module_preset=&#8221;default&#8221; header_6_font=&#8221;|700||on|||||&#8221; header_6_letter_spacing=&#8221;1px&#8221; global_colors_info=&#8221;{}&#8221;]<\/p>\n<h6>KAMP ZDOVICA &#8211; LISTINO PREZZI 2022<\/h6>\n<p>[\/et_pb_text][dvmd_table_maker tbl_tcell_cell_align_horz=&#8221;center&#8221; tbl_chead_cell_color=&#8221;gcid-5bc512f2-0c65-453f-9cae-faf1fcd21461&#8243; tbl_chead_cell_align_horz=&#8221;center&#8221; tbl_rhead_cell_color=&#8221;gcid-5bc512f2-0c65-453f-9cae-faf1fcd21461&#8243; tbl_rhead_cell_align_horz=&#8221;left&#8221; _builder_version=&#8221;4.17.1&#8243; _module_preset=&#8221;default&#8221; tbl_chead_text_font=&#8221;||||||||&#8221; tbl_chead_text_text_color=&#8221;gcid-145e346e-47b7-442d-830a-bd218e33967c&#8221; tbl_chead_text_font_size=&#8221;16px&#8221; tbl_chead_text_line_height=&#8221;1.2em&#8221; tbl_rhead_text_font=&#8221;|||on|||||&#8221; tbl_rhead_text_text_color=&#8221;gcid-145e346e-47b7-442d-830a-bd218e33967c&#8221; tbl_rhead_text_font_size=&#8221;14px&#8221; tbl_rhead_text_letter_spacing=&#8221;0.4px&#8221; tbl_rhead_text_line_height=&#8221;1.3em&#8221; hover_enabled=&#8221;0&#8243; global_colors_info=&#8221;{%22gcid-5bc512f2-0c65-453f-9cae-faf1fcd21461%22:%91%22tbl_chead_cell_color%22,%22tbl_rhead_cell_color%22%93,%22gcid-145e346e-47b7-442d-830a-bd218e33967c%22:%91%22tbl_chead_text_text_color%22,%22tbl_rhead_text_text_color%22%93}&#8221; sticky_enabled=&#8221;0&#8243;][dvmd_table_maker_item col_content=&#8221;<br \/>\nADULTO<br \/>\nBAMBINO 5 &#8211; 12 (11,99) ANNI<br \/>\nBAMBINO FINO A 5 (4,99) ANNI<br \/>\nANIMALE DA COMPAGNIA<br \/>\nFRIGORIFERO&#8221; _builder_version=&#8221;4.17.1&#8243; _module_preset=&#8221;default&#8221; hover_enabled=&#8221;0&#8243; global_colors_info=&#8221;{}&#8221; sticky_enabled=&#8221;0&#8243;][\/dvmd_table_maker_item][dvmd_table_maker_item col_content=&#8221;XX.-24.06.<br \/>27.08.-18.09.<br \/>\n12,70<br \/>\n5,00<br \/>\ngratis<br \/>\ngratis<br \/>\n2,00&#8243; _builder_version=&#8221;4.16&#8243; _module_preset=&#8221;default&#8221; global_colors_info=&#8221;{}&#8221;][\/dvmd_table_maker_item][dvmd_table_maker_item col_content=&#8221;25.06.-29.07.<br \/>20.08.-26.08.<br \/>\n16,20<br \/>\n6,90<br \/>\ngratis<br \/>\n3,80<br \/>\n3,00&#8243; _builder_version=&#8221;4.16&#8243; _module_preset=&#8221;default&#8221; global_colors_info=&#8221;{}&#8221;][\/dvmd_table_maker_item][dvmd_table_maker_item col_content=&#8221;30.07.-19.08.<br \/>\n18,70<br \/>\n7,70<br \/>\ngratis<br \/>\n4,80<br \/>\n4,00&#8243; _builder_version=&#8221;4.16&#8243; _module_preset=&#8221;default&#8221; global_colors_info=&#8221;{}&#8221;][\/dvmd_table_maker_item][\/dvmd_table_maker][et_pb_text _builder_version=&#8221;4.16&#8243; _module_preset=&#8221;default&#8221; text_font=&#8221;|600||on|||||&#8221; text_text_color=&#8221;gcid-3131f77a-6e1a-445b-9b43-24689e13d0be&#8221; text_font_size=&#8221;10px&#8221; global_colors_info=&#8221;{%22gcid-3131f77a-6e1a-445b-9b43-24689e13d0be%22:%91%22text_text_color%22%93}&#8221;]I PREZZI SONO ESPRESSI IN EURO E AL GIORNO.<br \/>\nI prezzi hanno carattere informativo e possono eventualmente essere modificati.<br \/>\nIl pagamento del Vostro soggiorno avviene nella ricezione della agenzia turistica \u201cTurist\u201d a\u00a0 Valun.[\/et_pb_text][\/et_pb_column][et_pb_column type=&#8221;1_3&#8243; _builder_version=&#8221;4.16&#8243; _module_preset=&#8221;default&#8221; global_colors_info=&#8221;{}&#8221;][et_pb_text _builder_version=&#8221;4.16&#8243; _module_preset=&#8221;default&#8221; text_font=&#8221;||||||||&#8221; text_font_size=&#8221;14px&#8221; text_letter_spacing=&#8221;0.4px&#8221; header_6_font=&#8221;|700||on|||||&#8221; header_6_line_height=&#8221;1.4em&#8221; global_colors_info=&#8221;{}&#8221;]<\/p>\n<h6>NEI PREZZI INDICATI SONO INCLUSI:<\/h6>\n<ul>\n<li style=\"list-style-type: none;\">\n<ul>\n<li style=\"list-style-type: none;\">\n<ul>\n<li>tassa di soggiorno,<\/li>\n<li>IVA,<\/li>\n<li>piazzola,<\/li>\n<li>corrente elettrica,<\/li>\n<li>tenda<\/li>\n<li>uso dei servizi igienici.<\/li>\n<\/ul>\n<\/li>\n<\/ul>\n<\/li>\n<\/ul>\n<h6>SCONTI STAGIONALI:<\/h6>\n<p><strong>Dal XX al 2\/7\/2022 (giorno della partenza) e dal 3\/9 al 18\/9\/2022:<\/strong><\/p>\n<ul>\n<li style=\"list-style-type: none;\">\n<ul>\n<li style=\"list-style-type: none;\">\n<ul>\n<li>soggiornate per 7 notti = pagate per 6 notti<\/li>\n<li>soggiornate per 14 notti = pagate per 12 not<\/li>\n<\/ul>\n<\/li>\n<\/ul>\n<\/li>\n<\/ul>\n<p>[\/et_pb_text][\/et_pb_column][\/et_pb_row][\/et_pb_section][et_pb_section fb_built=&#8221;1&#8243; admin_label=&#8221;Section: Galerija&#8221; _builder_version=&#8221;4.16&#8243; _module_preset=&#8221;default&#8221; background_color=&#8221;RGBA(255,255,255,0)&#8221; custom_padding=&#8221;50px|50px|50px|50px|true|true&#8221; collapsed=&#8221;on&#8221; global_colors_info=&#8221;{}&#8221;][et_pb_row use_custom_gutter=&#8221;on&#8221; gutter_width=&#8221;1&#8243; _builder_version=&#8221;4.16&#8243; _module_preset=&#8221;default&#8221; width=&#8221;100%&#8221; max_width=&#8221;100%&#8221; module_alignment=&#8221;center&#8221; custom_padding=&#8221;0px||0px||true|false&#8221; global_colors_info=&#8221;{}&#8221;][et_pb_column type=&#8221;4_4&#8243; _builder_version=&#8221;4.16&#8243; _module_preset=&#8221;default&#8221; global_colors_info=&#8221;{}&#8221;][et_pb_gallery gallery_ids=&#8221;10369,10373,10413,10425,10449&#8243; posts_number=&#8221;5&#8243; show_title_and_caption=&#8221;off&#8221; show_pagination=&#8221;off&#8221; zoom_icon_color=&#8221;gcid-465303d5-2687-4af5-b72e-44a8243ff2fe&#8221; hover_overlay_color=&#8221;gcid-5c4ab573-64e5-41ed-8c31-fb384b1e4658&#8243; hover_icon=&#8221;&#x54;||divi||400&#8243; _builder_version=&#8221;4.16&#8243; _module_preset=&#8221;default&#8221; child_mix_blend_mode=&#8221;multiply&#8221; custom_css_gallery_item=&#8221;width: 20% !important;||margin: 0 !important;||clear: none !important;&#8221; custom_css_gallery_item_title=&#8221;width: 20% !important;||margin: 0 !important;||clear: none !important;&#8221; border_width_all_image=&#8221;1px&#8221; border_color_all_image=&#8221;gcid-ea88d038-4ddb-4dbc-b07b-4bf60cb61781&#8243; global_colors_info=&#8221;{%22gcid-ea88d038-4ddb-4dbc-b07b-4bf60cb61781%22:%91%22border_color_all_image%22%93,%22gcid-5c4ab573-64e5-41ed-8c31-fb384b1e4658%22:%91%22hover_overlay_color%22%93,%22gcid-465303d5-2687-4af5-b72e-44a8243ff2fe%22:%91%22zoom_icon_color%22%93}&#8221;][\/et_pb_gallery][\/et_pb_column][\/et_pb_row][\/et_pb_section][et_pb_section fb_built=&#8221;1&#8243; admin_label=&#8221;Section: Recenzije&#8221; _builder_version=&#8221;4.16&#8243; _module_preset=&#8221;default&#8221; background_color=&#8221;gcid-41642ab2-c5f2-4464-83fa-3df07ebbaecd&#8221; background_image=&#8221;https:\/\/camp-zdovica.com\/wp-content\/uploads\/2022\/03\/recenzije-kamp-zdovica-valun-cres.webp&#8221; background_blend=&#8221;multiply&#8221; custom_margin=&#8221;|50px||50px|false|true&#8221; custom_margin_tablet=&#8221;|50px||50px|false|true&#8221; custom_margin_phone=&#8221;|0px||0px|false|true&#8221; custom_margin_last_edited=&#8221;on|phone&#8221; locked=&#8221;off&#8221; collapsed=&#8221;on&#8221; global_colors_info=&#8221;{%22gcid-41642ab2-c5f2-4464-83fa-3df07ebbaecd%22:%91%22background_color%22%93}&#8221;][et_pb_row _builder_version=&#8221;4.16&#8243; _module_preset=&#8221;default&#8221; global_colors_info=&#8221;{}&#8221;][et_pb_column type=&#8221;4_4&#8243; _builder_version=&#8221;4.16&#8243; _module_preset=&#8221;default&#8221; global_colors_info=&#8221;{}&#8221;][et_pb_text _builder_version=&#8221;4.16&#8243; _module_preset=&#8221;default&#8221; text_text_color=&#8221;gcid-ea88d038-4ddb-4dbc-b07b-4bf60cb61781&#8243; header_text_color=&#8221;gcid-ea88d038-4ddb-4dbc-b07b-4bf60cb61781&#8243; header_2_text_align=&#8221;center&#8221; header_2_text_color=&#8221;gcid-ea88d038-4ddb-4dbc-b07b-4bf60cb61781&#8243; header_5_text_align=&#8221;center&#8221; header_5_text_color=&#8221;gcid-ea88d038-4ddb-4dbc-b07b-4bf60cb61781&#8243; global_colors_info=&#8221;{%22gcid-ea88d038-4ddb-4dbc-b07b-4bf60cb61781%22:%91%22text_text_color%22,%22header_text_color%22,%22header_2_text_color%22,%22header_5_text_color%22%93}&#8221;]<\/p>\n<h2>Recensioni<\/h2>\n<h5><span style=\"font-weight: 400;\">Chi siamo \u2013 dal punto di vista dei nostri ospiti<\/span><\/h5>\n<p>[\/et_pb_text][et_pb_slider _builder_version=&#8221;4.16&#8243; _module_preset=&#8221;default&#8221; body_font_size=&#8221;20px&#8221; body_line_height=&#8221;1.8em&#8221; background_color=&#8221;RGBA(255,255,255,0)&#8221; global_colors_info=&#8221;{}&#8221;][et_pb_slide _builder_version=&#8221;4.16&#8243; _module_preset=&#8221;default&#8221; global_colors_info=&#8221;{}&#8221; sticky_transition=&#8221;on&#8221;]<img loading=\"lazy\" decoding=\"async\" class=\"wp-image-17738 size-full aligncenter\" src=\"https:\/\/camp-zdovica.com\/wp-content\/uploads\/2022\/03\/Recenzije-O-nama\u2013iz-perspektive-gostiju_stars-Kamp-Kovacine.png\" alt=\"\" width=\"142\" height=\"25\" \/><\/p>\n<p>Ottimo campeggio frontemare. Ombreggiato, economico, semplice, e pulito.<br \/>\n\u00c8 dotato di frighi. Non \u00e8 raggiungibile in macchina, esistono degli accessi carrabile ad un centinaio di metri dal campeggio, un po\u2019 scomodo ma decisamente silenzioso. Se arrivate quando il campeggio \u00e8 chiuso potete comunque trovare posto \u00e8 fare il check-in il giorno seguente. L\u2019ufficio di riferimento \u00e8 fuori dal campeggio.<\/p>\n<p><span class=\"author_name\"><em>TGL MHL<\/em><\/span><br \/>\n<span class=\"author_position\">Italia <\/span>[\/et_pb_slide][et_pb_slide _builder_version=&#8221;4.16&#8243; _module_preset=&#8221;default&#8221; global_colors_info=&#8221;{}&#8221; sticky_transition=&#8221;on&#8221;]<img loading=\"lazy\" decoding=\"async\" class=\"wp-image-17738 size-full aligncenter\" src=\"https:\/\/camp-zdovica.com\/wp-content\/uploads\/2022\/03\/Recenzije-O-nama\u2013iz-perspektive-gostiju_stars-Kamp-Kovacine.png\" alt=\"\" width=\"142\" height=\"25\" \/><\/p>\n<p>Il campeggio pi\u00f9 bello del mondo. Semplicissimo, niente camper, niente roulotte, niente auto. Nessuna concessione a quei campeggioni moderni pieni di attivit\u00e0, qui si piazza la tenda e basta. Ma servizi igienici pulitissimi, piazzole curate, e siete a 1 metro dal mare dentro una pineta. Fantastico per chi ama questo genere di posti.<\/p>\n<p><span class=\"author_name\"><em>Giovanni Damiani<\/em><\/span><br \/>\n<span class=\"author_position\">Italia<\/span>[\/et_pb_slide][et_pb_slide _builder_version=&#8221;4.16&#8243; _module_preset=&#8221;default&#8221; global_colors_info=&#8221;{}&#8221; sticky_transition=&#8221;on&#8221;]<img loading=\"lazy\" decoding=\"async\" class=\"wp-image-17738 size-full aligncenter\" src=\"https:\/\/camp-zdovica.com\/wp-content\/uploads\/2022\/03\/Recenzije-O-nama\u2013iz-perspektive-gostiju_stars-Kamp-Kovacine.png\" alt=\"\" width=\"142\" height=\"25\" \/><\/p>\n<p>Meraviglioso. Se volete tranquillit\u00e0 e vita un po&#8217; spartana. Ha tutto ci\u00f2 che vi serve. Ottimo davvero, prezzi veramente economici. Solo tende, per fortuna.<\/p>\n<p><span class=\"author_name\"><em>k<\/em><\/span><br \/>\n<span class=\"author_position\">Italia<\/span>[\/et_pb_slide][\/et_pb_slider][\/et_pb_column][\/et_pb_row][\/et_pb_section]<\/p>\n","protected":false},"excerpt":{"rendered":"<p>Posti per campeggiare Il vostro soggiorno nella natura incontaminataQuando \u00e8 stata l\u2019ultima volta che vi siete concessi di rallentare e sentire il ritmo della natura? Tuffatevi in questa fuga lontano dalla quotidianit\u00e0 e cominciate a vivere con tutti i sensi. Il campeggio Zdovica \u2013 piccolo, ma molto speciale \u2013 sar\u00e0 il vostro rifugio e l&#8217;ambiente in cui ritrovare l\u2019ispirazione. Il campeggio Zdovica \u00e8 situato nei pressi della pittoresca localit\u00e0 di pescatori di Valun, a circa 15 km di distanza dalla citt\u00e0 di Cherso (Cres). Collocato in una baia idilliaca proprio sulla spiaggia, direttamente sul mare, dispone di diversi posti per campeggiare sui quali possono soggiornare circa 250 persone. Per le vostre vacanze attive avrete a disposizione diversi contenuti sportivi tra cui i campi di beach volley, bocce e pallacanestro, mentre per il divertimento dei nostri ospiti pi\u00f9 piccoli abbiamo allestito un\u2019area giochi per bambini. Potrete acquistare tutto ci\u00f2 di cui doveste aver bisogno a Valun e, per scoprire l\u2019isola di Cherso anche dal punto di vista gastronomico, vi consigliamo caldamente di scegliere uno dei numerosi ristoranti del luogo. Per vivere un\u2019esperienza autentica della natura in campeggio \u00e8 concesso campeggiare esclusivamente in tenda. Inoltre, non \u00e8 possibile entrare in campeggio con [&hellip;]<\/p>\n","protected":false},"author":1,"featured_media":0,"parent":0,"menu_order":0,"comment_status":"closed","ping_status":"closed","template":"","meta":{"_et_pb_use_builder":"on","_et_pb_old_content":"","_et_gb_content_width":"","footnotes":""},"class_list":["post-10619","page","type-page","status-publish","hentry"],"_links":{"self":[{"href":"https:\/\/camp-zdovica.com\/it\/wp-json\/wp\/v2\/pages\/10619","targetHints":{"allow":["GET"]}}],"collection":[{"href":"https:\/\/camp-zdovica.com\/it\/wp-json\/wp\/v2\/pages"}],"about":[{"href":"https:\/\/camp-zdovica.com\/it\/wp-json\/wp\/v2\/types\/page"}],"author":[{"embeddable":true,"href":"https:\/\/camp-zdovica.com\/it\/wp-json\/wp\/v2\/users\/1"}],"replies":[{"embeddable":true,"href":"https:\/\/camp-zdovica.com\/it\/wp-json\/wp\/v2\/comments?post=10619"}],"version-history":[{"count":0,"href":"https:\/\/camp-zdovica.com\/it\/wp-json\/wp\/v2\/pages\/10619\/revisions"}],"wp:attachment":[{"href":"https:\/\/camp-zdovica.com\/it\/wp-json\/wp\/v2\/media?parent=10619"}],"curies":[{"name":"wp","href":"https:\/\/api.w.org\/{rel}","templated":true}]}}