{"id":10607,"date":"2022-03-25T07:59:41","date_gmt":"2022-03-25T07:59:41","guid":{"rendered":"https:\/\/camp-zdovica.com\/dichiarazione-sulla-sicurezza\/"},"modified":"2022-03-29T12:39:03","modified_gmt":"2022-03-29T12:39:03","slug":"dichiarazione-sulla-sicurezza","status":"publish","type":"page","link":"https:\/\/camp-zdovica.com\/it\/dichiarazione-sulla-sicurezza\/","title":{"rendered":"Dichiarazione sulla sicurezza"},"content":{"rendered":"<p>[et_pb_section fb_built=&#8221;1&#8243; admin_label=&#8221;Hero image&#8221; _builder_version=&#8221;4.15.1&#8243; _module_preset=&#8221;default&#8221; background_color=&#8221;gcid-41642ab2-c5f2-4464-83fa-3df07ebbaecd&#8221; background_image=&#8221;https:\/\/camp-zdovica.com\/wp-content\/uploads\/2022\/03\/opci-uvjeti-poslovanja-kamp-zdovica-valun-cres.webp&#8221; background_position=&#8221;top_center&#8221; background_blend=&#8221;multiply&#8221; min_height=&#8221;400px&#8221; min_height_tablet=&#8221;400px&#8221; min_height_phone=&#8221;400px&#8221; min_height_last_edited=&#8221;on|phone&#8221; height_tablet=&#8221;&#8221; height_phone=&#8221;600px&#8221; height_last_edited=&#8221;on|phone&#8221; top_divider_color=&#8221;#e02b20&#8243; bottom_divider_style=&#8221;waves2&#8243; bottom_divider_color=&#8221;#f6f6f3&#8243; bottom_divider_style_tablet=&#8221;waves2&#8243; bottom_divider_style_phone=&#8221;wave2&#8243; bottom_divider_style_last_edited=&#8221;on|phone&#8221; collapsed=&#8221;on&#8221; global_colors_info=&#8221;{%22gcid-41642ab2-c5f2-4464-83fa-3df07ebbaecd%22:%91%22background_color%22%93}&#8221;][\/et_pb_section][et_pb_section fb_built=&#8221;1&#8243; admin_label=&#8221;GDPR&#8221; _builder_version=&#8221;4.15.1&#8243; _module_preset=&#8221;default&#8221; background_color=&#8221;rgba(0,0,0,0)&#8221; custom_margin=&#8221;-250px||50px||false|false&#8221; custom_margin_tablet=&#8221;-200px||50px||false|false&#8221; custom_margin_phone=&#8221;-350px||50px||false|false&#8221; custom_margin_last_edited=&#8221;on|phone&#8221; custom_padding=&#8221;0px||0px||false|false&#8221; hover_enabled=&#8221;0&#8243; collapsed=&#8221;off&#8221; global_colors_info=&#8221;{}&#8221; sticky_enabled=&#8221;0&#8243;][et_pb_row admin_label=&#8221;Naslov &#8221; _builder_version=&#8221;4.15.1&#8243; _module_preset=&#8221;default&#8221; width_tablet=&#8221;&#8221; width_phone=&#8221;90%&#8221; width_last_edited=&#8221;on|phone&#8221; custom_padding=&#8221;50px|50px|50px|50px|true|true&#8221; collapsed=&#8221;off&#8221; global_colors_info=&#8221;{}&#8221;][et_pb_column type=&#8221;4_4&#8243; _builder_version=&#8221;4.15&#8243; _module_preset=&#8221;default&#8221; global_colors_info=&#8221;{}&#8221;][et_pb_text _builder_version=&#8221;4.15.1&#8243; _module_preset=&#8221;default&#8221; text_line_height=&#8221;1.5em&#8221; header_font=&#8221;|300|||||||&#8221; header_text_align=&#8221;left&#8221; header_text_color=&#8221;#f6f6f3&#8243; header_font_size=&#8221;3.5em&#8221; header_6_font=&#8221;|||on|||||&#8221; header_6_line_height=&#8221;2em&#8221; background_layout=&#8221;dark&#8221; custom_margin=&#8221;||||false|false&#8221; locked=&#8221;off&#8221; global_colors_info=&#8221;{}&#8221;]<\/p>\n<h1>Dichiarazione sulla sicurezza<\/h1>\n<p>[\/et_pb_text][\/et_pb_column][\/et_pb_row][et_pb_row column_structure=&#8221;3_4,1_4&#8243; use_custom_gutter=&#8221;on&#8221; gutter_width=&#8221;1&#8243; custom_padding_last_edited=&#8221;on|phone&#8221; admin_label=&#8221;Opis&#8221; _builder_version=&#8221;4.15.1&#8243; _module_preset=&#8221;default&#8221; background_color=&#8221;#f6f6f3&#8243; z_index=&#8221;99&#8243; width_tablet=&#8221;&#8221; width_phone=&#8221;90%&#8221; width_last_edited=&#8221;on|phone&#8221; custom_margin=&#8221;||||false|false&#8221; custom_padding=&#8221;50px|50px|50px|50px|true|true&#8221; custom_padding_tablet=&#8221;50px|50px|50px|50px|true|true&#8221; custom_padding_phone=&#8221;50px|50px|50px|50px|true|true&#8221; box_shadow_style=&#8221;preset1&#8243; box_shadow_vertical=&#8221;-25px&#8221; box_shadow_spread=&#8221;-10px&#8221; collapsed=&#8221;off&#8221; global_colors_info=&#8221;{}&#8221;][et_pb_column type=&#8221;3_4&#8243; _builder_version=&#8221;4.15&#8243; _module_preset=&#8221;default&#8221; global_colors_info=&#8221;{}&#8221;][et_pb_text _builder_version=&#8221;4.15.1&#8243; _module_preset=&#8221;2c04acf4-4adf-4a45-9f69-bbd229c49307&#8243; text_letter_spacing=&#8221;0.03em&#8221; header_2_font=&#8221;|300|||||||&#8221; header_2_line_height=&#8221;1.5em&#8221; custom_padding=&#8221;50px|50px|50px|50px|true|true&#8221; hover_enabled=&#8221;0&#8243; global_colors_info=&#8221;{}&#8221; sticky_enabled=&#8221;0&#8243; header_5_line_height=&#8221;2em&#8221;]<\/p>\n<h5>Sicurezza dei pagamenti con carta di credito<\/h5>\n<p>La segretezza dei suoi dati \u00e8 protetta e garantita dall\u2019utilizzo della crittografia SSL. Le pagine di pagamento online sono protette tramite il protocollo Secure Socket Layer (SSL) con crittografia dei dati a 128 bit. La crittografia SSL \u00e8 un protocollo di codifica dei dati creato per impedire l\u2019accesso non autorizzato ai dati durante il loro trasferimento.<\/p>\n<p>Ci\u00f2 consente il trasferimento sicuro delle informazioni e impedisce l\u2019accesso non autorizzato ai dati durante la comunicazione tra il computer dell\u2019utente e il servizio T-com e viceversa.<\/p>\n<p>Le informazioni tra il servizio PayWay e le istituzioni finanziarie (titolari della carta di credito) vengono scambiate utilizzando una rete virtuale privata (VPN), la quale \u00e8 protetta dagli accessi non autorizzati.<\/p>\n<p>I numeri delle carte di credito non vengono salvati e non sono disponibili alle persone non autorizzate.<\/p>\n<h5>Dichiarazione sulla protezione e sulla raccolta dei dati personali<\/h5>\n<p>Ci impegniamo a proteggere i dati personali dei nostri clienti raccogliendo esclusivamente i dati basilari e indispensabili relativi ai clienti\/utenti, i quali sono necessari ai fini dell\u2019adempimento dei nostri obblighi; informiamo i clienti circa le modalit\u00e0 di utilizzo dei dati raccolti, offrendo regolarmente ai clienti la possibilit\u00e0 di scelta circa l\u2019utilizzo dei loro dati, ivi inclusa la possibilit\u00e0 di decidere se desiderano o meno che il loro nominativo venga rimosso dagli elenchi utilizzati per le campagne di marketing.<\/p>\n<p>Tutti i dati degli utenti sono conservati in maniera rigorosa e vi hanno accesso esclusivamente i dipendenti ai quali tali dati sono necessari per lo svolgimento del loro lavoro.<\/p>\n<p>Tutti i nostri dipendenti e partner di lavoro sono tenuti a rispettare i principi relativi alla protezione dei dati.<\/p>\n<p>Svi na\u0161i djelatnici i poslovni partneri odgovorni su za po\u0161tivanje na\u010dela za\u0161tite privatnosti.[\/et_pb_text][\/et_pb_column][et_pb_column type=&#8221;1_4&#8243; _builder_version=&#8221;4.15&#8243; _module_preset=&#8221;default&#8221; global_colors_info=&#8221;{}&#8221;][\/et_pb_column][\/et_pb_row][\/et_pb_section]<\/p>\n","protected":false},"excerpt":{"rendered":"<p>Dichiarazione sulla sicurezzaSicurezza dei pagamenti con carta di credito La segretezza dei suoi dati \u00e8 protetta e garantita dall\u2019utilizzo della crittografia SSL. Le pagine di pagamento online sono protette tramite il protocollo Secure Socket Layer (SSL) con crittografia dei dati a 128 bit. La crittografia SSL \u00e8 un protocollo di codifica dei dati creato per impedire l\u2019accesso non autorizzato ai dati durante il loro trasferimento. Ci\u00f2 consente il trasferimento sicuro delle informazioni e impedisce l\u2019accesso non autorizzato ai dati durante la comunicazione tra il computer dell\u2019utente e il servizio T-com e viceversa. Le informazioni tra il servizio PayWay e le istituzioni finanziarie (titolari della carta di credito) vengono scambiate utilizzando una rete virtuale privata (VPN), la quale \u00e8 protetta dagli accessi non autorizzati. I numeri delle carte di credito non vengono salvati e non sono disponibili alle persone non autorizzate. Dichiarazione sulla protezione e sulla raccolta dei dati personali Ci impegniamo a proteggere i dati personali dei nostri clienti raccogliendo esclusivamente i dati basilari e indispensabili relativi ai clienti\/utenti, i quali sono necessari ai fini dell\u2019adempimento dei nostri obblighi; informiamo i clienti circa le modalit\u00e0 di utilizzo dei dati raccolti, offrendo regolarmente ai clienti la possibilit\u00e0 di scelta circa l\u2019utilizzo [&hellip;]<\/p>\n","protected":false},"author":1,"featured_media":0,"parent":0,"menu_order":0,"comment_status":"closed","ping_status":"closed","template":"","meta":{"_et_pb_use_builder":"on","_et_pb_old_content":"","_et_gb_content_width":"","footnotes":""},"class_list":["post-10607","page","type-page","status-publish","hentry"],"_links":{"self":[{"href":"https:\/\/camp-zdovica.com\/it\/wp-json\/wp\/v2\/pages\/10607","targetHints":{"allow":["GET"]}}],"collection":[{"href":"https:\/\/camp-zdovica.com\/it\/wp-json\/wp\/v2\/pages"}],"about":[{"href":"https:\/\/camp-zdovica.com\/it\/wp-json\/wp\/v2\/types\/page"}],"author":[{"embeddable":true,"href":"https:\/\/camp-zdovica.com\/it\/wp-json\/wp\/v2\/users\/1"}],"replies":[{"embeddable":true,"href":"https:\/\/camp-zdovica.com\/it\/wp-json\/wp\/v2\/comments?post=10607"}],"version-history":[{"count":0,"href":"https:\/\/camp-zdovica.com\/it\/wp-json\/wp\/v2\/pages\/10607\/revisions"}],"wp:attachment":[{"href":"https:\/\/camp-zdovica.com\/it\/wp-json\/wp\/v2\/media?parent=10607"}],"curies":[{"name":"wp","href":"https:\/\/api.w.org\/{rel}","templated":true}]}}