{"id":10595,"date":"2022-03-09T08:21:46","date_gmt":"2022-03-09T08:21:46","guid":{"rendered":"https:\/\/camp-zdovica.com\/protezione-dei-dati-personali\/"},"modified":"2022-04-13T14:44:15","modified_gmt":"2022-04-13T14:44:15","slug":"protezione-dei-dati-personali","status":"publish","type":"page","link":"https:\/\/camp-zdovica.com\/it\/protezione-dei-dati-personali\/","title":{"rendered":"Protezione dei dati personali"},"content":{"rendered":"<p>[et_pb_section fb_built=&#8221;1&#8243; admin_label=&#8221;Hero image&#8221; _builder_version=&#8221;4.15.1&#8243; _module_preset=&#8221;default&#8221; background_color=&#8221;gcid-41642ab2-c5f2-4464-83fa-3df07ebbaecd&#8221; background_image=&#8221;https:\/\/camp-zdovica.com\/wp-content\/uploads\/2022\/03\/opci-uvjeti-poslovanja-kamp-zdovica-valun-cres.webp&#8221; background_position=&#8221;top_center&#8221; background_blend=&#8221;multiply&#8221; min_height=&#8221;400px&#8221; min_height_tablet=&#8221;400px&#8221; min_height_phone=&#8221;400px&#8221; min_height_last_edited=&#8221;on|phone&#8221; height_tablet=&#8221;&#8221; height_phone=&#8221;600px&#8221; height_last_edited=&#8221;on|phone&#8221; top_divider_color=&#8221;#e02b20&#8243; bottom_divider_style=&#8221;waves2&#8243; bottom_divider_color=&#8221;#f6f6f3&#8243; bottom_divider_style_tablet=&#8221;waves2&#8243; bottom_divider_style_phone=&#8221;wave2&#8243; bottom_divider_style_last_edited=&#8221;on|phone&#8221; bottom_divider_height_tablet=&#8221;&#8221; bottom_divider_height_phone=&#8221;50px&#8221; bottom_divider_height_last_edited=&#8221;on|phone&#8221; collapsed=&#8221;on&#8221; global_colors_info=&#8221;{%22gcid-41642ab2-c5f2-4464-83fa-3df07ebbaecd%22:%91%22background_color%22%93}&#8221;][\/et_pb_section][et_pb_section fb_built=&#8221;1&#8243; admin_label=&#8221;GDPR&#8221; _builder_version=&#8221;4.15&#8243; _module_preset=&#8221;default&#8221; background_color=&#8221;rgba(0,0,0,0)&#8221; custom_margin=&#8221;-200px||50px||false|false&#8221; custom_margin_tablet=&#8221;-200px||50px||false|false&#8221; custom_margin_phone=&#8221;-300px||50px||false|false&#8221; custom_margin_last_edited=&#8221;on|phone&#8221; custom_padding=&#8221;0px||0px||false|false&#8221; collapsed=&#8221;off&#8221; global_colors_info=&#8221;{}&#8221;][et_pb_row admin_label=&#8221;Naslov &#8221; _builder_version=&#8221;4.15&#8243; _module_preset=&#8221;default&#8221; width_tablet=&#8221;&#8221; width_phone=&#8221;90%&#8221; width_last_edited=&#8221;on|phone&#8221; custom_padding=&#8221;0px|4vw||4vw|false|false&#8221; collapsed=&#8221;off&#8221; global_colors_info=&#8221;{}&#8221;][et_pb_column type=&#8221;4_4&#8243; _builder_version=&#8221;4.15&#8243; _module_preset=&#8221;default&#8221; global_colors_info=&#8221;{}&#8221;][et_pb_text _builder_version=&#8221;4.15&#8243; _module_preset=&#8221;default&#8221; text_line_height=&#8221;1.5em&#8221; header_font=&#8221;|300|||||||&#8221; header_text_align=&#8221;left&#8221; header_text_color=&#8221;#f6f6f3&#8243; header_font_size=&#8221;3.5em&#8221; header_6_font=&#8221;|||on|||||&#8221; header_6_line_height=&#8221;2em&#8221; background_layout=&#8221;dark&#8221; custom_margin=&#8221;||||false|false&#8221; header_font_size_tablet=&#8221;3.5em&#8221; header_font_size_phone=&#8221;4em&#8221; header_font_size_last_edited=&#8221;on|phone&#8221; header_letter_spacing_tablet=&#8221;&#8221; header_letter_spacing_phone=&#8221;-1px&#8221; header_letter_spacing_last_edited=&#8221;on|phone&#8221; header_line_height_tablet=&#8221;&#8221; header_line_height_phone=&#8221;1em&#8221; header_line_height_last_edited=&#8221;on|phone&#8221; locked=&#8221;off&#8221; global_colors_info=&#8221;{}&#8221;]<\/p>\n<h1>Protezione dei dati personali<\/h1>\n<p>[\/et_pb_text][\/et_pb_column][\/et_pb_row][et_pb_row column_structure=&#8221;3_4,1_4&#8243; use_custom_gutter=&#8221;on&#8221; gutter_width=&#8221;1&#8243; custom_padding_last_edited=&#8221;on|phone&#8221; admin_label=&#8221;Opis&#8221; _builder_version=&#8221;4.15.1&#8243; _module_preset=&#8221;default&#8221; background_color=&#8221;gcid-ea88d038-4ddb-4dbc-b07b-4bf60cb61781&#8243; z_index=&#8221;99&#8243; width_tablet=&#8221;&#8221; width_phone=&#8221;90%&#8221; width_last_edited=&#8221;on|phone&#8221; custom_margin=&#8221;||||false|false&#8221; custom_padding=&#8221;50px|50px|50px|50px|true|true&#8221; custom_padding_tablet=&#8221;50px|50px|50px|50px|true|true&#8221; custom_padding_phone=&#8221;25px|25px|25px|25px|true|true&#8221; box_shadow_style=&#8221;preset1&#8243; box_shadow_vertical=&#8221;-25px&#8221; box_shadow_spread=&#8221;-10px&#8221; collapsed=&#8221;off&#8221; global_colors_info=&#8221;{%22gcid-ea88d038-4ddb-4dbc-b07b-4bf60cb61781%22:%91%22background_color%22%93}&#8221;][et_pb_column type=&#8221;3_4&#8243; _builder_version=&#8221;4.15&#8243; _module_preset=&#8221;default&#8221; global_colors_info=&#8221;{}&#8221;][et_pb_text _builder_version=&#8221;4.15.1&#8243; _module_preset=&#8221;2c04acf4-4adf-4a45-9f69-bbd229c49307&#8243; text_letter_spacing=&#8221;0.03em&#8221; hover_enabled=&#8221;0&#8243; global_colors_info=&#8221;{}&#8221; sticky_enabled=&#8221;0&#8243;]<\/p>\n<h5>Politica sulla protezione dei dati personali sui siti web<\/h5>\n<p>Desideriamo sottolineare che visitando i nostri siti web tutti i suoi dati personali rimangono riservati, a meno che non voglia comunicarli volontariamente. Raccogliamo soltanto quei dati personali che ci fornisce volontariamente e solo per le finalit\u00e0 indicate nella presente Politica sulla protezione dei dati personali. Al momento della raccolta dei dati personali, ci impegniamo a rispettare le disposizioni delle normative vigenti concernenti la protezione dei dati personali.<\/p>\n<p>Nella presente Politica sulla protezione dei dati personali sono descritte quali tipologie di dati personali vengono trattate e per quali finalit\u00e0 nonch\u00e9 i suoi diritti in merito a tale trattamento. La preghiamo di leggere con attenzione la presente Politica prima di continuare a utilizzare il sito web. Qualora non sia d\u2019accordo con le disposizioni in essa contenute, la preghiamo di non utilizzare il sito web.<\/p>\n<p>&nbsp;<\/p>\n<h5>Dati personali oggetto di trattamento<\/h5>\n<p>Per <strong>\u201cdati personali\u201d<\/strong> si intende qualsiasi informazione riguardante una persona fisica identificata o identificabile (<strong>\u201cinteressato\u201d<\/strong>).<\/p>\n<p>Raccogliamo i dati personali in conformit\u00e0 alle normative vigenti al fine di poterle inviare, per esempio, eventuali cambiamenti e novit\u00e0 tramite posta elettronica, farla partecipare a concorsi a premi e\/o sondaggi, inviarle pubblicazioni, brochure e altri materiali promozionali oppure rispondere alle sue domande, osservazioni e commenti.\u2028\u2028Trattiamo i suoi dati personali esclusivamente in base al consenso fornitoci. In alcuni casi sar\u00e0 necessario raccogliere i suoi dati personali ai fini dell\u2019esecuzione del contratto stipulato tra di lei e la Cresanka d.d., per esempio al momento dell\u2019acquisto di prodotti\/servizi nel nostro negozio online.<\/p>\n<p>Trattiamo le seguenti categorie di dati personali:<\/p>\n<ol>\n<li>Dati identificativi e di contatto necessari per ordinare prodotti\/servizi nel negozio online;<\/li>\n<li>Dati relativi agli acquisti tramite il negozio online, come ad esempio: prodotti\/servizi acquistati, importo della fattura, modalit\u00e0 di pagamento scelta, frequenza d\u2019acquisto;<\/li>\n<li>I dati relativi all\u2019interazione dell\u2019utente con il sito web che vengono raccolti utilizzando i cookie.<\/li>\n<\/ol>\n<p>Non raccogliamo n\u00e9 utilizziamo i dati personali dei minori (entro limiti ragionevoli, qualora sia per noi possibile conoscere l\u2019et\u00e0 dell\u2019utente), tranne nel caso in cui i genitori o i tutori vi abbiano dato il loro esplicito consenso. Se \u00e8 minorenne, la preghiamo di non inviarci i suoi dati personali (nome, cognome, indirizzo, numero di telefono, e-mail o altre informazioni che potrebbero essere identificative) poich\u00e9 saremo costretti a rifiutare di elaborare tali comunicazioni. Qualora, nonostante tutto, venisse comunque stabilito un contatto su richiesta di un minore, in caso di trasferimento dei dati personali da parte del minore, la Cresanka d.d. rifiuta espressamente di ricevere qualsiasi richiesta di natura materiale o immateriale derivante dal trattamento relativo a siffatta intenzione di contatto.<\/p>\n<p>&nbsp;<\/p>\n<h5>Finalit\u00e0 del trattamento dei dati personali<\/h5>\n<p>La Cresanka d.d. tratta i dati personali per le seguenti finalit\u00e0:<\/p>\n<ol>\n<li>Elaborazione di ordini effettuati tramite i negozi online;<\/li>\n<li>Invio di comunicazioni a scopi commerciali tramite posta elettronica, telefonia mobile o posta tradizionale (entro i limiti del suo consenso);<\/li>\n<li>Partecipazione a sondaggi, questionari e concorsi a premi organizzati da parte di Cresanka d.d.;<\/li>\n<li>Fornitura di risposte alle domande che ci porr\u00e0 o ai suoi suggerimenti, commenti, reclami o sim.;<\/li>\n<li>Elaborazione di resoconti\/statistiche o delle modalit\u00e0 di utilizzo del sito web e dei servizi offerti<\/li>\n<li>Risoluzione di tutte le controversie o dei reclami relativi a o derivanti dalle attivit\u00e0 di Cresanka d.d.<\/li>\n<\/ol>\n<p>&nbsp;<\/p>\n<h5>Comunicazione dei dati a terzi<\/h5>\n<p>Non vendiamo, non trasferiamo e non comunichiamo i dati che raccogliamo tramite i nostri siti web a nessuno al di fuori di Cresanka d.d. senza il suo consenso, eccetto (1) nei casi previsti dalla legge vigente quando ci\u00f2 si renda necessario all\u2019adempimento dei nostri obblighi legali, (2) nei casi in cui ci\u00f2 si renda necessario per proteggere la sua vita o integrit\u00e0 fisica e lei non sia in grado di dare il suo consenso al trattamento dei dati personali, (3) nei casi in cui ci\u00f2 sia necessario ai fini dell\u2019adempimento dei compiti svolti nell\u2019interesse pubblico, (4) nei casi in cui abbia pubblicato lei stesso\/stessa tali dati e (5) nei casi in cui ci\u00f2 si renda necessario per proteggere i nostri interessi legittimi. Conserveremo i suoi dati personali esclusivamente per il periodo necessario alla realizzazione delle sopra citate finalit\u00e0 di trattamento.<\/p>\n<p>Cresanka d.d. potrebbe comunicare alcuni o tutti i suoi dati personali ai seguenti destinatari e secondo le modalit\u00e0 di seguito indicate:<\/p>\n<ol>\n<li>Alle persone autorizzate al trattamento dei dati personali in nome e per conto di Cresanka d.d., ovvero ai collaboratori indispensabili per la fornitura e la manutenzione dei servizi offerti tramite questo sito web (ad es. fornitori dei servizi di realizzazione e manutenzione del sito web, collaboratori e fornitori di servizi in grado di rispondere al meglio alle sue richieste e sim.).<\/li>\n<li>All\u2019avente causa o agli aventi causa, in caso di cambiamenti allo status della societ\u00e0 dovuti a scissione, fusione, ristrutturazione o altro trasferimento di controllo all\u2019interno della societ\u00e0.<\/li>\n<li>Ad altri destinatari ai quali Cresanka d.d. \u00e8 autorizzata o tenuta a divulgare i dati personali delle persone fisiche in base alle normative vigenti.<\/li>\n<\/ol>\n<p>&nbsp;<\/p>\n<h5>Sicurezza dei pagamenti con carta di credito<\/h5>\n<p>Cresanka d.d. si impegna ad applicare i massimi standard di sicurezza al fine di tutelare gli interessi dei clienti e prevenire eventuali abusi delle informazioni. I prodotti\/servizi disponibili nel negozio online sono venduti tramite la soluzione per i pagamenti con carta di credito PayWay, offerto da T-com. La segretezza dei suoi dati \u00e8 protetta e garantita dall\u2019utilizzo della crittografia SSL. Le pagine di pagamento online sono protette tramite il protocollo Secure Socket Layer (SSL) con crittografia dei dati a 128 bit. La crittografia SSL \u00e8 un protocollo di codifica dei dati creato per impedire l\u2019accesso non autorizzato ai dati durante il loro trasferimento. Ci\u00f2 consente il trasferimento sicuro delle informazioni e impedisce l\u2019accesso non autorizzato ai dati durante la comunicazione tra il computer dell\u2019utente e il servizio T-com e viceversa. Le informazioni tra il servizio PayWay e le istituzioni finanziarie (titolari della carta di credito) vengono scambiate utilizzando una rete virtuale privata (VPN), la quale \u00e8 protetta dagli accessi non autorizzati. I numeri delle carte di credito non vengono salvati e non sono disponibili alle persone non autorizzate. Cresanka d.d. non pu\u00f2 essere ritenuta responsabile per gli abusi per i quali non \u00e8 possibile accertare che siano conseguenza di errori tecnici o relativi alla sicurezza del sistema del negozio online o di omissioni imputabili a un dipendente di Cresanka d.d.<\/p>\n<p>&nbsp;<\/p>\n<h5>Messaggi di posta elettronica<\/h5>\n<p>Quando ci invier\u00e0 un messaggio di posta elettronica (tramite e-mail contenente una domanda, commento, reclamo, suggerimento e sim., o tramite il modulo di contatto disponibile sul sito web) contenente i dati personali tramite i quali \u00e8 possibile identificarla, utilizzeremo tali dati al fine di rispondere alla sua richiesta. Potremmo inoltrare la sua e-mail cos\u00ec come il messaggio\/richiesta che ci ha inviato ad altri collaboratori che sapranno rispondere al meglio alla sua domanda. Tutti i dipendenti di Cresanka d.d. sono tenuti a rispettare la Politica sulla protezione dei dati personali.<\/p>\n<p>&nbsp;<\/p>\n<h5>Sondaggi, questionari e concorsi<\/h5>\n<p>Occasionalmente proponiamo sondaggi e questionari sui nostri siti web. I dati cos\u00ec raccolti vengono utilizzati esclusivamente per le necessit\u00e0 di Cresanka d.d.<\/p>\n<p>&nbsp;<\/p>\n<h5>Cookie Policy<\/h5>\n<p>Questo sito web utilizza i cookie. I cookie sono dei piccoli file di testo generati dal server del sito web che vengono memorizzati, tramite il browser, sul dispositivo dell\u2019utente per fornire all\u2019utente servizi e contenuti di massima qualit\u00e0. Memorizzano determinate informazioni (ad es. determinate impostazioni relative alla lingua o al sito web, i dati di registrazione all\u2019account e sim.) che il suo browser potr\u00e0 riprodurre quando visiter\u00e0 di nuovo un sito web (a seconda della durata dei cookie). Alcuni cookie sono indispensabili per consentire l\u2019utilizzo di questo sito web e dei suoi servizi nonch\u00e9 delle funzionalit\u00e0 di base. Le informazioni ottenute tramite i cookie ci aiutano a comprendere come i nostri utenti utilizzino il sito web, al fine di migliorare la qualit\u00e0 dei contenuti in base a ciascun utente e alle esperienze di navigazione. I cookie opzionali includono i cookie di Google Analytics (i cui cookie tracciano il traffico e analizzano le prestazioni del sito web e che sono a nostra disposizione sotto forma di dati statistici, ma non contengono i dati personali dei singoli utenti) nonch\u00e9 i cookie dei social network che consentono all\u2019utente di condividere determinati contenuti tramite i propri account sui social media. Continuando a navigare il sito web accetta l\u2019utilizzo dei cookie. Utilizzando questi siti web, considereremo che l\u2019utente sia in ogni momento a conoscenza dei termini di utilizzo e che li accetti, ivi comprese le disposizioni relative al trattamento e alla protezione dei dati personali nonch\u00e9 alle possibilit\u00e0 relative ai cookie.<\/p>\n<p>&nbsp;<\/p>\n<h5>Diritti degli interessati<\/h5>\n<p>Non \u00e8 obbligatorio dare il proprio consenso al trattamento dei dati, tuttavia, rifiutarsi di dare il consenso al trattamento dei dati secondo le modalit\u00e0 sopra indicate pu\u00f2 impedire all\u2019utente di utilizzare tutti o alcuni contenuti offerti dal sito web oppure impedirgli di ricevere le informazioni relative ai prodotti\/servizi offerti da Cresanka d.d. Inviando i propri dati personali a Cresanka d.d. l\u2019interessato non rinuncia ai diritti garantiti dalle normative vigenti nella Repubblica di Croazia in materia di protezione dei dati personali e in particolare al diritto di richiedere la rettifica o la cancellazione dei propri dati personali dal database qualora questi risultino incompleti, inesatti o non aggiornati oppure se il loro trattamento non \u00e8 conforme alle disposizioni delle normative vigenti nella Repubblica di Croazia. Nella misura in cui il trattamento dei suoi dati personali si basi esclusivamente sul suo consenso ha diversi diritti, tra cui:<\/p>\n<p><strong>a) Diritto di accesso: <\/strong>gli utenti i cui dati sono trattati hanno il diritto di ricevere informazioni sulle finalit\u00e0 del trattamento, sulle categorie dei dati personali, sui destinatari dei dati, sul periodo di conservazione dei dati e sugli altri diritti;<br \/><strong>b) Diritto di rettifica dei dati: <\/strong>gli utenti hanno il diritto di richiedere la modifica dei dati personali errati oppure l\u2019integrazione dei dati incompleti.;<br \/><strong>c) Diritto di cancellazione: <\/strong>in determinate circostanze, gli utenti hanno il diritto di far cancellare i dati personali che li riguardano;<br \/><strong>d) Diritto di revocare il consenso: <\/strong>gli utenti hanno il diritto di revocare in ogni momento il consenso al trattamento dei dati personali in precedenza fornito;<br \/><strong>e) Diritto di presentare reclamo all\u2019autorit\u00e0 di controllo: <\/strong>se ritiene che i suoi diritti siano stati violati, ha il diritto di presentare reclamo all\u2019Agenzia per la protezione dei dati personali (AZOP).<\/p>\n<p>A seconda della richiesta dell\u2019utente\/interessato, Cresanka si impegna a:<\/p>\n<ol>\n<li>Confermare all\u2019utente se tratta o meno i dati personali relativi a tale utente\/interessato<\/li>\n<li>Rettificare o cancellare, gratuitamente e senza indugio, i dati personali relativi all\u2019utente\/interessato<\/li>\n<li>Limitare o interrompere il trattamento dei dati personali dell\u2019utente\/interessato.<\/li>\n<\/ol>\n<p>[\/et_pb_text][\/et_pb_column][et_pb_column type=&#8221;1_4&#8243; _builder_version=&#8221;4.15&#8243; _module_preset=&#8221;default&#8221; global_colors_info=&#8221;{}&#8221;][\/et_pb_column][\/et_pb_row][\/et_pb_section]<\/p>\n","protected":false},"excerpt":{"rendered":"<p>Protezione dei dati personaliPolitica sulla protezione dei dati personali sui siti web Desideriamo sottolineare che visitando i nostri siti web tutti i suoi dati personali rimangono riservati, a meno che non voglia comunicarli volontariamente. Raccogliamo soltanto quei dati personali che ci fornisce volontariamente e solo per le finalit\u00e0 indicate nella presente Politica sulla protezione dei dati personali. Al momento della raccolta dei dati personali, ci impegniamo a rispettare le disposizioni delle normative vigenti concernenti la protezione dei dati personali. Nella presente Politica sulla protezione dei dati personali sono descritte quali tipologie di dati personali vengono trattate e per quali finalit\u00e0 nonch\u00e9 i suoi diritti in merito a tale trattamento. La preghiamo di leggere con attenzione la presente Politica prima di continuare a utilizzare il sito web. Qualora non sia d\u2019accordo con le disposizioni in essa contenute, la preghiamo di non utilizzare il sito web. &nbsp; Dati personali oggetto di trattamento Per \u201cdati personali\u201d si intende qualsiasi informazione riguardante una persona fisica identificata o identificabile (\u201cinteressato\u201d). Raccogliamo i dati personali in conformit\u00e0 alle normative vigenti al fine di poterle inviare, per esempio, eventuali cambiamenti e novit\u00e0 tramite posta elettronica, farla partecipare a concorsi a premi e\/o sondaggi, inviarle pubblicazioni, brochure e [&hellip;]<\/p>\n","protected":false},"author":1,"featured_media":0,"parent":0,"menu_order":0,"comment_status":"closed","ping_status":"open","template":"","meta":{"_et_pb_use_builder":"on","_et_pb_old_content":"","_et_gb_content_width":"","footnotes":""},"class_list":["post-10595","page","type-page","status-publish","hentry"],"_links":{"self":[{"href":"https:\/\/camp-zdovica.com\/it\/wp-json\/wp\/v2\/pages\/10595","targetHints":{"allow":["GET"]}}],"collection":[{"href":"https:\/\/camp-zdovica.com\/it\/wp-json\/wp\/v2\/pages"}],"about":[{"href":"https:\/\/camp-zdovica.com\/it\/wp-json\/wp\/v2\/types\/page"}],"author":[{"embeddable":true,"href":"https:\/\/camp-zdovica.com\/it\/wp-json\/wp\/v2\/users\/1"}],"replies":[{"embeddable":true,"href":"https:\/\/camp-zdovica.com\/it\/wp-json\/wp\/v2\/comments?post=10595"}],"version-history":[{"count":0,"href":"https:\/\/camp-zdovica.com\/it\/wp-json\/wp\/v2\/pages\/10595\/revisions"}],"wp:attachment":[{"href":"https:\/\/camp-zdovica.com\/it\/wp-json\/wp\/v2\/media?parent=10595"}],"curies":[{"name":"wp","href":"https:\/\/api.w.org\/{rel}","templated":true}]}}