{"id":11748,"date":"2025-10-31T18:14:20","date_gmt":"2025-10-31T18:14:20","guid":{"rendered":"https:\/\/camp-zdovica.com\/impressum\/"},"modified":"2025-11-01T11:09:53","modified_gmt":"2025-11-01T11:09:53","slug":"impressum","status":"publish","type":"page","link":"https:\/\/camp-zdovica.com\/de\/impressum\/","title":{"rendered":"Impressum"},"content":{"rendered":"<p>[et_pb_section fb_built=&#8220;1&#8243; _builder_version=&#8220;4.27.4&#8243; _module_preset=&#8220;default&#8220; background_color=&#8220;gcid-4abf9d1a-e699-4c6f-83f2-4facf985ad72&#8243; global_colors_info=&#8220;{%22gcid-4abf9d1a-e699-4c6f-83f2-4facf985ad72%22:%91%22background_color%22%93}&#8220;][et_pb_row column_structure=&#8220;1_2,1_2&#8243; _builder_version=&#8220;4.27.4&#8243; _module_preset=&#8220;default&#8220; global_colors_info=&#8220;{}&#8220;][et_pb_column type=&#8220;1_2&#8243; _builder_version=&#8220;4.27.4&#8243; _module_preset=&#8220;default&#8220; global_colors_info=&#8220;{}&#8220;][et_pb_text _builder_version=&#8220;4.27.4&#8243; _module_preset=&#8220;default&#8220; hover_enabled=&#8220;0&#8243; global_colors_info=&#8220;{}&#8220; sticky_enabled=&#8220;0&#8243;]<\/p>\n<h2>Impressum<\/h2>\n<\/p>\n<h4>Fotoautoren:<\/h4>\n<p>\u00a9 Urheber Petar K\u00fcrschner, in Kroatien 2019 \u2013 2025<br \/>\n\u00a9 Urheber Walter Rekirsch, in \u00d6sterreich 2025.<br \/>\n\u00a9 Urheber Style Production, in Kroatien 2019., 2022.<br \/>\n\u00a9 Urheber Robi Sabli\u0107, in Kroatien 2024.<br \/>\n\u00a9 Urheber Avtokampi.si, in Slowenien 2021.<br \/>\n\u00a9 UrheberKarmela Ma\u0161i\u010d, in Kroatien 2020<br \/>\n\u00a9 Urheber Nenad Marti\u0107, in Kroatien 2018.<br \/>\n\u00a9 Urheber Aerocam, in Kroatien 2015.<br \/>\n\u00a9 Urheber Cresanka d.d.<\/p>\n<h4>Videoautoren:<\/h4>\n<p>\u00a9 Urheber Style Production, in Kroatien 2019., 2022.<\/p>\n<h4>Beitragsautoren:<\/h4>\n<p>\u00a9 Urheber Cresanka d.d.<\/p>\n<h4>Website-Design und -Entwicklung:<\/h4>\n<p>\u00a9 Urheber <a href=\"https:moonsafari.design\" target=\"_blank\" rel=\"noopener\" title=\"Moon Safari Design\">Moon Safari<\/a>[\/et_pb_text][\/et_pb_column][et_pb_column type=&#8220;1_2&#8243; _builder_version=&#8220;4.27.4&#8243; _module_preset=&#8220;default&#8220; global_colors_info=&#8220;{}&#8220;][et_pb_text _builder_version=&#8220;4.27.4&#8243; _module_preset=&#8220;default&#8220; hover_enabled=&#8220;0&#8243; global_colors_info=&#8220;{}&#8220; sticky_enabled=&#8220;0&#8243;]<\/p>\n<h2>Info \u00fcber das Unternehmen<\/h2>\n<\/p>\n<h4>Firmenname:<\/h4>\n<p>Cresanka d.d. \u2013 Cresanka Aktiengesellschaft f\u00fcr Gastwirtschaft, Tourismus und Handel<\/p>\n<p><strong>Firmennummer:<\/strong> 3044122<br \/>\n<strong>Pers\u00f6nliche Identifikationsnummer OIB:<\/strong> 47639427219<br \/>\n<strong>Registergericht:<\/strong> Trgova\u010dki sud u Rijeci<br \/>\n<strong>Sitz:<\/strong> Cres (Stadt Cres), Varozina 25<br \/>\n<strong>Rechtsform:<\/strong> Dioni\u010dko dru\u0161tvo<br \/>\n<strong>Grundkapital:<\/strong> Das Grundkapital betr\u00e4gt 10.316.168,00 Euro und ist vollst\u00e4ndig eingezahlt; ausgegeben wurden 28.978 Stammaktien, jeweils mit einem Nennwert von 356,00 Euro.<br \/>\n<strong>Konto \u2013 IBAN:<\/strong> HR0824020061100386896 Erste Steierm\u00e4rkische bank d.d.<br \/>\n<strong>Aufsichtsratsvorsitzender:<\/strong> Lino Sin\u010di\u0107<br \/>\n<strong>Aufsichtsr\u00e4te: <\/strong>Andretta Mario, Andretta Marco, Marchesan Francesco, Andretta Massimiliano<br \/>\n<strong>Vertretungsberechtigte Person: <\/strong>Stevo Filini\u0107[\/et_pb_text][\/et_pb_column][\/et_pb_row][\/et_pb_section]<\/p>\n","protected":false},"excerpt":{"rendered":"<p>Impressum Fotoautoren: \u00a9 Urheber Petar K\u00fcrschner, in Kroatien 2019 \u2013 2025 \u00a9 Urheber Walter Rekirsch, in \u00d6sterreich 2025. \u00a9 Urheber Style Production, in Kroatien 2019., 2022. \u00a9 Urheber Robi Sabli\u0107, in Kroatien 2024. \u00a9 Urheber Avtokampi.si, in Slowenien 2021. \u00a9 UrheberKarmela Ma\u0161i\u010d, in Kroatien 2020 \u00a9 Urheber Nenad Marti\u0107, in Kroatien 2018. \u00a9 Urheber Aerocam, in Kroatien 2015. \u00a9 Urheber Cresanka d.d. Videoautoren: \u00a9 Urheber Style Production, in Kroatien 2019., 2022. Beitragsautoren: \u00a9 Urheber Cresanka d.d. Website-Design und -Entwicklung: \u00a9 Urheber Moon SafariInfo \u00fcber das Unternehmen Firmenname: Cresanka d.d. \u2013 Cresanka Aktiengesellschaft f\u00fcr Gastwirtschaft, Tourismus und Handel Firmennummer: 3044122 Pers\u00f6nliche Identifikationsnummer OIB: 47639427219 Registergericht: Trgova\u010dki sud u Rijeci Sitz: Cres (Stadt Cres), Varozina 25 Rechtsform: Dioni\u010dko dru\u0161tvo Grundkapital: Das Grundkapital betr\u00e4gt 10.316.168,00 Euro und ist vollst\u00e4ndig eingezahlt; ausgegeben wurden 28.978 Stammaktien, jeweils mit einem Nennwert von 356,00 Euro. Konto \u2013 IBAN: HR0824020061100386896 Erste Steierm\u00e4rkische bank d.d. Aufsichtsratsvorsitzender: Lino Sin\u010di\u0107 Aufsichtsr\u00e4te: Andretta Mario, Andretta Marco, Marchesan Francesco, Andretta Massimiliano Vertretungsberechtigte Person: Stevo Filini\u0107<\/p>\n","protected":false},"author":1,"featured_media":0,"parent":0,"menu_order":0,"comment_status":"closed","ping_status":"closed","template":"","meta":{"_et_pb_use_builder":"on","_et_pb_old_content":"","_et_gb_content_width":"","footnotes":""},"class_list":["post-11748","page","type-page","status-publish","hentry"],"_links":{"self":[{"href":"https:\/\/camp-zdovica.com\/de\/wp-json\/wp\/v2\/pages\/11748","targetHints":{"allow":["GET"]}}],"collection":[{"href":"https:\/\/camp-zdovica.com\/de\/wp-json\/wp\/v2\/pages"}],"about":[{"href":"https:\/\/camp-zdovica.com\/de\/wp-json\/wp\/v2\/types\/page"}],"author":[{"embeddable":true,"href":"https:\/\/camp-zdovica.com\/de\/wp-json\/wp\/v2\/users\/1"}],"replies":[{"embeddable":true,"href":"https:\/\/camp-zdovica.com\/de\/wp-json\/wp\/v2\/comments?post=11748"}],"version-history":[{"count":0,"href":"https:\/\/camp-zdovica.com\/de\/wp-json\/wp\/v2\/pages\/11748\/revisions"}],"wp:attachment":[{"href":"https:\/\/camp-zdovica.com\/de\/wp-json\/wp\/v2\/media?parent=11748"}],"curies":[{"name":"wp","href":"https:\/\/api.w.org\/{rel}","templated":true}]}}