{"id":10616,"date":"2022-03-10T14:07:43","date_gmt":"2022-03-10T14:07:43","guid":{"rendered":"https:\/\/camp-zdovica.com\/campingplaetze\/"},"modified":"2022-04-25T15:58:45","modified_gmt":"2022-04-25T15:58:45","slug":"campingplaetze","status":"publish","type":"page","link":"https:\/\/camp-zdovica.com\/de\/campingplaetze\/","title":{"rendered":"Stellpl\u00e4tze"},"content":{"rendered":"<p>[et_pb_section fb_built=&#8220;1&#8243; admin_label=&#8220;Section: Header&#8220; module_class=&#8220;dh-valign-center-section&#8220; _builder_version=&#8220;4.16&#8243; background_color=&#8220;gcid-41642ab2-c5f2-4464-83fa-3df07ebbaecd&#8220; background_image=&#8220;https:\/\/camp-zdovica.com\/wp-content\/uploads\/2022\/03\/kamp-mjesta-u-kampu-zdovica-valun-cres.webp&#8220; background_blend=&#8220;multiply&#8220; height=&#8220;80vh&#8220; bottom_divider_style=&#8220;waves2&#8243; bottom_divider_color=&#8220;gcid-ea88d038-4ddb-4dbc-b07b-4bf60cb61781&#8243; collapsed=&#8220;on&#8220; global_colors_info=&#8220;{%22gcid-ea88d038-4ddb-4dbc-b07b-4bf60cb61781%22:%91%22bottom_divider_color%22%93,%22gcid-41642ab2-c5f2-4464-83fa-3df07ebbaecd%22:%91%22background_color%22%93}&#8220;][\/et_pb_section][et_pb_section fb_built=&#8220;1&#8243; admin_label=&#8220;Section: Kamp mjesta&#8220; _builder_version=&#8220;4.16&#8243; _module_preset=&#8220;default&#8220; background_color=&#8220;RGBA(255,255,255,0)&#8220; z_index=&#8220;1&#8243; custom_margin=&#8220;-350px||||false|false&#8220; custom_padding=&#8220;0px||||false|false&#8220; collapsed=&#8220;off&#8220; global_colors_info=&#8220;{}&#8220;][et_pb_row _builder_version=&#8220;4.16&#8243; _module_preset=&#8220;default&#8220; custom_padding=&#8220;50px|50px|50px|50px|true|true&#8220; global_colors_info=&#8220;{}&#8220;][et_pb_column type=&#8220;4_4&#8243; _builder_version=&#8220;4.16&#8243; _module_preset=&#8220;default&#8220; global_colors_info=&#8220;{}&#8220;][et_pb_text _builder_version=&#8220;4.17.1&#8243; _module_preset=&#8220;default&#8220; header_font=&#8220;|300|||||||&#8220; header_text_color=&#8220;gcid-ea88d038-4ddb-4dbc-b07b-4bf60cb61781&#8243; header_line_height=&#8220;1.5em&#8220; header_6_font=&#8220;|||on|||||&#8220; header_6_text_color=&#8220;gcid-ea88d038-4ddb-4dbc-b07b-4bf60cb61781&#8243; header_6_letter_spacing=&#8220;3px&#8220; hover_enabled=&#8220;0&#8243; global_colors_info=&#8220;{%22gcid-ea88d038-4ddb-4dbc-b07b-4bf60cb61781%22:%91%22header_text_color%22,%22header_6_text_color%22%93}&#8220; sticky_enabled=&#8220;0&#8243;]<\/p>\n<h1>Stellpl\u00e4tze<\/h1>\n<h6>Unterkunft in unber\u00fchrter Natur<\/h6>\n<p>[\/et_pb_text][\/et_pb_column][\/et_pb_row][et_pb_row column_structure=&#8220;2_3,1_3&#8243; _builder_version=&#8220;4.16&#8243; _module_preset=&#8220;default&#8220; background_color=&#8220;gcid-ea88d038-4ddb-4dbc-b07b-4bf60cb61781&#8243; custom_padding=&#8220;50px|50px|50px|50px|true|true&#8220; box_shadow_style=&#8220;preset1&#8243; box_shadow_vertical=&#8220;-30px&#8220; global_colors_info=&#8220;{%22gcid-ea88d038-4ddb-4dbc-b07b-4bf60cb61781%22:%91%22background_color%22%93}&#8220;][et_pb_column type=&#8220;2_3&#8243; _builder_version=&#8220;4.16&#8243; _module_preset=&#8220;default&#8220; global_colors_info=&#8220;{}&#8220;][et_pb_text _builder_version=&#8220;4.17.1&#8243; _module_preset=&#8220;default&#8220; dsm_modules_readmore=&#8220;on&#8220; dsm_modules_readmore_more_link_text=&#8220;Mehr&#8220; dsm_modules_readmore_less_link_text=&#8220;WENIGER&#8220; dsm_modules_readmore_font=&#8220;|700||on|||||&#8220; dsm_modules_readmore_text_align=&#8220;center&#8220; dsm_modules_readmore_font_size=&#8220;11px&#8220; dsm_modules_readmore_link_color=&#8220;gcid-3131f77a-6e1a-445b-9b43-24689e13d0be&#8220; global_colors_info=&#8220;{%22gcid-3131f77a-6e1a-445b-9b43-24689e13d0be%22:%91%22dsm_modules_readmore_link_color%22%93,%22gcid-465303d5-2687-4af5-b72e-44a8243ff2fe%22:%91%22dsm_modules_readmore_link_color__hover%22%93}&#8220; dsm_modules_readmore_link_color__hover_enabled=&#8220;on|hover&#8220; dsm_modules_readmore_link_color__hover=&#8220;#7fc31b&#8220;]Wann haben Sie zuletzt innegehalten und den Rhythmus der Natur gesp\u00fcrt? Entfliehen Sie dem Alltag und beginnen Sie, Ihre Sinne zu leben. Camp Zdovica \u2013 klein aber ganz besonders \u2013 wird Ihr Refugium und inspirierendes Ambiente sein.<br \/>\nDer Campingplatz Zdovica liegt in der N\u00e4he des malerischen Fischerdorfes Valun, ca. 15 km von der Stadt Cres entfernt. In einer idyllischen Bucht am Strand, direkt am Meer gelegen, verf\u00fcgt es \u00fcber Stellpl\u00e4tze f\u00fcr ca. 250 Personen.<\/p>\n<p>F\u00fcr einen aktiven Urlaub stehen Sportm\u00f6glichkeiten wie ein Beachvolleyballplatz, Boccia-Bahn und Basketballpl\u00e4tze zur Verf\u00fcgung und f\u00fcr die Unterhaltung unserer Kleinsten haben wir einen Kinderspielplatz zur Verf\u00fcgung gestellt.<br \/>\nIn Valun finden Sie alles Notwendige im Dorfladen. Wir empfehlen Ihnen w\u00e4rmstens einen Besuch in einem der vielen Restaurants, um die Insel Cres aus gastronomischer Sicht kennenzulernen.<\/p>\n<p>F\u00fcr ein authentisches Naturerlebnis ist das Campen nur in Zelten erlaubt und der Campingplatz ist nicht mit Auto, Motorrad oder Wohnwagen zu erreichen. Fahrzeuge werden auf dem nahegelegenen Parkplatz abgestellt (laut Sonderpreisliste des Parkplatzkonzession\u00e4rs) und das Gep\u00e4ck wird per Handkarren zum Camp gebracht.<\/p>\n<p>Besuchen Sie den Campingplatz und w\u00e4hlen Sie den Stellplatz aus, auf dem Sie \u00fcbernachten m\u00f6chten \u2013 lassen Sie sich von der Energie der Natur leiten. Stellpl\u00e4tze\/Parzellen k\u00f6nnen nicht reserviert werden.[\/et_pb_text][\/et_pb_column][et_pb_column type=&#8220;1_3&#8243; _builder_version=&#8220;4.16&#8243; _module_preset=&#8220;default&#8220; global_colors_info=&#8220;{}&#8220;][et_pb_text _builder_version=&#8220;4.16&#8243; _module_preset=&#8220;default&#8220; header_6_font=&#8220;||||||||&#8220; header_6_letter_spacing=&#8220;2px&#8220; global_colors_info=&#8220;{}&#8220;]<\/p>\n<h6>Eigenschaften:<\/h6>\n<p>[\/et_pb_text][et_pb_text _builder_version=&#8220;4.16&#8243; _module_preset=&#8220;default&#8220; global_colors_info=&#8220;{}&#8220;]<\/p>\n<ul>\n<li>am Strand gelegen<\/li>\n<li>Kapazit\u00e4t 250 Personen<\/li>\n<li>Beach-Volleyball<\/li>\n<li>Kegelbahn<\/li>\n<li>Basketball Platz<\/li>\n<li>Kinderspielplatz<\/li>\n<\/ul>\n<p>[\/et_pb_text][\/et_pb_column][\/et_pb_row][et_pb_row column_structure=&#8220;2_3,1_3&#8243; admin_label=&#8220;Row: Cjenik&#8220; _builder_version=&#8220;4.16&#8243; _module_preset=&#8220;default&#8220; custom_padding=&#8220;|50px||50px|false|true&#8220; global_colors_info=&#8220;{}&#8220;][et_pb_column type=&#8220;2_3&#8243; _builder_version=&#8220;4.16&#8243; _module_preset=&#8220;default&#8220; global_colors_info=&#8220;{}&#8220;][et_pb_text _builder_version=&#8220;4.16&#8243; _module_preset=&#8220;default&#8220; header_6_font=&#8220;|700||on|||||&#8220; header_6_letter_spacing=&#8220;1px&#8220; global_colors_info=&#8220;{}&#8220;]<\/p>\n<h6>KAMP ZDOVICA &#8211; PREISLISTE 2022<\/h6>\n<p>[\/et_pb_text][dvmd_table_maker tbl_tcell_cell_align_horz=&#8220;center&#8220; tbl_chead_cell_color=&#8220;gcid-5bc512f2-0c65-453f-9cae-faf1fcd21461&#8243; tbl_chead_cell_align_horz=&#8220;center&#8220; tbl_rhead_cell_color=&#8220;gcid-5bc512f2-0c65-453f-9cae-faf1fcd21461&#8243; tbl_rhead_cell_align_horz=&#8220;left&#8220; _builder_version=&#8220;4.17.1&#8243; _module_preset=&#8220;default&#8220; tbl_chead_text_font=&#8220;||||||||&#8220; tbl_chead_text_text_color=&#8220;gcid-145e346e-47b7-442d-830a-bd218e33967c&#8220; tbl_chead_text_font_size=&#8220;16px&#8220; tbl_chead_text_line_height=&#8220;1.2em&#8220; tbl_rhead_text_font=&#8220;|||on|||||&#8220; tbl_rhead_text_text_color=&#8220;gcid-145e346e-47b7-442d-830a-bd218e33967c&#8220; tbl_rhead_text_font_size=&#8220;14px&#8220; tbl_rhead_text_letter_spacing=&#8220;0.4px&#8220; tbl_rhead_text_line_height=&#8220;1.3em&#8220; global_colors_info=&#8220;{%22gcid-5bc512f2-0c65-453f-9cae-faf1fcd21461%22:%91%22tbl_chead_cell_color%22,%22tbl_rhead_cell_color%22%93,%22gcid-145e346e-47b7-442d-830a-bd218e33967c%22:%91%22tbl_chead_text_text_color%22,%22tbl_rhead_text_text_color%22%93}&#8220;][dvmd_table_maker_item col_content=&#8220;<br \/>\nERWACHSENE<br \/>\nKIND 5 BIS 12 (11,99) JAHRE<br \/>\nKIND BIS 5 (4,99) JAHRE<br \/>\nHAUSTIER<br \/>\nK\u00dcHLSCHRANK&#8220; _builder_version=&#8220;4.17.1&#8243; _module_preset=&#8220;default&#8220; global_colors_info=&#8220;{}&#8220;][\/dvmd_table_maker_item][dvmd_table_maker_item col_content=&#8220;XX.-24.06.<br \/>27.08.-18.09.<br \/>\n12,70<br \/>\n5,00<br \/>\ngratis<br \/>\ngratis<br \/>\n2,00&#8243; _builder_version=&#8220;4.16&#8243; _module_preset=&#8220;default&#8220; global_colors_info=&#8220;{}&#8220;][\/dvmd_table_maker_item][dvmd_table_maker_item col_content=&#8220;25.06.-29.07.<br \/>20.08.-26.08.<br \/>\n16,20<br \/>\n6,90<br \/>\ngratis<br \/>\n3,80<br \/>\n3,00&#8243; _builder_version=&#8220;4.16&#8243; _module_preset=&#8220;default&#8220; global_colors_info=&#8220;{}&#8220;][\/dvmd_table_maker_item][dvmd_table_maker_item col_content=&#8220;30.07.-19.08.<br \/>\n18,70<br \/>\n7,70<br \/>\ngratis<br \/>\n4,80<br \/>\n4,00&#8243; _builder_version=&#8220;4.16&#8243; _module_preset=&#8220;default&#8220; global_colors_info=&#8220;{}&#8220;][\/dvmd_table_maker_item][\/dvmd_table_maker][et_pb_text _builder_version=&#8220;4.16&#8243; _module_preset=&#8220;default&#8220; text_font=&#8220;|600||on|||||&#8220; text_text_color=&#8220;gcid-3131f77a-6e1a-445b-9b43-24689e13d0be&#8220; text_font_size=&#8220;10px&#8220; global_colors_info=&#8220;{%22gcid-3131f77a-6e1a-445b-9b43-24689e13d0be%22:%91%22text_text_color%22%93}&#8220;]DIE PREISE SIND IN EURO UND PRO TAG ANGEGEBEN.<br \/>\nDie angegebenen Preise sind informativ und k\u00f6nnen eventuell \u00c4nderungen unterliegen.<br \/>\nIhren Aufenthalt bezahlen Sie an der Rezeption der Agentur f\u00fcr Tourismus \u201cTurist\u201d in Valun.[\/et_pb_text][\/et_pb_column][et_pb_column type=&#8220;1_3&#8243; _builder_version=&#8220;4.16&#8243; _module_preset=&#8220;default&#8220; global_colors_info=&#8220;{}&#8220;][et_pb_text _builder_version=&#8220;4.16&#8243; _module_preset=&#8220;default&#8220; text_font=&#8220;||||||||&#8220; text_font_size=&#8220;14px&#8220; text_letter_spacing=&#8220;0.4px&#8220; header_6_font=&#8220;|700||on|||||&#8220; header_6_line_height=&#8220;1.4em&#8220; global_colors_info=&#8220;{}&#8220;]<\/p>\n<h6>IN DEN GENANNTEN PREISEN IST FOLGENDES INBEGRIFFEN:<\/h6>\n<ul>\n<li>Kurtaxe,<\/li>\n<li>MwSt.<\/li>\n<li>Stellplatz,<\/li>\n<li>Strom,<\/li>\n<li>Zelt,<\/li>\n<li>Nutzung der Sanit\u00e4ranlagen.<\/li>\n<\/ul>\n<h6>SAISONRABATTE:<\/h6>\n<p><strong>Vom XX. bis zum 02.07.2022 (Abreisetag) und vom 03.09. bis zum 18.09.2022:<\/strong><\/p>\n<ul>\n<li style=\"list-style-type: none;\">\n<ul>\n<li style=\"list-style-type: none;\">\n<ul>\n<li>Aufenthalt von 7 N\u00e4chten = Preis f\u00fcr 6 N\u00e4chte<\/li>\n<li>Aufenthalt von 14 N\u00e4chten = Preis f\u00fcr 12 N\u00e4chte<\/li>\n<\/ul>\n<\/li>\n<\/ul>\n<\/li>\n<\/ul>\n<p>[\/et_pb_text][\/et_pb_column][\/et_pb_row][\/et_pb_section][et_pb_section fb_built=&#8220;1&#8243; admin_label=&#8220;Section: Galerija&#8220; _builder_version=&#8220;4.16&#8243; _module_preset=&#8220;default&#8220; background_color=&#8220;RGBA(255,255,255,0)&#8220; custom_padding=&#8220;50px|50px|50px|50px|true|true&#8220; collapsed=&#8220;on&#8220; global_colors_info=&#8220;{}&#8220;][et_pb_row use_custom_gutter=&#8220;on&#8220; gutter_width=&#8220;1&#8243; _builder_version=&#8220;4.16&#8243; _module_preset=&#8220;default&#8220; width=&#8220;100%&#8220; max_width=&#8220;100%&#8220; module_alignment=&#8220;center&#8220; custom_padding=&#8220;0px||0px||true|false&#8220; global_colors_info=&#8220;{}&#8220;][et_pb_column type=&#8220;4_4&#8243; _builder_version=&#8220;4.16&#8243; _module_preset=&#8220;default&#8220; global_colors_info=&#8220;{}&#8220;][et_pb_gallery gallery_ids=&#8220;10368,10372,10412,10424,10448&#8243; posts_number=&#8220;5&#8243; show_title_and_caption=&#8220;off&#8220; show_pagination=&#8220;off&#8220; zoom_icon_color=&#8220;gcid-465303d5-2687-4af5-b72e-44a8243ff2fe&#8220; hover_overlay_color=&#8220;gcid-5c4ab573-64e5-41ed-8c31-fb384b1e4658&#8243; hover_icon=&#8220;&#x54;||divi||400&#8243; _builder_version=&#8220;4.16&#8243; _module_preset=&#8220;default&#8220; child_mix_blend_mode=&#8220;multiply&#8220; custom_css_gallery_item=&#8220;width: 20% !important;||margin: 0 !important;||clear: none !important;&#8220; custom_css_gallery_item_title=&#8220;width: 20% !important;||margin: 0 !important;||clear: none !important;&#8220; border_width_all_image=&#8220;1px&#8220; border_color_all_image=&#8220;gcid-ea88d038-4ddb-4dbc-b07b-4bf60cb61781&#8243; global_colors_info=&#8220;{%22gcid-ea88d038-4ddb-4dbc-b07b-4bf60cb61781%22:%91%22border_color_all_image%22%93,%22gcid-5c4ab573-64e5-41ed-8c31-fb384b1e4658%22:%91%22hover_overlay_color%22%93,%22gcid-465303d5-2687-4af5-b72e-44a8243ff2fe%22:%91%22zoom_icon_color%22%93}&#8220;][\/et_pb_gallery][\/et_pb_column][\/et_pb_row][\/et_pb_section][et_pb_section fb_built=&#8220;1&#8243; admin_label=&#8220;Section: Recenzije&#8220; _builder_version=&#8220;4.16&#8243; _module_preset=&#8220;default&#8220; background_color=&#8220;gcid-41642ab2-c5f2-4464-83fa-3df07ebbaecd&#8220; background_image=&#8220;https:\/\/camp-zdovica.com\/wp-content\/uploads\/2022\/03\/recenzije-kamp-zdovica-valun-cres.webp&#8220; background_blend=&#8220;multiply&#8220; custom_margin=&#8220;|50px||50px|false|true&#8220; custom_margin_tablet=&#8220;|50px||50px|false|true&#8220; custom_margin_phone=&#8220;|0px||0px|false|true&#8220; custom_margin_last_edited=&#8220;on|phone&#8220; locked=&#8220;off&#8220; collapsed=&#8220;on&#8220; global_colors_info=&#8220;{%22gcid-41642ab2-c5f2-4464-83fa-3df07ebbaecd%22:%91%22background_color%22%93}&#8220;][et_pb_row _builder_version=&#8220;4.16&#8243; _module_preset=&#8220;default&#8220; global_colors_info=&#8220;{}&#8220;][et_pb_column type=&#8220;4_4&#8243; _builder_version=&#8220;4.16&#8243; _module_preset=&#8220;default&#8220; global_colors_info=&#8220;{}&#8220;][et_pb_text _builder_version=&#8220;4.16&#8243; _module_preset=&#8220;default&#8220; text_text_color=&#8220;gcid-ea88d038-4ddb-4dbc-b07b-4bf60cb61781&#8243; header_text_color=&#8220;gcid-ea88d038-4ddb-4dbc-b07b-4bf60cb61781&#8243; header_2_text_align=&#8220;center&#8220; header_2_text_color=&#8220;gcid-ea88d038-4ddb-4dbc-b07b-4bf60cb61781&#8243; header_5_text_align=&#8220;center&#8220; header_5_text_color=&#8220;gcid-ea88d038-4ddb-4dbc-b07b-4bf60cb61781&#8243; global_colors_info=&#8220;{%22gcid-ea88d038-4ddb-4dbc-b07b-4bf60cb61781%22:%91%22text_text_color%22,%22header_text_color%22,%22header_2_text_color%22,%22header_5_text_color%22%93}&#8220;]<\/p>\n<h2>Rezensionen<\/h2>\n<h5><span style=\"font-weight: 400;\">\u00dcber Uns \u2013 aus Sicht unserer G\u00e4ste<\/span><\/h5>\n<p>[\/et_pb_text][et_pb_slider _builder_version=&#8220;4.16&#8243; _module_preset=&#8220;default&#8220; body_font_size=&#8220;20px&#8220; body_line_height=&#8220;1.8em&#8220; background_color=&#8220;RGBA(255,255,255,0)&#8220; global_colors_info=&#8220;{}&#8220;][et_pb_slide _builder_version=&#8220;4.16&#8243; _module_preset=&#8220;default&#8220; global_colors_info=&#8220;{}&#8220; sticky_transition=&#8220;on&#8220;]<img loading=\"lazy\" decoding=\"async\" class=\"wp-image-17738 size-full aligncenter\" src=\"https:\/\/zdovice.moonsafari.design\/wp-content\/uploads\/2022\/03\/Recenzije-O-nama\u2013iz-perspektive-gostiju_stars-Kamp-Kovacine.png\" alt=\"\" width=\"142\" height=\"25\" \/><\/p>\n<p>War schon 3 mal dort und werde jetzt wieder kommen.<\/p>\n<p><span class=\"author_name\"><em>3LV 1N<\/em><\/span><br \/>\n<span class=\"author_position\">Deutschland<\/span>[\/et_pb_slide][et_pb_slide _builder_version=&#8220;4.16&#8243; _module_preset=&#8220;default&#8220; global_colors_info=&#8220;{}&#8220; sticky_transition=&#8220;on&#8220;]<img loading=\"lazy\" decoding=\"async\" class=\"wp-image-17738 size-full aligncenter\" src=\"https:\/\/zdovice.moonsafari.design\/wp-content\/uploads\/2022\/03\/Recenzije-O-nama\u2013iz-perspektive-gostiju_stars-Kamp-Kovacine.png\" alt=\"\" width=\"142\" height=\"25\" \/><\/p>\n<p>Eine der sch\u00f6nsten Buchten auf Cres. F\u00fcr diejenigen, die es ruhiger m\u00f6gen, ideal. Idealer Startpunkt f\u00fcr Expeditionen mit dem Kajak.<\/p>\n<p><span class=\"author_name\"><em>Arnold Quiring<\/em><\/span><br \/>\n<span class=\"author_position\">Deutschland<\/span>[\/et_pb_slide][et_pb_slide _builder_version=&#8220;4.16&#8243; _module_preset=&#8220;default&#8220; global_colors_info=&#8220;{}&#8220; sticky_transition=&#8220;on&#8220;]<img loading=\"lazy\" decoding=\"async\" class=\"wp-image-17738 size-full aligncenter\" src=\"https:\/\/zdovice.moonsafari.design\/wp-content\/uploads\/2022\/03\/Recenzije-O-nama\u2013iz-perspektive-gostiju_stars-Kamp-Kovacine.png\" alt=\"\" width=\"142\" height=\"25\" \/><\/p>\n<p>F\u00fcr Individualisten die Entspannung und Ruhe suchen<\/p>\n<p><span class=\"author_name\"><em>Manfred Jambrits<\/em><\/span><br \/>\n<span class=\"author_position\">Deutschland<\/span>[\/et_pb_slide][\/et_pb_slider][\/et_pb_column][\/et_pb_row][\/et_pb_section]<\/p>\n","protected":false},"excerpt":{"rendered":"<p>Stellpl\u00e4tze Unterkunft in unber\u00fchrter NaturWann haben Sie zuletzt innegehalten und den Rhythmus der Natur gesp\u00fcrt? Entfliehen Sie dem Alltag und beginnen Sie, Ihre Sinne zu leben. Camp Zdovica \u2013 klein aber ganz besonders \u2013 wird Ihr Refugium und inspirierendes Ambiente sein. Der Campingplatz Zdovica liegt in der N\u00e4he des malerischen Fischerdorfes Valun, ca. 15 km von der Stadt Cres entfernt. In einer idyllischen Bucht am Strand, direkt am Meer gelegen, verf\u00fcgt es \u00fcber Stellpl\u00e4tze f\u00fcr ca. 250 Personen. F\u00fcr einen aktiven Urlaub stehen Sportm\u00f6glichkeiten wie ein Beachvolleyballplatz, Boccia-Bahn und Basketballpl\u00e4tze zur Verf\u00fcgung und f\u00fcr die Unterhaltung unserer Kleinsten haben wir einen Kinderspielplatz zur Verf\u00fcgung gestellt. In Valun finden Sie alles Notwendige im Dorfladen. Wir empfehlen Ihnen w\u00e4rmstens einen Besuch in einem der vielen Restaurants, um die Insel Cres aus gastronomischer Sicht kennenzulernen. F\u00fcr ein authentisches Naturerlebnis ist das Campen nur in Zelten erlaubt und der Campingplatz ist nicht mit Auto, Motorrad oder Wohnwagen zu erreichen. Fahrzeuge werden auf dem nahegelegenen Parkplatz abgestellt (laut Sonderpreisliste des Parkplatzkonzession\u00e4rs) und das Gep\u00e4ck wird per Handkarren zum Camp gebracht. Besuchen Sie den Campingplatz und w\u00e4hlen Sie den Stellplatz aus, auf dem Sie \u00fcbernachten m\u00f6chten \u2013 lassen Sie sich von der Energie der Natur leiten. [&hellip;]<\/p>\n","protected":false},"author":1,"featured_media":0,"parent":0,"menu_order":0,"comment_status":"closed","ping_status":"closed","template":"","meta":{"_et_pb_use_builder":"on","_et_pb_old_content":"","_et_gb_content_width":"","footnotes":""},"class_list":["post-10616","page","type-page","status-publish","hentry"],"_links":{"self":[{"href":"https:\/\/camp-zdovica.com\/de\/wp-json\/wp\/v2\/pages\/10616","targetHints":{"allow":["GET"]}}],"collection":[{"href":"https:\/\/camp-zdovica.com\/de\/wp-json\/wp\/v2\/pages"}],"about":[{"href":"https:\/\/camp-zdovica.com\/de\/wp-json\/wp\/v2\/types\/page"}],"author":[{"embeddable":true,"href":"https:\/\/camp-zdovica.com\/de\/wp-json\/wp\/v2\/users\/1"}],"replies":[{"embeddable":true,"href":"https:\/\/camp-zdovica.com\/de\/wp-json\/wp\/v2\/comments?post=10616"}],"version-history":[{"count":0,"href":"https:\/\/camp-zdovica.com\/de\/wp-json\/wp\/v2\/pages\/10616\/revisions"}],"wp:attachment":[{"href":"https:\/\/camp-zdovica.com\/de\/wp-json\/wp\/v2\/media?parent=10616"}],"curies":[{"name":"wp","href":"https:\/\/api.w.org\/{rel}","templated":true}]}}