{"id":10592,"date":"2022-03-09T08:21:46","date_gmt":"2022-03-09T08:21:46","guid":{"rendered":"https:\/\/camp-zdovica.com\/datenschutzerklaerung\/"},"modified":"2022-04-13T14:47:31","modified_gmt":"2022-04-13T14:47:31","slug":"datenschutzerklaerung","status":"publish","type":"page","link":"https:\/\/camp-zdovica.com\/de\/datenschutzerklaerung\/","title":{"rendered":"Datenschutzerkl\u00e4rung"},"content":{"rendered":"<p>[et_pb_section fb_built=&#8220;1&#8243; admin_label=&#8220;Hero image&#8220; _builder_version=&#8220;4.15.1&#8243; _module_preset=&#8220;default&#8220; background_color=&#8220;gcid-41642ab2-c5f2-4464-83fa-3df07ebbaecd&#8220; background_image=&#8220;https:\/\/camp-zdovica.com\/wp-content\/uploads\/2022\/03\/opci-uvjeti-poslovanja-kamp-zdovica-valun-cres.webp&#8220; background_position=&#8220;top_center&#8220; background_blend=&#8220;multiply&#8220; min_height=&#8220;400px&#8220; min_height_tablet=&#8220;400px&#8220; min_height_phone=&#8220;400px&#8220; min_height_last_edited=&#8220;on|phone&#8220; height_tablet=&#8220;&#8220; height_phone=&#8220;600px&#8220; height_last_edited=&#8220;on|phone&#8220; top_divider_color=&#8220;#e02b20&#8243; bottom_divider_style=&#8220;waves2&#8243; bottom_divider_color=&#8220;#f6f6f3&#8243; bottom_divider_style_tablet=&#8220;waves2&#8243; bottom_divider_style_phone=&#8220;wave2&#8243; bottom_divider_style_last_edited=&#8220;on|phone&#8220; bottom_divider_height_tablet=&#8220;&#8220; bottom_divider_height_phone=&#8220;50px&#8220; bottom_divider_height_last_edited=&#8220;on|phone&#8220; collapsed=&#8220;on&#8220; global_colors_info=&#8220;{%22gcid-41642ab2-c5f2-4464-83fa-3df07ebbaecd%22:%91%22background_color%22%93}&#8220;][\/et_pb_section][et_pb_section fb_built=&#8220;1&#8243; admin_label=&#8220;GDPR&#8220; _builder_version=&#8220;4.15&#8243; _module_preset=&#8220;default&#8220; background_color=&#8220;rgba(0,0,0,0)&#8220; custom_margin=&#8220;-200px||50px||false|false&#8220; custom_margin_tablet=&#8220;-200px||50px||false|false&#8220; custom_margin_phone=&#8220;-300px||50px||false|false&#8220; custom_margin_last_edited=&#8220;on|phone&#8220; custom_padding=&#8220;0px||0px||false|false&#8220; collapsed=&#8220;off&#8220; global_colors_info=&#8220;{}&#8220;][et_pb_row admin_label=&#8220;Naslov &#8220; _builder_version=&#8220;4.15&#8243; _module_preset=&#8220;default&#8220; width_tablet=&#8220;&#8220; width_phone=&#8220;90%&#8220; width_last_edited=&#8220;on|phone&#8220; custom_padding=&#8220;0px|4vw||4vw|false|false&#8220; collapsed=&#8220;off&#8220; global_colors_info=&#8220;{}&#8220;][et_pb_column type=&#8220;4_4&#8243; _builder_version=&#8220;4.15&#8243; _module_preset=&#8220;default&#8220; global_colors_info=&#8220;{}&#8220;][et_pb_text _builder_version=&#8220;4.15&#8243; _module_preset=&#8220;default&#8220; text_line_height=&#8220;1.5em&#8220; header_font=&#8220;|300|||||||&#8220; header_text_align=&#8220;left&#8220; header_text_color=&#8220;#f6f6f3&#8243; header_font_size=&#8220;3.5em&#8220; header_6_font=&#8220;|||on|||||&#8220; header_6_line_height=&#8220;2em&#8220; background_layout=&#8220;dark&#8220; custom_margin=&#8220;||||false|false&#8220; header_font_size_tablet=&#8220;3.5em&#8220; header_font_size_phone=&#8220;4em&#8220; header_font_size_last_edited=&#8220;on|phone&#8220; header_letter_spacing_tablet=&#8220;&#8220; header_letter_spacing_phone=&#8220;-1px&#8220; header_letter_spacing_last_edited=&#8220;on|phone&#8220; header_line_height_tablet=&#8220;&#8220; header_line_height_phone=&#8220;1em&#8220; header_line_height_last_edited=&#8220;on|phone&#8220; locked=&#8220;off&#8220; global_colors_info=&#8220;{}&#8220;]<\/p>\n<h1>Datenschutzerkl\u00e4rung<\/h1>\n<p>[\/et_pb_text][\/et_pb_column][\/et_pb_row][et_pb_row column_structure=&#8220;3_4,1_4&#8243; use_custom_gutter=&#8220;on&#8220; gutter_width=&#8220;1&#8243; custom_padding_last_edited=&#8220;on|phone&#8220; admin_label=&#8220;Opis&#8220; _builder_version=&#8220;4.15.1&#8243; _module_preset=&#8220;default&#8220; background_color=&#8220;gcid-ea88d038-4ddb-4dbc-b07b-4bf60cb61781&#8243; z_index=&#8220;99&#8243; width_tablet=&#8220;&#8220; width_phone=&#8220;90%&#8220; width_last_edited=&#8220;on|phone&#8220; custom_margin=&#8220;||||false|false&#8220; custom_padding=&#8220;50px|50px|50px|50px|true|true&#8220; custom_padding_tablet=&#8220;50px|50px|50px|50px|true|true&#8220; custom_padding_phone=&#8220;25px|25px|25px|25px|true|true&#8220; box_shadow_style=&#8220;preset1&#8243; box_shadow_vertical=&#8220;-25px&#8220; box_shadow_spread=&#8220;-10px&#8220; collapsed=&#8220;off&#8220; global_colors_info=&#8220;{%22gcid-ea88d038-4ddb-4dbc-b07b-4bf60cb61781%22:%91%22background_color%22%93}&#8220;][et_pb_column type=&#8220;3_4&#8243; _builder_version=&#8220;4.15&#8243; _module_preset=&#8220;default&#8220; global_colors_info=&#8220;{}&#8220;][et_pb_text _builder_version=&#8220;4.15.1&#8243; _module_preset=&#8220;2c04acf4-4adf-4a45-9f69-bbd229c49307&#8243; text_letter_spacing=&#8220;0.03em&#8220; hover_enabled=&#8220;0&#8243; global_colors_info=&#8220;{}&#8220; sticky_enabled=&#8220;0&#8243;]<\/p>\n<h5>Datenschutzbestimmungen auf der Website<\/h5>\n<p>Wir weisen darauf hin, dass beim Besuch unserer Website alle Ihre personenbezogenen Daten vertraulich bleiben, es sei denn, Sie m\u00f6chten diese freiwillig offenlegen. Wir erheben nur diejenigen personenbezogenen Daten, die Sie uns freiwillig und nur zu den in diesen Datenschutzbestimmungen genannten Zwecken zur Verf\u00fcgung stellen. Bei der Erhebung personenbezogener Daten verpflichten wir uns, die Bestimmungen positiver Vorschriften zum Schutz personenbezogener Daten einzuhalten.<\/p>\n<p>Die vorliegenden Datenschutzbestimmungen beschreiben, welche Arten von Daten und zu welchen Zwecken verarbeitet werden sowie Ihre Rechte im Zusammenhang dieser Verarbeitung. Bitte lesen Sie diese Bestimmungen sorgf\u00e4ltig, bevor Sie die Website weiter nutzen. Wenn Sie mit den Bestimmungen nicht einverstanden sind, verwenden Sie die Website bitte nicht.<\/p>\n<p>&nbsp;<\/p>\n<h5>Von uns verarbeitete personenbezogene Daten<\/h5>\n<p><strong>\u201cPersonenbezogene Daten\u201d<\/strong> sind alle Daten, die sich auf eine identifizierte oder identifizierbare nat\u00fcrliche Person (im Folgenden <strong>\u201cbetroffene Person\u201d<\/strong>) beziehen.<\/p>\n<p>Wir erheben personenbezogene Daten gem\u00e4\u00df den geltenden Vorschriften, um Ihnen z.B. \u00c4nderungen und Neuigkeiten per E-Mail zu senden, Ihre Teilnahme an Gewinnspielen und Umfragen zu erm\u00f6glichen, Ver\u00f6ffentlichungen, Brosch\u00fcren und anderes Werbematerial zu senden oder auf Ihre Fragen, Anmerkungen und Kommentare zu Antworten.<\/p>\n<p>Wir verarbeiten Ihre personenbezogenen Daten nur mit Ihrer Einwilligung. In bestimmten F\u00e4llen ist die Erhebung Ihrer personenbezogenen Daten f\u00fcr die Abwicklung des Vertrags zwischen Ihnen und Cresanka d.d. erforderlich, beispielsweise beim Kauf von Produkten\/Dienstleistungen in unserem Webshop.<\/p>\n<p>Wir verarbeiten folgende Kategorien personenbezogener Daten:<\/p>\n<ol>\n<li>Kontakt- und Identifizierungsdaten, die f\u00fcr die Bestellung von Produkten\/Dienstleistungen im Webshop erforderlich sind;<\/li>\n<li>Daten \u00fcber den Kauf im Webshop, z.B. gekaufte Produkte\/Dienstleistungen, Rechnungsbetrag, gew\u00e4hlte Zahlungsart, Kaufh\u00e4ufigkeit;<\/li>\n<li>Daten \u00fcber die Benutzerinteraktion mit der Website, die durch die Verwendung von Cookies gesammelt werden.<\/li>\n<\/ol>\n<p>Wir erheben und verwenden keine personenbezogenen Daten von Minderj\u00e4hrigen (im Rahmen des Zumutbaren, wenn f\u00fcr uns das Alter des Nutzers erkennbar ist), au\u00dfer mit ausdr\u00fccklicher Zustimmung der Eltern oder Erziehungsberechtigten. Wenn Sie minderj\u00e4hrig sind, senden Sie uns bitte keine personenbezogenen Daten (Vor- und Nachname, Adresse, Telefonnummer, E-Mail oder andere Daten, die zu Ihrer Identifizierung f\u00fchren k\u00f6nnen), da wir die Bearbeitung einer solchen Kommunikation ablehnen m\u00fcssen. Kommt es dennoch auf Wunsch eines Minderj\u00e4hrigen zu einer Kontaktaufnahme, wird die Cresanka d.d. im Falle der Zustellung personenbezogener Daten durch eine minderj\u00e4hrige Person jegliche Anfragen materieller oder immaterieller Art, die sich aus der Bearbeitung einer solchen Kontaktabsicht ergeben, ausdr\u00fccklich ablehnen.<\/p>\n<p>&nbsp;<\/p>\n<h5>Zweck der Verarbeitung personenbezogener Daten<\/h5>\n<p>Die Cresanka d.d. verarbeitet personenbezogene Daten zu folgenden Zwecken:<\/p>\n<ol>\n<li>Abwicklung von Bestellungen im Webshop;<\/li>\n<li>\u00dcbermittlung kommerzieller Mitteilungen per E-Mail, Mobiltelefon oder Post (im Rahmen Ihrer Zustimmung);<\/li>\n<li>Teilnahme an Umfragen, Frageb\u00f6gen und Wettbewerben, die von Cresanka d.d. organisiert werden;<\/li>\n<li>Beantwortung von Fragen, die Sie uns stellen, oder Antwort auf Ihre Ratschl\u00e4ge, Kommentare, Einw\u00e4nde usw.;<\/li>\n<li>Erstellung verschiedener Berichte\/Statistiken zur Nutzung der Website und der angebotenen Dienste;<\/li>\n<li>Beilegung aller Streitigkeiten oder Beschwerden im Zusammenhang mit oder aus den Aktivit\u00e4ten der Cresanka d.d.<\/li>\n<\/ol>\n<p>&nbsp;<\/p>\n<h5>Daten\u00fcbermittlung an Dritte<\/h5>\n<p>Wir verkaufen, \u00fcbermitteln oder geben die Informationen, die wir auf unseren Websites sammeln, nicht an Dritte au\u00dferhalb der Cresanka d.d. ohne Ihre Einwilligung, au\u00dfer (1) in den gesetzlich vorgeschriebenen F\u00e4llen und wenn dies zur Erf\u00fcllung unserer rechtlichen Verpflichtungen erforderlich ist, (2) in F\u00e4llen, in denen dies zum Schutz Ihres Lebens oder Ihrer k\u00f6rperlichen Unversehrtheit erforderlich ist und Sie Ihre Einwilligung zur Verarbeitung personenbezogener Daten nicht geben k\u00f6nnen, (3) in F\u00e4llen, in denen dies zur Erf\u00fcllung von im \u00f6ffentlichen Interesse liegenden Aufgaben erforderlich ist, (4) in F\u00e4llen, in denen Sie diese Daten selbst ver\u00f6ffentlicht haben, und (5) in F\u00e4llen, in denen dies zur Wahrung unserer berechtigten Interessen erforderlich ist. Wir speichern Ihre personenbezogenen Daten nur so lange, wie es zur Erreichung der vorgenannten Verarbeitungszwecke erforderlich ist. Die Cresanka d.d. kann einige oder alle Ihre personenbezogenen Daten wie folgt an folgende Empf\u00e4nger \u00fcbermitteln:<\/p>\n<ol>\n<li>Personen, die befugt sind, personenbezogene Daten im Namen und auf Rechnung der Cresanka d.d. zu verarbeiten oder Mitarbeitern, die f\u00fcr die Bereitstellung und Wartung der \u00fcber diese Webseite bereitgestellten Dienste erforderlich sind (z.B. Dienstleister zur Erstellung und Wartung der Webseiten, Mitarbeiter oder Dienstleister, die Ihre Fragen am besten beantworten k\u00f6nnen usw.).<\/li>\n<li>An den oder die Rechtsnachfolger bei Status\u00e4nderungen aufgrund von Spaltung, Verschmelzung, Umstrukturierung oder sonstigem Kontroll\u00fcbergang im Unternehmen.<\/li>\n<li>An andere Empf\u00e4nger, denen Cresanka d.d. berechtigt oder verpflichtet ist, personenbezogene Daten nat\u00fcrlicher Personen auf Grundlage der geltenden Vorschriften offenzulegen.<\/li>\n<\/ol>\n<p>&nbsp;<\/p>\n<h5>Sicherheit bei Kreditkartenzahlung<\/h5>\n<p>Die Cresanka d.d. verpflichtet sich, h\u00f6chste Sicherheitsstandards anzuwenden, um Kundeninteressen zu sch\u00fctzen und einen m\u00f6glichen Missbrauch von Informationen zu verhindern. Im Webshop verf\u00fcgbare Produkte\/Dienstleistungen werden \u00fcber die von T-Com angebotene Online-Zahlungsl\u00f6sung f\u00fcr Kartenzahlung PayWay verkauft. Die Vertraulichkeit Ihrer Daten wird durch die Verwendung der SSL-Verschl\u00fcsselung gesch\u00fctzt und gew\u00e4hrleistet. Webseiten f\u00fcr Onlinezahlung sind mit dem Secure Socket Layer (SSL) Protokoll mit 128-Bit-Datenverschl\u00fcsselung gesichert. Die SSL-Verschl\u00fcsselung ist ein Prozess der Datenverschl\u00fcsselung, um unbefugten Zugriff w\u00e4hrend der Daten\u00fcbertragung zu verhindern. Dies erm\u00f6glicht die sichere \u00dcbertragung von Informationen und verhindert den unbefugten Zugriff auf Daten w\u00e4hrend der Kommunikation zwischen dem Computer des Benutzers und dem T-Com-Dienst und umgekehrt. PayWay-Dienste und Finanzinstitute (Kartenunternehmen) tauschen Daten \u00fcber ein vor unbefugtem Zugriff gesch\u00fctztes virtuelles privates Netzwerk (VPN) aus. Kreditkartennummern werden nicht gespeichert und sind f\u00fcr Unbefugte nicht zug\u00e4nglich. Die Cresanka d.d. kann nicht f\u00fcr Missbr\u00e4uche haftbar gemacht werden, die nicht nachweisbar auf einen Ausfall der technischen Sicherheit des Webshop-Systems oder auf Fehler der Mitarbeiter von Cresanka d.d. zur\u00fcckzuf\u00fchren sind.<\/p>\n<p>&nbsp;<\/p>\n<h5>E-Mail-Nachrichten<\/h5>\n<p>Wenn Sie uns eine E-Mail (Frage, Kommentar, Beschwerde, Rat u.\u00c4. per E-Mail oder Kontaktformular auf der Website) mit personenbezogenen Daten, die Ihre Identifikation erm\u00f6glichen, senden, werden wir diese Daten nutzen, um Ihre Forderung zu erf\u00fcllen. Wir k\u00f6nnen Ihre E-Mail sowie die Nachricht\/Anfrage, die Sie uns gesendet haben, an andere Mitarbeiter senden, die Ihre Frage am besten beantworten k\u00f6nnen. Alle Mitarbeiter der Cresanka d.d. sind f\u00fcr die Einhaltung der Datenschutzbestimmungen verantwortlich.<\/p>\n<p>&nbsp;<\/p>\n<h5>Umfragen, Frageb\u00f6gen und Wettbewerbe<\/h5>\n<p>Auf unserer Website ver\u00f6ffentlichen wir gelegentlich Umfragen und Frageb\u00f6gen. Die so erhobenen Daten werden ausschlie\u00dflich f\u00fcr die Bed\u00fcrfnisse der Cresanka d.d. verwendet.<\/p>\n<p>&nbsp;<\/p>\n<h5>Cookie-Regeln<\/h5>\n<p>Diese Website verwendet Cookies. Cookies sind kleine Textdateien, die von einem Webserver generiert und \u00fcber einen Webbrowser auf dem Ger\u00e4t eines Benutzers gespeichert werden, um dem Benutzer Dienste und Inhalte von h\u00f6chster Qualit\u00e4t bereitzustellen. Sie speichern bestimmte Informationen (z.B. bevorzugte Sprach- oder Webseiteneinstellungen, Kontoregistrierungsstatus usw.), die Ihr Browser wiedergeben kann, wenn Sie auf die Website zur\u00fcckkehren (abh\u00e4ngig von der Dauer des Cookies). Bestimmte Cookies sind notwendig, damit die Nutzung dieser Website und ihrer grundlegenden Dienste und Funktionen m\u00f6glich bleibt. Cookie-Informationen helfen uns zu verstehen, wie unsere Benutzer die Website nutzen, um die Qualit\u00e4t der Inhalte f\u00fcr die Benutzer und das Surferlebnis zu verbessern. Zu den optionalen Cookies geh\u00f6ren Google Analytics-Cookies (Cookies, die den Verkehr verfolgen und die Webseitenleistung analysieren, die uns als Statistiken ohne personenbezogene Daten einzelner Benutzer zur Verf\u00fcgung stehen) und Social-Media-Cookies, die es dem Benutzer erm\u00f6glichen, bestimmte Inhalte \u00fcber sein eigenes Social-Media-Konto zu teilen. Durch das weitere Surfen auf der Website akzeptieren Sie die Verwendung von Cookies. Der Benutzer best\u00e4tigt mit der Nutzung dieser Website, dass er jederzeit die Nutzungsbedingungen, einschlie\u00dflich der Bestimmungen zur Verarbeitung und zum Schutz personenbezogener Daten und der M\u00f6glichkeiten im Zusammenhang mit Cookies, kennt und akzeptiert.<\/p>\n<p>&nbsp;<\/p>\n<h5>Rechte der betroffenen Person<\/h5>\n<p>Die Zustimmung zur Verarbeitung personenbezogener Daten ist nicht zwingend erforderlich, aber die Verweigerung der Zustimmung zur Datenverarbeitung wie oben beschrieben kann den Benutzer daran hindern, alle oder einen Teil der auf der Website angebotenen Inhalte zu nutzen oder Informationen \u00fcber Produkte\/Dienstleistungen im Angebot der Cresanka d.d. zu erhalten. Durch die \u00dcbermittlung personenbezogener Daten an Cresanka d.d. verzichtet die betroffene Person nicht auf die Rechte, die ihr laut positiven Vorschriften der Republik Kroatien zum Schutz personenbezogener Daten zustehen, insbesondere das Recht, die Berichtigung oder L\u00f6schung eigener personenbezogener Daten zu verlangen, wenn diese unvollst\u00e4ndig, unrichtig oder veraltet sind oder ihre Verarbeitung nicht den positiven Vorschriften der Republik Kroatien entspricht. Soweit die Verarbeitung Ihrer personenbezogenen Daten ausschlie\u00dflich auf Grundlage Ihrer Einwilligung erfolgt, haben Sie eine Reihe von Rechten, darunter:<\/p>\n<p><strong>a) Recht auf Zugang: <\/strong>Nutzer, deren Daten verarbeitet werden, haben das Recht, Auskunft \u00fcber den Verarbeitungszweck, Kategorien personenbezogener Daten, Empf\u00e4nger der Daten und Speicherdauer der Daten zu erhalten sowie sonstige Rechte.<br \/><strong>b) Recht auf Berichtigung der Daten: <\/strong>Nutzer haben das Recht, die \u00c4nderung unrichtiger personenbezogener Daten oder die Erg\u00e4nzung unvollst\u00e4ndiger Daten zu verlangen.<br \/><strong>c) Recht auf L\u00f6schung: <\/strong>Unter bestimmten Umst\u00e4nden haben die Nutzer das Recht, die L\u00f6schung Ihrer personenbezogenen Daten zu verlangen.<br \/><strong>d) Recht auf Widerruf der Einwilligung: <\/strong>Nutzer haben das Recht, die zuvor erteilte Einwilligung zur Verarbeitung personenbezogener Daten jederzeit zu widerrufen.<br \/><strong>e) Beschwerderecht bei der Aufsichtsbeh\u00f6rde: <\/strong>Wenn Sie der Ansicht sind, dass Ihre Rechte verletzt wurden, haben Sie das Recht, eine Beschwerde bei der Agentur f\u00fcr den Schutz personenbezogener Daten (AZOP) einzureichen.<\/p>\n<p>Je nach Antrag des Nutzers\/der betroffenen Person, verpflichtet sich die Cresanka:<\/p>\n<ol>\n<li>Dem Nutzer zu best\u00e4tigen, ob personenbezogene Daten dieses Nutzers\/der betroffenen Person verarbeitet werden;<\/li>\n<li>Die personenbezogenen Daten des Nutzers\/der betroffenen Person unentgeltlich und unverz\u00fcglich zu berichtigen oder zu l\u00f6schen;<\/li>\n<li>Die Verarbeitung personenbezogener Daten des Nutzers\/der betroffenen Person einzuschr\u00e4nken oder einzustellen.<\/li>\n<\/ol>\n<p>[\/et_pb_text][\/et_pb_column][et_pb_column type=&#8220;1_4&#8243; _builder_version=&#8220;4.15&#8243; _module_preset=&#8220;default&#8220; global_colors_info=&#8220;{}&#8220;][\/et_pb_column][\/et_pb_row][\/et_pb_section]<\/p>\n","protected":false},"excerpt":{"rendered":"<p>Datenschutzerkl\u00e4rungDatenschutzbestimmungen auf der Website Wir weisen darauf hin, dass beim Besuch unserer Website alle Ihre personenbezogenen Daten vertraulich bleiben, es sei denn, Sie m\u00f6chten diese freiwillig offenlegen. Wir erheben nur diejenigen personenbezogenen Daten, die Sie uns freiwillig und nur zu den in diesen Datenschutzbestimmungen genannten Zwecken zur Verf\u00fcgung stellen. Bei der Erhebung personenbezogener Daten verpflichten wir uns, die Bestimmungen positiver Vorschriften zum Schutz personenbezogener Daten einzuhalten. Die vorliegenden Datenschutzbestimmungen beschreiben, welche Arten von Daten und zu welchen Zwecken verarbeitet werden sowie Ihre Rechte im Zusammenhang dieser Verarbeitung. Bitte lesen Sie diese Bestimmungen sorgf\u00e4ltig, bevor Sie die Website weiter nutzen. Wenn Sie mit den Bestimmungen nicht einverstanden sind, verwenden Sie die Website bitte nicht. &nbsp; Von uns verarbeitete personenbezogene Daten \u201cPersonenbezogene Daten\u201d sind alle Daten, die sich auf eine identifizierte oder identifizierbare nat\u00fcrliche Person (im Folgenden \u201cbetroffene Person\u201d) beziehen. Wir erheben personenbezogene Daten gem\u00e4\u00df den geltenden Vorschriften, um Ihnen z.B. \u00c4nderungen und Neuigkeiten per E-Mail zu senden, Ihre Teilnahme an Gewinnspielen und Umfragen zu erm\u00f6glichen, Ver\u00f6ffentlichungen, Brosch\u00fcren und anderes Werbematerial zu senden oder auf Ihre Fragen, Anmerkungen und Kommentare zu Antworten. Wir verarbeiten Ihre personenbezogenen Daten nur mit Ihrer Einwilligung. In bestimmten F\u00e4llen ist die Erhebung Ihrer personenbezogenen Daten f\u00fcr die [&hellip;]<\/p>\n","protected":false},"author":1,"featured_media":0,"parent":0,"menu_order":0,"comment_status":"closed","ping_status":"open","template":"","meta":{"_et_pb_use_builder":"on","_et_pb_old_content":"","_et_gb_content_width":"","footnotes":""},"class_list":["post-10592","page","type-page","status-publish","hentry"],"_links":{"self":[{"href":"https:\/\/camp-zdovica.com\/de\/wp-json\/wp\/v2\/pages\/10592","targetHints":{"allow":["GET"]}}],"collection":[{"href":"https:\/\/camp-zdovica.com\/de\/wp-json\/wp\/v2\/pages"}],"about":[{"href":"https:\/\/camp-zdovica.com\/de\/wp-json\/wp\/v2\/types\/page"}],"author":[{"embeddable":true,"href":"https:\/\/camp-zdovica.com\/de\/wp-json\/wp\/v2\/users\/1"}],"replies":[{"embeddable":true,"href":"https:\/\/camp-zdovica.com\/de\/wp-json\/wp\/v2\/comments?post=10592"}],"version-history":[{"count":0,"href":"https:\/\/camp-zdovica.com\/de\/wp-json\/wp\/v2\/pages\/10592\/revisions"}],"wp:attachment":[{"href":"https:\/\/camp-zdovica.com\/de\/wp-json\/wp\/v2\/media?parent=10592"}],"curies":[{"name":"wp","href":"https:\/\/api.w.org\/{rel}","templated":true}]}}